{"id":3227,"date":"2020-06-29T19:43:02","date_gmt":"2020-06-29T19:43:02","guid":{"rendered":"http:\/\/dogsofklaipeda.com\/?page_id=3227"},"modified":"2024-01-07T10:47:50","modified_gmt":"2024-01-07T10:47:50","slug":"dogs-of-klaipeda","status":"publish","type":"page","link":"https:\/\/dogsofklaipeda.com\/","title":{"rendered":"Dogs of Klaip\u0117da"},"content":{"rendered":"\t\t<div data-elementor-type=\"wp-page\" data-elementor-id=\"3227\" class=\"elementor elementor-3227\">\n\t\t\t\t\t\t<section class=\"elementor-section elementor-top-section elementor-element elementor-element-4d10471 elementor-section-boxed elementor-section-height-default elementor-section-height-default\" data-id=\"4d10471\" data-element_type=\"section\">\n\t\t\t\t\t\t<div class=\"elementor-container elementor-column-gap-default\">\n\t\t\t\t\t<div class=\"elementor-column elementor-col-100 elementor-top-column elementor-element elementor-element-b9df630\" data-id=\"b9df630\" data-element_type=\"column\">\n\t\t\t<div class=\"elementor-widget-wrap elementor-element-populated\">\n\t\t\t\t\t\t<div class=\"elementor-element elementor-element-b329e6d elementor-widget elementor-widget-text-editor\" data-id=\"b329e6d\" data-element_type=\"widget\" data-widget_type=\"text-editor.default\">\n\t\t\t\t<div class=\"elementor-widget-container\">\n\t\t\t\t\t\t\t\t\t<p>Dogs of Klaip\u0117da yra dres\u016bros mokykla, kurioje \u0161eimininkai ir \u0161unys ne tik mokosi bendro paklusnumo, keliauja \u012f miest\u0105 ar susitinka sal\u0117je, ta\u010diau ir stiprina tarpusavio ry\u0161\u012f. Gyvenimas su \u0161unimi yra nuostabus nuotykis, tad gera i\u0161naudoti laik\u0105 kartu produktyviai, tobul\u0117jant, mokantis suprasti savo keturkoj\u012f draug\u0105 ir dalinantis su juo smagiomis akimirkomis!<\/p><p>Apie trener\u0119:<\/p><p>A\u0161 esu Lauryna, Dogs of Klaip\u0117da \u012fk\u016br\u0117ja ir LKD dresuotoja. Man labai malonu, kad u\u017esukote pas mane \u012f virtualius namus! Tikriausiai kiekvienas treneris pasakyt\u0173, kad labai myli \u0161unis, tad a\u0161 tikrai ne i\u0161imtis! Ta\u010diau mes visi esame skirtingi, tod\u0117l noriu papasakoti apie save daugiau, kad artimiau mane pa\u017eintum\u0117te!<\/p><p>A\u0161, tikriausiai ir visi kiti treneriai, pasakyt\u0173, kad \u0161unis myli nuo vaikyst\u0117s. Nuo vaiki\u0161kos meil\u0117s ir susidom\u0117jimo nu\u0117jau ilg\u0105 keli\u0105 iki to, kas esu \u0161iandien.<\/p><p>S\u0105moninga kelion\u0117 dresuotojos profesijos link prasid\u0117jo savanoriaujant prieglaudoje \u201cLinksmosios p\u0117dut\u0117s\u201d. Nor\u0117jau \u012fgyti kuo daugiau \u017eini\u0173 apie \u0161unis, j\u0173 elges\u012f, kaip galiu jiems pad\u0117ti, tuo pa\u010diu suteikdama reikaling\u0105 p\u0105galb\u0105 prieglaudoje ir prad\u017eiugindama ten esan\u010dius \u0161unis savo d\u0117mesiu ir pasivaik\u0161\u010diojimais. Prieglaudoje savanoriauju iki \u0161iol ir bent dal\u012f laiko stengiuosi skirti \u0161iam darbui.<\/p><p>Jau trejus metus su manimi gyvena lygiaplauk\u0117 retriver\u0117 Runa. Jai atsiradus prad\u0117jau itin daug laiko skirti dres\u016brai, mokymuisi i\u0161 kit\u0173 treneri\u0173, dalyvavau seminaruose, kad sukaup\u010diau kuo daugiau \u017eini\u0173. Tuo metu taip pat prad\u0117jau atsistentauti LKD \u0161un\u0173 elgesnos specialistei ir trenerei Gr\u0117tei Krutovienei ir tai dariau daugiau nei du metus. \u012egytos \u017einios ir patirtis dirbant kartu stipriai mane formavo kaip trener\u0119. Esu labai laiminga, kad gal\u0117jau dirbti ir b\u016bti tokioje stiprioje komandoje.<\/p><p>Kaip \u0161un\u0173 dresuotoja, \u017eini\u0173 apie \u0161unis ir j\u0173 mokym\u0105 turiu daug, ta\u010diau m\u0117gstamiausios mano temos yra ma\u017e\u0173 \u0161uniuk\u0173 socializacija. \u012e \u0161i\u0105 tem\u0105 gilinuosi ypatingai daug, nes socializacijos laikotarpis \u0161uniukui be galo svarbus, tad ir m\u016bs\u0173 \u017einios apie \u0161\u012f period\u0105 turi b\u016bti stiprios. Tai, k\u0105 \u0161uo patirs socializacijos laiku, tur\u0117s \u012ftakos jo elgesyje, kai jis bus suaug\u0119s, tod\u0117l labai d\u017eiaugiuosi \u0161eimininkais, kai jie ateina pas mane vos \u012fsigyj\u0119 \u0161unel\u012f.<\/p><p>Be socializacijos taip pat vedu grupines bendro paklusnumo treniruotes pradedantiesiems ir pa\u017eengusiems. Organizuoju ir grupines treniruotes mieste. Itin m\u0117gstu \u017eygius, kuri\u0173 metu \u0161unys keliauja kartu su \u0161eimininku ir mokosi, kad galima eiti kartu su kitais \u0161unimis ir neb\u016btina lakstyti ir \u017eaisiti su jais, o kaip tik ka\u017ek\u0105 smagaus veikti su \u0161eimininku.<\/p><p>Su savo \u0161unimi \u0161iuo metu ruo\u0161iuom\u0117s BH egzaminui, o taip pat labai mylim Rally Obedience sport\u0105. Rengiame Rally-O treniruotes ir dalyvaujame var\u017eybose. A\u0161 asmeni\u0161kai labai m\u0117gstu ir frisbee sport\u0105, ta\u010diau l\u0117k\u0161t\u0117s gaudymas Runai \u2013 tik ypatingomis progomis.<\/p><p>Labai laukiu susipa\u017einti su jumis ir j\u016bs\u0173 \u0161uniukais pamokose ar \u017eygiuose!<\/p>\t\t\t\t\t\t\t\t<\/div>\n\t\t\t\t<\/div>\n\t\t\t\t\t<\/div>\n\t\t<\/div>\n\t\t\t\t\t<\/div>\n\t\t<\/section>\n\t\t\t\t<section class=\"elementor-section elementor-top-section elementor-element elementor-element-1506521 elementor-section-boxed elementor-section-height-default elementor-section-height-default\" data-id=\"1506521\" data-element_type=\"section\">\n\t\t\t\t\t\t<div class=\"elementor-container elementor-column-gap-default\">\n\t\t\t\t\t<div class=\"elementor-column elementor-col-100 elementor-top-column elementor-element elementor-element-9f63311\" data-id=\"9f63311\" data-element_type=\"column\">\n\t\t\t<div class=\"elementor-widget-wrap elementor-element-populated\">\n\t\t\t\t\t\t<div class=\"elementor-element elementor-element-07ad3ad elementor-widget elementor-widget-image\" data-id=\"07ad3ad\" data-element_type=\"widget\" data-widget_type=\"image.default\">\n\t\t\t\t<div class=\"elementor-widget-container\">\n\t\t\t\t\t\t\t\t\t\t\t\t\t\t\t<img fetchpriority=\"high\" decoding=\"async\" width=\"684\" height=\"1024\" src=\"https:\/\/dogsofklaipeda.com\/wp-content\/uploads\/2020\/12\/DSC_3618-684x1024.jpg\" class=\"attachment-large size-large wp-image-3803\" alt=\"\" srcset=\"https:\/\/dogsofklaipeda.com\/wp-content\/uploads\/2020\/12\/DSC_3618-684x1024.jpg 684w, https:\/\/dogsofklaipeda.com\/wp-content\/uploads\/2020\/12\/DSC_3618-200x300.jpg 200w, https:\/\/dogsofklaipeda.com\/wp-content\/uploads\/2020\/12\/DSC_3618-768x1150.jpg 768w, https:\/\/dogsofklaipeda.com\/wp-content\/uploads\/2020\/12\/DSC_3618-1025x1536.jpg 1025w, https:\/\/dogsofklaipeda.com\/wp-content\/uploads\/2020\/12\/DSC_3618-1367x2048.jpg 1367w, https:\/\/dogsofklaipeda.com\/wp-content\/uploads\/2020\/12\/DSC_3618-1600x2397.jpg 1600w, https:\/\/dogsofklaipeda.com\/wp-content\/uploads\/2020\/12\/DSC_3618-600x899.jpg 600w, https:\/\/dogsofklaipeda.com\/wp-content\/uploads\/2020\/12\/DSC_3618-scaled.jpg 1709w\" sizes=\"(max-width: 684px) 100vw, 684px\" \/>\t\t\t\t\t\t\t\t\t\t\t\t\t\t\t<\/div>\n\t\t\t\t<\/div>\n\t\t\t\t<div class=\"elementor-element elementor-element-d183a0b elementor-shape-rounded elementor-grid-0 e-grid-align-center elementor-widget elementor-widget-social-icons\" data-id=\"d183a0b\" data-element_type=\"widget\" data-widget_type=\"social-icons.default\">\n\t\t\t\t<div class=\"elementor-widget-container\">\n\t\t\t\t\t\t\t<div class=\"elementor-social-icons-wrapper elementor-grid\" role=\"list\">\n\t\t\t\t\t\t\t<span class=\"elementor-grid-item\" role=\"listitem\">\n\t\t\t\t\t<a class=\"elementor-icon elementor-social-icon elementor-social-icon-facebook elementor-repeater-item-7cb8730\" href=\"https:\/\/www.facebook.com\/dogsofklaipeda\/\" target=\"_blank\">\n\t\t\t\t\t\t<span class=\"elementor-screen-only\">Facebook<\/span>\n\t\t\t\t\t\t<i class=\"fab fa-facebook\"><\/i>\t\t\t\t\t<\/a>\n\t\t\t\t<\/span>\n\t\t\t\t\t\t\t<span class=\"elementor-grid-item\" role=\"listitem\">\n\t\t\t\t\t<a class=\"elementor-icon elementor-social-icon elementor-social-icon-instagram elementor-repeater-item-e2f066c\" href=\"https:\/\/www.instagram.com\/dogs_of_klaipeda\/\" target=\"_blank\">\n\t\t\t\t\t\t<span class=\"elementor-screen-only\">Instagram<\/span>\n\t\t\t\t\t\t<i class=\"fab fa-instagram\"><\/i>\t\t\t\t\t<\/a>\n\t\t\t\t<\/span>\n\t\t\t\t\t<\/div>\n\t\t\t\t\t\t<\/div>\n\t\t\t\t<\/div>\n\t\t\t\t\t<\/div>\n\t\t<\/div>\n\t\t\t\t\t<\/div>\n\t\t<\/section>\n\t\t\t\t<\/div>\n\t\t","protected":false},"excerpt":{"rendered":"<p>Dogs of Klaip\u0117da yra dres\u016bros mokykla, kurioje \u0161eimininkai ir \u0161unys ne tik mokosi bendro paklusnumo, keliauja \u012f miest\u0105 ar susitinka&hellip;<\/p>\n","protected":false},"author":1,"featured_media":7235,"parent":0,"menu_order":0,"comment_status":"closed","ping_status":"closed","template":"elementor_header_footer","meta":{"footnotes":""},"class_list":["post-3227","page","type-page","status-publish","has-post-thumbnail","hentry"],"_links":{"self":[{"href":"https:\/\/dogsofklaipeda.com\/index.php\/wp-json\/wp\/v2\/pages\/3227","targetHints":{"allow":["GET"]}}],"collection":[{"href":"https:\/\/dogsofklaipeda.com\/index.php\/wp-json\/wp\/v2\/pages"}],"about":[{"href":"https:\/\/dogsofklaipeda.com\/index.php\/wp-json\/wp\/v2\/types\/page"}],"author":[{"embeddable":true,"href":"https:\/\/dogsofklaipeda.com\/index.php\/wp-json\/wp\/v2\/users\/1"}],"replies":[{"embeddable":true,"href":"https:\/\/dogsofklaipeda.com\/index.php\/wp-json\/wp\/v2\/comments?post=3227"}],"version-history":[{"count":0,"href":"https:\/\/dogsofklaipeda.com\/index.php\/wp-json\/wp\/v2\/pages\/3227\/revisions"}],"wp:featuredmedia":[{"embeddable":true,"href":"https:\/\/dogsofklaipeda.com\/index.php\/wp-json\/wp\/v2\/media\/7235"}],"wp:attachment":[{"href":"https:\/\/dogsofklaipeda.com\/index.php\/wp-json\/wp\/v2\/media?parent=3227"}],"curies":[{"name":"wp","href":"https:\/\/api.w.org\/{rel}","templated":true}]}}