{"id":3282,"date":"2020-08-13T08:38:04","date_gmt":"2020-08-13T08:38:04","guid":{"rendered":"https:\/\/dogsofklaipeda.com\/index.php\/my-account\/"},"modified":"2020-12-21T10:33:28","modified_gmt":"2020-12-21T10:33:28","slug":"my-account","status":"publish","type":"page","link":"https:\/\/dogsofklaipeda.com\/index.php\/my-account\/","title":{"rendered":"Mano paskyra"},"content":{"rendered":"<p>Labas, duok leten\u0105! Smagu, kad v\u0117l prisijungei!<\/p><figure class=\"wp-block-image size-large\"><img decoding=\"async\" src=\"blob:https:\/\/dogsofklaipeda.com\/73d9e2b8-d3d9-4734-a992-e11dd75478a8\" alt=\"\"\/><\/figure><div class=\"woocommerce\"><div class=\"woocommerce-notices-wrapper\"><\/div>\n\n<div class=\"u-columns col2-set\" id=\"customer_login\">\n\n\t<div class=\"u-column1 col-1\">\n\n\n\t\t<h2>Prisijungti<\/h2>\n\n\t\t<form class=\"woocommerce-form woocommerce-form-login login\" method=\"post\">\n\n\t\t\t\n\t\t\t<p class=\"woocommerce-form-row woocommerce-form-row--wide form-row form-row-wide\">\n\t\t\t\t<label for=\"username\">Vartotojo vardas arba el.pa\u0161to adresas&nbsp;<span class=\"required\" aria-hidden=\"true\">*<\/span><span class=\"screen-reader-text\">Privalomas<\/span><\/label>\n\t\t\t\t<input type=\"text\" class=\"woocommerce-Input woocommerce-Input--text input-text\" name=\"username\" id=\"username\" autocomplete=\"username\" value=\"\" required aria-required=\"true\" \/>\t\t\t<\/p>\n\t\t\t<p class=\"woocommerce-form-row woocommerce-form-row--wide form-row form-row-wide\">\n\t\t\t\t<label for=\"password\">Slapta\u017eodis&nbsp;<span class=\"required\" aria-hidden=\"true\">*<\/span><span class=\"screen-reader-text\">Privalomas<\/span><\/label>\n\t\t\t\t<input class=\"woocommerce-Input woocommerce-Input--text input-text\" type=\"password\" name=\"password\" id=\"password\" autocomplete=\"current-password\" required aria-required=\"true\" \/>\n\t\t\t<\/p>\n\n\t\t\t\n\t\t\t<p class=\"form-row\">\n\t\t\t\t<label class=\"woocommerce-form__label woocommerce-form__label-for-checkbox woocommerce-form-login__rememberme\">\n\t\t\t\t\t<input class=\"woocommerce-form__input woocommerce-form__input-checkbox\" name=\"rememberme\" type=\"checkbox\" id=\"rememberme\" value=\"forever\" \/> <span>Prisiminti mane<\/span>\n\t\t\t\t<\/label>\n\t\t\t\t<input type=\"hidden\" id=\"woocommerce-login-nonce\" name=\"woocommerce-login-nonce\" value=\"7ff5b4c94c\" \/><input type=\"hidden\" name=\"_wp_http_referer\" value=\"\/index.php\/wp-json\/wp\/v2\/pages\/3282\" \/>\t\t\t\t<button type=\"submit\" class=\"woocommerce-button button woocommerce-form-login__submit\" name=\"login\" value=\"Prisijungti\">Prisijungti<\/button>\n\t\t\t<\/p>\n\t\t\t<p class=\"woocommerce-LostPassword lost_password\">\n\t\t\t\t<a href=\"https:\/\/dogsofklaipeda.com\/index.php\/my-account\/lost-password\/\">Praradote savo slapta\u017eod\u012f?<\/a>\n\t\t\t<\/p>\n\n\t\t\t\n\t\t<\/form>\n\n\n\t<\/div>\n\n\t<div class=\"u-column2 col-2\">\n\n\t\t<h2>Registruotis<\/h2>\n\n\t\t<form method=\"post\" class=\"woocommerce-form woocommerce-form-register register\"  >\n\n\t\t\t\n\t\t\t\n\t\t\t<p class=\"woocommerce-form-row woocommerce-form-row--wide form-row form-row-wide\">\n\t\t\t\t<label for=\"reg_email\">El.pa\u0161tas&nbsp;<span class=\"required\" aria-hidden=\"true\">*<\/span><span class=\"screen-reader-text\">Privalomas<\/span><\/label>\n\t\t\t\t<input type=\"email\" class=\"woocommerce-Input woocommerce-Input--text input-text\" name=\"email\" id=\"reg_email\" autocomplete=\"email\" value=\"\" required aria-required=\"true\" \/>\t\t\t<\/p>\n\n\t\t\t\n\t\t\t\t<p class=\"woocommerce-form-row woocommerce-form-row--wide form-row form-row-wide\">\n\t\t\t\t\t<label for=\"reg_password\">Slapta\u017eodis&nbsp;<span class=\"required\" aria-hidden=\"true\">*<\/span><span class=\"screen-reader-text\">Privalomas<\/span><\/label>\n\t\t\t\t\t<input type=\"password\" class=\"woocommerce-Input woocommerce-Input--text input-text\" name=\"password\" id=\"reg_password\" autocomplete=\"new-password\" required aria-required=\"true\" \/>\n\t\t\t\t<\/p>\n\n\t\t\t\n\t\t\t<wc-order-attribution-inputs><\/wc-order-attribution-inputs><div class=\"woocommerce-privacy-policy-text\"><p>J\u016bs\u0173 asmeniniai duomenys bus tvarkomi ir naudojami u\u017esakymo apdorojimui, valdant prieig\u0105 prie J\u016bs\u0173 paskyros bei siekiant pagerinti j\u016bs\u0173 naudojimosi \u0161iuo puslapiu patirt\u012f bei kitais tikslais, kurie yra apra\u0161yti m\u016bs\u0173 <a href=\"https:\/\/dogsofklaipeda.com\/index.php\/privatumo-politika\/\" class=\"woocommerce-privacy-policy-link\" target=\"_blank\">privatumo politikoje<\/a>.<\/p>\n<\/div>\n\t\t\t<p class=\"woocommerce-form-row form-row\">\n\t\t\t\t<input type=\"hidden\" id=\"woocommerce-register-nonce\" name=\"woocommerce-register-nonce\" value=\"bff5054041\" \/><input type=\"hidden\" name=\"_wp_http_referer\" value=\"\/index.php\/wp-json\/wp\/v2\/pages\/3282\" \/>\t\t\t\t<button type=\"submit\" class=\"woocommerce-Button woocommerce-button button woocommerce-form-register__submit\" name=\"register\" value=\"Registruotis\">Registruotis<\/button>\n\t\t\t<\/p>\n\n\t\t\t\n\t\t<\/form>\n\n\t<\/div>\n\n<\/div>\n\n<\/div>","protected":false},"excerpt":{"rendered":"<p>Labas, duok leten\u0105! Smagu, kad v\u0117l prisijungei!<\/p>\n","protected":false},"author":1,"featured_media":3791,"parent":0,"menu_order":0,"comment_status":"closed","ping_status":"closed","template":"","meta":{"footnotes":""},"class_list":["post-3282","page","type-page","status-publish","has-post-thumbnail","hentry"],"_links":{"self":[{"href":"https:\/\/dogsofklaipeda.com\/index.php\/wp-json\/wp\/v2\/pages\/3282","targetHints":{"allow":["GET"]}}],"collection":[{"href":"https:\/\/dogsofklaipeda.com\/index.php\/wp-json\/wp\/v2\/pages"}],"about":[{"href":"https:\/\/dogsofklaipeda.com\/index.php\/wp-json\/wp\/v2\/types\/page"}],"author":[{"embeddable":true,"href":"https:\/\/dogsofklaipeda.com\/index.php\/wp-json\/wp\/v2\/users\/1"}],"replies":[{"embeddable":true,"href":"https:\/\/dogsofklaipeda.com\/index.php\/wp-json\/wp\/v2\/comments?post=3282"}],"version-history":[{"count":0,"href":"https:\/\/dogsofklaipeda.com\/index.php\/wp-json\/wp\/v2\/pages\/3282\/revisions"}],"wp:featuredmedia":[{"embeddable":true,"href":"https:\/\/dogsofklaipeda.com\/index.php\/wp-json\/wp\/v2\/media\/3791"}],"wp:attachment":[{"href":"https:\/\/dogsofklaipeda.com\/index.php\/wp-json\/wp\/v2\/media?parent=3282"}],"curies":[{"name":"wp","href":"https:\/\/api.w.org\/{rel}","templated":true}]}}