{"id":3364,"date":"2020-11-13T11:12:48","date_gmt":"2020-11-13T11:12:48","guid":{"rendered":"http:\/\/dogsofklaipeda.com\/?page_id=3364"},"modified":"2025-11-11T12:57:41","modified_gmt":"2025-11-11T12:57:41","slug":"kontaktai","status":"publish","type":"page","link":"https:\/\/dogsofklaipeda.com\/index.php\/kontaktai\/","title":{"rendered":"Kontaktai"},"content":{"rendered":"<p><strong>M\u016bs\u0173 kontaktai<\/strong><\/p>\n<p>MB &#8220;Klaip\u0117dos \u0161unys&#8221;<\/p>\n<p>\u012emon\u0117s kodas: 305599012<\/p>\n<p>Adresas korespondencijai: \u0104\u017euol\u0173 g. 11-1, LT-92206 Klaip\u0117da<\/p>\n<p>El. pa\u0161tas: klaipedossunys@gmail.com<\/p>\n<p><strong>Su mumis galite taip pat susisiekti naudojant \u017eemiau pateikt\u0105 form\u0105<\/strong><\/p><div class=\"wpforms-container wpforms-block wpforms-block-e9178dd2-43be-41e2-bae7-7c1ca86f3faa\" id=\"wpforms-3589\"><form id=\"wpforms-form-3589\" class=\"wpforms-validate wpforms-form\" data-formid=\"3589\" method=\"post\" enctype=\"multipart\/form-data\" action=\"\/index.php\/wp-json\/wp\/v2\/pages\/3364\" data-token=\"2101cf8972eb78268f2fe8169d8424f2\" data-token-time=\"1777210958\"><noscript class=\"wpforms-error-noscript\">Please enable JavaScript in your browser to complete this form.<\/noscript><div class=\"wpforms-field-container\"><div id=\"wpforms-3589-field_0-container\" class=\"wpforms-field wpforms-field-name\" data-field-id=\"0\"><label class=\"wpforms-field-label\" for=\"wpforms-3589-field_0\">Vardas ir pavard\u0117 <span class=\"wpforms-required-label\">*<\/span><\/label><div class=\"wpforms-field-row wpforms-field-medium\"><div class=\"wpforms-field-row-block wpforms-first wpforms-one-half\"><input type=\"text\" id=\"wpforms-3589-field_0\" class=\"wpforms-field-name-first wpforms-field-required\" name=\"wpforms[fields][0][first]\" required><label for=\"wpforms-3589-field_0\" class=\"wpforms-field-sublabel after wpforms-sublabel-hide\">First<\/label><\/div><div class=\"wpforms-field-row-block wpforms-one-half\"><input type=\"text\" id=\"wpforms-3589-field_0-last\" class=\"wpforms-field-name-last wpforms-field-required\" name=\"wpforms[fields][0][last]\" required><label for=\"wpforms-3589-field_0-last\" class=\"wpforms-field-sublabel after wpforms-sublabel-hide\">Last<\/label><\/div><\/div><\/div><div id=\"wpforms-3589-field_1-container\" class=\"wpforms-field wpforms-field-email\" data-field-id=\"1\"><label class=\"wpforms-field-label\" for=\"wpforms-3589-field_1\">Elekrtoninio pa\u0161to adresas <span class=\"wpforms-required-label\">*<\/span><\/label><input type=\"email\" id=\"wpforms-3589-field_1\" class=\"wpforms-field-medium wpforms-field-required\" name=\"wpforms[fields][1]\" spellcheck=\"false\" required><\/div><div id=\"wpforms-3589-field_2-container\" class=\"wpforms-field wpforms-field-textarea\" data-field-id=\"2\"><label class=\"wpforms-field-label\" for=\"wpforms-3589-field_2\">\u017dinut\u0117 <span class=\"wpforms-required-label\">*<\/span><\/label><textarea id=\"wpforms-3589-field_2\" class=\"wpforms-field-medium wpforms-field-required\" name=\"wpforms[fields][2]\" required><\/textarea><\/div><\/div><!-- .wpforms-field-container --><div class=\"wpforms-field wpforms-field-hp\"><label for=\"wpforms-3589-field-hp\" class=\"wpforms-field-label\">Name<\/label><input type=\"text\" name=\"wpforms[hp]\" id=\"wpforms-3589-field-hp\" class=\"wpforms-field-medium\"><\/div><div class=\"wpforms-submit-container\" ><input type=\"hidden\" name=\"wpforms[id]\" value=\"3589\"><input type=\"hidden\" name=\"page_title\" value=\"\"><input type=\"hidden\" name=\"page_url\" value=\"https:\/\/dogsofklaipeda.com\/index.php\/wp-json\/wp\/v2\/pages\/3364\"><input type=\"hidden\" name=\"url_referer\" value=\"\"><button type=\"submit\" name=\"wpforms[submit]\" id=\"wpforms-submit-3589\" class=\"wpforms-submit\" data-alt-text=\"Siun\u010diama\" data-submit-text=\"Si\u0173sti\" aria-live=\"assertive\" value=\"wpforms-submit\">Si\u0173sti<\/button><\/div><\/form><\/div>  <!-- .wpforms-container -->","protected":false},"excerpt":{"rendered":"<p>M\u016bs\u0173 kontaktai MB &#8220;Klaip\u0117dos \u0161unys&#8221; \u012emon\u0117s kodas: 305599012 Adresas korespondencijai: \u0104\u017euol\u0173 g. 11-1, LT-92206 Klaip\u0117da El. pa\u0161tas: klaipedossunys@gmail.com Su mumis&hellip;<\/p>\n","protected":false},"author":1,"featured_media":0,"parent":0,"menu_order":0,"comment_status":"closed","ping_status":"closed","template":"","meta":{"footnotes":""},"class_list":["post-3364","page","type-page","status-publish","hentry"],"_links":{"self":[{"href":"https:\/\/dogsofklaipeda.com\/index.php\/wp-json\/wp\/v2\/pages\/3364","targetHints":{"allow":["GET"]}}],"collection":[{"href":"https:\/\/dogsofklaipeda.com\/index.php\/wp-json\/wp\/v2\/pages"}],"about":[{"href":"https:\/\/dogsofklaipeda.com\/index.php\/wp-json\/wp\/v2\/types\/page"}],"author":[{"embeddable":true,"href":"https:\/\/dogsofklaipeda.com\/index.php\/wp-json\/wp\/v2\/users\/1"}],"replies":[{"embeddable":true,"href":"https:\/\/dogsofklaipeda.com\/index.php\/wp-json\/wp\/v2\/comments?post=3364"}],"version-history":[{"count":1,"href":"https:\/\/dogsofklaipeda.com\/index.php\/wp-json\/wp\/v2\/pages\/3364\/revisions"}],"predecessor-version":[{"id":7629,"href":"https:\/\/dogsofklaipeda.com\/index.php\/wp-json\/wp\/v2\/pages\/3364\/revisions\/7629"}],"wp:attachment":[{"href":"https:\/\/dogsofklaipeda.com\/index.php\/wp-json\/wp\/v2\/media?parent=3364"}],"curies":[{"name":"wp","href":"https:\/\/api.w.org\/{rel}","templated":true}]}}