{"id":3365,"date":"2020-11-13T11:12:48","date_gmt":"2020-11-13T11:12:48","guid":{"rendered":"http:\/\/dogsofklaipeda.com\/?page_id=3365"},"modified":"2020-12-29T16:58:45","modified_gmt":"2020-12-29T16:58:45","slug":"privatumo-politika","status":"publish","type":"page","link":"https:\/\/dogsofklaipeda.com\/index.php\/privatumo-politika\/","title":{"rendered":"Privatumo politika"},"content":{"rendered":"<p><b>Privatumo<\/b><strong> politika<\/strong><\/p>\n<p>dogsofklaipeda.com svetain\u0117s administracija \u012fsipareigoja saugoti J\u016bs\u0173 konfidencialum\u0105 internete. J\u016bs\u0173 pateikt\u0173 duomen\u0173 saugumas mums yra labai reik\u0161mingas. M\u016bs\u0173 konfidencialumo reglamentas yra pagr\u012fstas Bendrojo Europos S\u0105jungos asmenini\u0173 duomen\u0173 apsaugos reglamento (BDAR) reikalavimais. Asmenini\u0173 duomen\u0173 rinkimo tikslas: m\u016bs\u0173 svetain\u0117s veiklos gerinimas, susisiekimas su \u0161ios svetain\u0117s lankytojais, naujien\u0173 i\u0161siuntimas elektroniniu pa\u0161tu, naudotoj\u0173 duomen\u0173 apdorojamas, skirtas interneto paslaugai \u2013 prekyba, naudotojo u\u017eklaustos informacijos teikimas, paslaug\u0173, susijusi\u0173 su interneto puslapio veikla, teikimas, taip pat \u017eemiau i\u0161vardintiems veiksmams.<\/p>\n<p><strong>Asmenini\u0173 duomen\u0173 rinkimas ir j\u0173 panaudojimas<\/strong><\/p>\n<p>Mes renkame ir panaudojame J\u016bs\u0173 asmeninius duomenys tik Jums savanori\u0161kai sutikus. J\u016bs sutinkate su tuo, kad mes renkame ir i\u0161saugome \u010dia i\u0161vardintus duomenis: vardas ir pavard\u0117, elektroninio pa\u0161to adresas, telefono numeris, nam\u0173 adresas, banko kortel\u0117s duomenys, elektronini\u0173 pinigini\u0173 identifikatoriai. J\u016bs\u0173 duomen\u0173 rinkimas ir i\u0161saugojimas yra vykdomas pagal \u012fstatymus, veikian\u010dius Europos S\u0105jungos bei Lietuva teritorijoje.<\/p>\n<p><strong>Duomen\u0173 i\u0161saugojimas, keitimas ir panaikinimas<\/strong><\/p>\n<p>Vartotojas, pateikiantis svetainei dogsofklaipeda.com savo asmeninius duomenis, turi teis\u0119 asmeninius duomenis keisti, trinti bei at\u0161aukti leidim\u0105 jais naudotis. J\u016bs\u0173 asmenini\u0173 duomen\u0173 i\u0161saugojimo trukm\u0117 pagrindinei puslapio veiklai vykdyti, reikaling\u0173 duomen\u0173 naudojimo trukm\u0117. U\u017ebaigus J\u016bs\u0173 duomen\u0173 naudojim\u0105, svetain\u0117s administracija panaikina \u0161iuos duomenis. Norint gauti prieig\u0105 prie J\u016bs\u0173 duomen\u0173, J\u016bs galite susisiekti su svetain\u0117s administracija: <strong>info@dogsofklaipeda.com.<\/strong> J\u016bs\u0173 asmenini\u0173 duomen\u0173 perdavimas tre\u010diai \u0161aliai gali b\u016bti atliktas tik esant J\u016bs\u0173 savanori\u0161kam sutikimui, mes negalime keisti J\u016bs\u0173 duomen\u0173, jeigu jie buvo perduoti su mumis nesusijusioms organizacijoms.<\/p>\n<p><strong>Technini\u0173 duomen\u0173 panaudojimas svetain\u0117s lankymo metu<\/strong><\/p>\n<p>Svetain\u0117s dogsofklaipeda.com lankymo metu, duomen\u0173 baz\u0117je i\u0161saugomi u\u017era\u0161ai apie J\u016bs\u0173 IP adres\u0105, lankymo laik\u0105, J\u016bs\u0173 nar\u0161ykl\u0117s nustatymus, operacin\u0119 sistem\u0105, bei kit\u0105, reikaling\u0105 teisingam svetain\u0117s turinio pateikimui informacij\u0105. Pagal i\u0161vardintus duomenis ne\u012fmanoma atskleisti lankytojo tapatyb\u0117s.<\/p>\n<p><b>Informacijos suteikimas vaikams<\/b><\/p>\n<p>Jeigu J\u016bs\u0173 vaikas arba globotinis be J\u016bs\u0173 leidimo suteik\u0117 mums savo asmeninius duomenys, susisiekite su mumis: <strong>info@dogsofklaipeda.com<\/strong><strong>.<\/strong> Nepilname\u010di\u0173 asmenini\u0173 duomen\u0173 i\u0161saugojimas be t\u0117v\u0173 arba glob\u0117j\u0173 leidimo, m\u016bs\u0173 svetain\u0117je yra draud\u017eiamas.<\/p>\n<p><strong>Slapuk\u0173 naudojimas<\/strong><\/p>\n<p>Teisingam m\u016bs\u0173 svetain\u0117s dogsofklaipeda.com turinio pateikimui, mes naudojam slapukus (cookies). Slapukai padeda svetainei i\u0161saugoti kalb\u0105, kuri\u0105 J\u016bs naudojot\u0117s nar\u0161ymo metu, per\u017ei\u016br\u0117tus puslapius, \u0161i informacija bus naudinga, sekan\u010dio svetain\u0117je apsilankymo metu. Slapuk\u0173 d\u0117ka, svetain\u0117s per\u017ei\u016bra tampa \u017eymiai patogesn\u0117. I\u0161samiau apie slapukus J\u016bs galite paskaityti \u010dia. Slapuk\u0173 naudojimas gali b\u016bti savaranki\u0161kai nustatytas nar\u0161ykl\u0117je. Nesugeb\u0117jimas priimti slapukus gali apriboti svetain\u0117s na\u0161um\u0105.<\/p>\n<p><strong>Asmenini\u0173 duomen\u0173 naudojimas kitomis priemon\u0117mis<\/strong><\/p>\n<p>M\u016bs\u0173 svetain\u0117je yra naudojamos papildomos internetin\u0117s priemon\u0117s, kurios vykdo nepriklausom\u0105 nuo m\u016bs\u0173 duomen\u0173 rinkim\u0105.<\/p>\n<p>Tomis priemon\u0117mis surinkta informacija gali b\u016bti perduota \u0161i\u0173 organizacij\u0173 vidin\u0117ms tarnyboms ir tokiu b\u016bdu gali b\u016bti panaudota nuosavo reklaminio tinklo reklamos personifikacijai. \u0160i\u0173 organizacij\u0173 naudotoj\u0173 susitarimus J\u016bs galite perskaityti j\u0173 svetain\u0117se. Ten pat galite atsisakyti nuo asmenini\u0173 duomen\u0173 rinkimo i\u0161vardintomis priemon\u0117mis, Google Analytics blokatori\u0173 rasite \u010dia. Mes neperduodam asmenini\u0173 duomen\u0173 kitom organizacijom arba tarnybom, nenurodytoms \u0161iame konfidencialumo reglamente. \u012e\u0161imt\u012f sudaro tik duomen\u0173 perdavimas valstybin\u0117m organizacijom, joms pareikalavus ir \u012fgaliotoms vykdyti tokius veiksmus.<\/p>\n<p><strong>Nuorodos \u012f kitas svetaines<\/strong><\/p>\n<p>M\u016bs\u0173 dogsofklaipeda.com svetain\u0117je gali b\u016bti rastos nuorodos \u012f kitas, m\u016bs\u0173 nevaldomas, svetaines. Mes nesame atsakingi u\u017e j\u0173 turin\u012f. Mes rekomenduojame susipa\u017einti su kiekvienos J\u016bs\u0173 lankomos svetain\u0117s pateiktu konfidencialumo reglamentu.<\/p>\n<p><strong>Konfidencialumo reglamento poky\u010diai<\/strong><\/p>\n<p>M\u016bs\u0173 svetain\u0117s dogsofklaipeda.com konfidencialumo reglamentas gali keistis. \u0160iuo atveju mes prane\u0161ame apie poky\u010dius, patalpinus nauj\u0105 konfidencialumo reglament\u0105 \u0161iame puslapyje. Mes atid\u017eiai sekame visus poky\u010dius teis\u0117s aktuose, kurie yra susij\u0119 su asmenini\u0173 duomen\u0173 saugojimu Europos S\u0105jungoje ir Lietuvos valstyb\u0117je. Jeigu J\u016bs\u0173 asmeniniai duomenys yra i\u0161saugoti m\u016bs\u0173 svetain\u0117je, mes prane\u0161im Jums apie konfidencialumo reglamento poky\u010dius. Jeigu J\u016bs\u0173 duomenys buvo \u012fvesti neteisingai, mes negal\u0117sime su Jumis susisiekti.<\/p>\n<p><b>Apmok\u0117jimas<\/b><\/p>\n<p>Elektronin\u0117je parduotuv\u0117je apmok\u0117jimai apdorojami naudojantis <a href=\"https:\/\/makecommerce.lt\/\">Make.Commerce.lt<\/a> platforma, kurios valdytojas Maksekeskus AS (Niine 11, Talinas 10414, Estija, reg. nr.: 12268475), tod\u0117l J\u016bs\u0173 asmenin\u0117 informacija, reikalinga mok\u0117jimo \u012fvykdymui ir patvirtinimui, bus perduodama Maksekeskus AS.<\/p>\n<p><strong style=\"font-size: 1.125rem;\">Atsiliepimai, baigiamosios nuostatos<\/strong><\/p>\n<p>Konfidencialumo reglamento klausimais J\u016bs galite susisiekti su svetain\u0117s dogsofklaipeda.com administracija:<\/p>\n<p><strong> MB Klaip\u0117dos \u0161unys <\/strong><\/p>\n<p><strong>Europos pr. 34-47<\/strong><\/p>\n<p><strong> LT-46370 Kaunas<\/strong><\/p>\n<p>arba elektroniniu pa\u0161tu<strong>: info@dogsofklaipeda.com<\/strong><\/p>\n<p>arba u\u017epild\u017eius kontaktams skirt\u0105 langel\u012f, nurodyt\u0105 atitinkamame svetain\u0117s puslapyje. Jeigu J\u016bs nesutinkate su \u0161iuo konfidencialumo reglamentu, J\u016bs negalite naudotis svetain\u0117s dogsofklaipeda.com suteiktom paslaugom. \u0160iuo atveju, J\u016bs turite susilaikyti nuo apsilankymo\u00a0 m\u016bs\u0173 svetain\u0117je.<\/p>\n","protected":false},"excerpt":{"rendered":"<p>Privatumo politika dogsofklaipeda.com svetain\u0117s administracija \u012fsipareigoja saugoti J\u016bs\u0173 konfidencialum\u0105 internete. J\u016bs\u0173 pateikt\u0173 duomen\u0173 saugumas mums yra labai reik\u0161mingas. M\u016bs\u0173 konfidencialumo&hellip;<\/p>\n","protected":false},"author":1,"featured_media":0,"parent":0,"menu_order":0,"comment_status":"closed","ping_status":"closed","template":"","meta":{"footnotes":""},"class_list":["post-3365","page","type-page","status-publish","hentry"],"_links":{"self":[{"href":"https:\/\/dogsofklaipeda.com\/index.php\/wp-json\/wp\/v2\/pages\/3365","targetHints":{"allow":["GET"]}}],"collection":[{"href":"https:\/\/dogsofklaipeda.com\/index.php\/wp-json\/wp\/v2\/pages"}],"about":[{"href":"https:\/\/dogsofklaipeda.com\/index.php\/wp-json\/wp\/v2\/types\/page"}],"author":[{"embeddable":true,"href":"https:\/\/dogsofklaipeda.com\/index.php\/wp-json\/wp\/v2\/users\/1"}],"replies":[{"embeddable":true,"href":"https:\/\/dogsofklaipeda.com\/index.php\/wp-json\/wp\/v2\/comments?post=3365"}],"version-history":[{"count":0,"href":"https:\/\/dogsofklaipeda.com\/index.php\/wp-json\/wp\/v2\/pages\/3365\/revisions"}],"wp:attachment":[{"href":"https:\/\/dogsofklaipeda.com\/index.php\/wp-json\/wp\/v2\/media?parent=3365"}],"curies":[{"name":"wp","href":"https:\/\/api.w.org\/{rel}","templated":true}]}}