{"id":3366,"date":"2020-11-13T11:12:48","date_gmt":"2020-11-13T11:12:48","guid":{"rendered":"http:\/\/dogsofklaipeda.com\/?page_id=3366"},"modified":"2020-12-07T14:03:58","modified_gmt":"2020-12-07T14:03:58","slug":"pirkimo-taisykles","status":"publish","type":"page","link":"https:\/\/dogsofklaipeda.com\/index.php\/pirkimo-taisykles\/","title":{"rendered":"Pirkimo taisykl\u0117s"},"content":{"rendered":"<p><strong>Bendrosios nuostatos.<\/strong><\/p><p>1.1. \u0160ios preki\u0173 pirkimo \u2013 pardavimo taisykl\u0117s (toliau \u201eTaisykl\u0117s\u201c) yra \u0161alims privalomas teisinis dokumentas, kuriame nustatomos Pirk\u0117jo ir Pardav\u0117jo teis\u0117s bei pareigos, preki\u0173 \u012fsigijimo bei apmok\u0117jimo u\u017e jas s\u0105lygos, preki\u0173 pristatymo ir gr\u0105\u017einimo tvarka, \u0161ali\u0173 atsakomyb\u0117 bei kitos su preki\u0173 pirkimu \u2013 pardavimu internetin\u0117je parduotuv\u0117je www.dogsofklaipeda.com susijusios nuostatos.<\/p><p>1.2. Pirkti internetin\u0117je parduotuv\u0117je&nbsp;www.dogsofklaipeda.com&nbsp;gali visi juridiniai ir fiziniai asmenys sulauk\u0119 pilnametyst\u0117s, kuri\u0173 veiksnumas n\u0117ra apribotas teismo tvarka bei nepilname\u010diai nuo 14 iki 18 met\u0173 am\u017eiaus, turintys t\u0117v\u0173 arba glob\u0117j\u0173 sutikim\u0105, i\u0161skyrus tuos atvejus, kai jie savaranki\u0161kai disponuoja savo pajamomis.<\/p><p>1.3. Pirk\u0117jas, pateikdamas u\u017esakym\u0105 patvirtina, kad sutinka su apra\u0161ytomis preki\u0173 pirkimo taisykl\u0117mis ir pagal 1. 2. punkt\u0105 turi teis\u0119 pirkti prekes el. parduotuv\u0117je.<\/p><p>1.4. Sutartis tarp Pirk\u0117jo ir Pardav\u0117jo laikoma sudaryta nuo to momento, kai Pirk\u0117jas el. parduotuv\u0117je suformav\u0119s preki\u0173 krep\u0161el\u012f, nurod\u0119s pristatymo adres\u0105 (Omnivos pa\u0161tomat\u0105) ir susipa\u017ein\u0119s su Pardav\u0117jo taisykl\u0117mis, paspaud\u017eia mygtuk\u0105 \u201eApmok\u0117ti\u201c.<\/p><p>1.5. Pirk\u0117jas, patvirtindamas Taisykles, sutinka, kad preki\u0173 pirkimo dokumentai \u2013 s\u0105skaitos fakt\u016bros b\u016bt\u0173 pateikiamos pirk\u0117jo nurodytu el. pa\u0161tu. S\u0105skaitos fakt\u016bros pateikiamos Pirk\u0117jui ne v\u0117liau kaip iki preki\u0173 perdavimo jam momento. Klientui pateiktoje s\u0105skaitose nurodomos pasirinktos prek\u0117s, j\u0173 kiekis, galutin\u0117 preki\u0173 kaina, \u012fskaitant visus mokes\u010dius, pristatymo mokes\u010diai ir kiti remiantis buhalterin\u0119 apskait\u0105 reglamentuojan\u010diais teis\u0117s aktais b\u016btini pateikti duomenys.<\/p><p>1.6 Nor\u0117damas pirkti internetin\u0117je parduotuv\u0117je www.dogsofklaipeda.com i\u0161sirinkite norimas prekes ir \u012fsid\u0117kite jas \u012f pirkini\u0173 krep\u0161el\u012f. Per\u017ei\u016br\u0117j\u0119 krep\u0161el\u012f ir nor\u0117dami \u012fsigyti jame esan\u010dias prekes spauskite mygtuk\u0105 &#8220;Apmok\u0117ti&#8221;. Atidaromas u\u017esakymo langas. Jame turite suvesti duomenis apie save, prek\u0117s pristatymo adres\u0105, nurodant Jums patogiausi\u0105 atsi\u0117mimui &#8220;Omniva&#8221; pa\u0161tomat\u0105 ir pasirinkti apmok\u0117jimo b\u016bd\u0105. Jei perkate, naudodami nuolaid\u0173 kupon\u0105, &#8211; \u012fveskite jo kod\u0105 \u012f tam skirt\u0105 langel\u012f. U\u017epild\u0119 visus laukus, paspauskite &#8220;Mok\u0117ti&#8221;. Nor\u0117dami apmok\u0117ti u\u017e prekes, tur\u0117site prisijungti prie pasirinktos banko sistemos. Apmok\u0117jus u\u017esakym\u0105, pirkimo procesas bus baigtas.<\/p><p><strong>2. Asmens duomen\u0173 apsauga.<\/strong><\/p><p>2.1. U\u017esisakant prekes internetin\u0117je parduotuv\u0117je&nbsp;www.dogsofklaipeda.com, pirk\u0117jas privalo pateikti registracijos metu pra\u0161omus duomenis.<\/p><p>2.2. Pirk\u0117jas yra atsakingas u\u017e teising\u0173 duomen\u0173 registracijos metu pateikim\u0105.<\/p><p>2.3. Pateikdamas u\u017esakym\u0105 pirk\u0117jas sutinka kad jo pateikti asmens duomenys b\u016bt\u0173 tvarkomi u\u017esakym\u0173 kontrol\u0117s ir veiklos analiz\u0117s tikslais. Pirk\u0117jas taip pat sutinka, kad Pirk\u0117jo nurodytu el. pa\u0161to adresu arba telefono numeriu b\u016bt\u0173 siun\u010diami informaciniai prane\u0161imai, b\u016btini preki\u0173 u\u017esakymui \u012fvykdyti.<\/p><p>2.4. Pardav\u0117jas \u012fsipareigoja neatskleisti Pirk\u0117jo asmens duomen\u0173 tretiesiems asmenims i\u0161skyrus atvejus LR teis\u0117s akt\u0173 numatyta tvarka.<\/p><p><strong>3. Pirk\u0117jo teis\u0117s ir \u012fsipareigojimai.<\/strong><\/p><p>3.1. Pirk\u0117jas turi teis\u0119 pirkti prekes internetin\u0117je parduotuv\u0117je&nbsp;www.dogsofklaipeda.com<\/p><p>3.3. Pirk\u0117jas \u012fsipareigoja priimti u\u017esakytas prekes ir u\u017e jas sumok\u0117ti sutart\u0105 kain\u0105.<\/p><p>3.4. Jeigu pasikei\u010dia Pirk\u0117jo duomenys, pateikti registracijos formoje, Pirk\u0117jas privalo juos nedelsiant atnaujinti.<\/p><p>3.5. Pirk\u0117jas pateikdamas u\u017esakym\u0105 internetin\u0117je parduotuv\u0117je www.dogsofklaipeda.com sutinka su \u0161iomis pirkimo \u2013 pardavimo Taisykl\u0117mis ir \u012fsipareigoja j\u0173 laikytis bei nepa\u017eeisti LR teis\u0117s akt\u0173.<\/p><p><strong>4. Pardav\u0117jo teis\u0117s ir \u012fsipareigojimai.<\/strong><\/p><p>4.1. Pardav\u0117jas \u012fsipareigoja sudaryti visas s\u0105lygas Pirk\u0117jui tinkamai naudotis internetin\u0117s parduotuv\u0117s www.dogsofklaipeda.com teikiamomis paslaugomis.<\/p><p>4.2. Jei Pirk\u0117jas bando pakenkti internetin\u0117s parduotuv\u0117s darbo stabilumui ir saugumui ar pa\u017eeid\u017eia savo \u012fsipareigojimus, Pardav\u0117jas turi teis\u0119 nedelsiant ir be persp\u0117jimo apriboti, sustabdyti ar panaikinti Pirk\u0117jo galimyb\u0119 naudotis internetine parduotuve.<\/p><p>4.3. Pardav\u0117jas \u012fsipareigoja gerbti Pirk\u0117jo privatumo teis\u0119 \u012f Pirk\u0117jo priklausan\u010di\u0105 asmenin\u0119 informacij\u0105, nurodyt\u0105 registracijos formoje ir neperleisi jos tretiesiems asmenims.<\/p><p>4.4. Pardav\u0117jas \u012fsipareigoja pristatyti Pirk\u0117jo u\u017esakytas prekes Pirk\u0117jo nurodytu adresu.<\/p><p><strong>5. Preki\u0173 pristatymas.<\/strong><\/p><p>5.1 Visos prek\u0117s Lietuvoje pristatomos per &#8220;Omniva&#8221; pa\u0161tomatus darbo dienomis ir \u0161e\u0161tadieniais. Prek\u0117s pristatomos per 2-5 darbo dienas. Jeigu prek\u0117s neturime, arba prek\u0117 yra gaminama, tuomet apie gamybos ir pristatymo laik\u0105 b\u016bsite informuoti atskiru lai\u0161ku. <\/p><p>5.2 Pristatymo kaina Lietuvoje &#8211; 3 eur. <\/p><p><strong>6. Preki\u0173 kokyb\u0117s, garantijos.<\/strong><\/p><p>6.1. Visi internetin\u0117je parduotuv\u0117je&nbsp;www.dogsofklaipeda.com&nbsp;parduodam\u0173 preki\u0173 duomenys nurodomi prie kiekvienos prek\u0117s esan\u010diame prek\u0117s apra\u0161yme.<\/p><p>6.2. Visoms prek\u0117ms, kuri\u0173 kategorijai ar apra\u0161yme n\u0117ra nurodyta garantija, suteikiama 30 d. kokyb\u0117s garantija nuo \u0161ios prek\u0117s \u012fsigijimo dienos.<\/p><p>6.3. Pardav\u0117jas neatsako, jei parduotuv\u0117je esan\u010di\u0173 preki\u0173 spalva, forma ar kiti parametrai neatitinka realaus preki\u0173 dyd\u017eio, form\u0173 ir spalv\u0173 d\u0117l Pirk\u0117jo naudojamo vaizduoklio ypatybi\u0173.<\/p><p><strong>7. Rinkodara ir informacija.<\/strong><\/p><p>7.1. Pardav\u0117jas internetin\u0117je parduotuv\u0117je www.dogsofklaipeda.com gali organizuoti \u012fvairias akcijas ir pasi\u016blymus.<\/p><p>7.2. Pardav\u0117jas turi teis\u0119 viena\u0161ali\u0161kai, be atskiro \u012fsp\u0117jimo, pakeisti akcij\u0173 s\u0105lygas, taip pat jas panaikinti. Bet koks akcij\u0173 s\u0105lyg\u0173 ir tvarkos pakeitimas ar panaikinimas galioja nuo j\u0173 pakeitimo ar panaikinimo momento.<\/p><p>7.3. Pardav\u0117jas visus prane\u0161imus siun\u010dia Pirk\u0117jo registracijos formoje nurodytomis susisiekimo priemon\u0117mis.<\/p><p>7.4. Pirk\u0117jas visus prane\u0161imus ir klausimus siun\u010dia Pardav\u0117jo el. parduotuv\u0117s skyriuje \u201eKontaktai\u201c nurodytu el. pa\u0161to adresu.<\/p><p>7.5. Pardav\u0117jas neatsako jei Pirk\u0117jas negauna siun\u010diam\u0173 informacini\u0173 ar patvirtinan\u010di\u0173 prane\u0161im\u0173 d\u0117l internetinio ry\u0161io, elektroninio pa\u0161to paslaug\u0173 tiek\u0117j\u0173 tinkl\u0173 sutrikim\u0173 ar Pirk\u0117jo neteisingai nurodyt\u0173 duomen\u0173.<\/p><p><strong>8. Baigiamosios nuostatos.<\/strong><\/p><p>8.1. \u0160ios preki\u0173 pirkimo \u2013 pardavimo Taisykl\u0117s sudarytos vadovaujantis LR \u012fstatymais ir teis\u0117s aktais.<\/p><p>8.2. Visi nesutarimai, kil\u0119 d\u0117l \u0161i\u0173 Taisykli\u0173 vykdymo, sprend\u017eiami deryb\u0173 b\u016bdu. Nepavykus susitarti, gin\u010dai sprend\u017eiami LR \u012fstatym\u0173 nustatyta tvarka.<\/p>","protected":false},"excerpt":{"rendered":"<p>Bendrosios nuostatos. 1.1. \u0160ios preki\u0173 pirkimo \u2013 pardavimo taisykl\u0117s (toliau \u201eTaisykl\u0117s\u201c) yra \u0161alims privalomas teisinis dokumentas, kuriame nustatomos Pirk\u0117jo ir&hellip;<\/p>\n","protected":false},"author":1,"featured_media":0,"parent":0,"menu_order":0,"comment_status":"closed","ping_status":"closed","template":"","meta":{"footnotes":""},"class_list":["post-3366","page","type-page","status-publish","hentry"],"_links":{"self":[{"href":"https:\/\/dogsofklaipeda.com\/index.php\/wp-json\/wp\/v2\/pages\/3366","targetHints":{"allow":["GET"]}}],"collection":[{"href":"https:\/\/dogsofklaipeda.com\/index.php\/wp-json\/wp\/v2\/pages"}],"about":[{"href":"https:\/\/dogsofklaipeda.com\/index.php\/wp-json\/wp\/v2\/types\/page"}],"author":[{"embeddable":true,"href":"https:\/\/dogsofklaipeda.com\/index.php\/wp-json\/wp\/v2\/users\/1"}],"replies":[{"embeddable":true,"href":"https:\/\/dogsofklaipeda.com\/index.php\/wp-json\/wp\/v2\/comments?post=3366"}],"version-history":[{"count":0,"href":"https:\/\/dogsofklaipeda.com\/index.php\/wp-json\/wp\/v2\/pages\/3366\/revisions"}],"wp:attachment":[{"href":"https:\/\/dogsofklaipeda.com\/index.php\/wp-json\/wp\/v2\/media?parent=3366"}],"curies":[{"name":"wp","href":"https:\/\/api.w.org\/{rel}","templated":true}]}}