{"id":3367,"date":"2020-11-13T11:12:48","date_gmt":"2020-11-13T11:12:48","guid":{"rendered":"http:\/\/dogsofklaipeda.com\/?page_id=3367"},"modified":"2025-11-11T12:56:07","modified_gmt":"2025-11-11T12:56:07","slug":"apmokejimo-salygos","status":"publish","type":"page","link":"https:\/\/dogsofklaipeda.com\/index.php\/apmokejimo-salygos\/","title":{"rendered":"Apmok\u0117jimo s\u0105lygos"},"content":{"rendered":"<p>U\u017e prekes galima apmok\u0117ti keliais b\u016bdais: <\/p><p>1. \u012esigyjant prekes internetin\u0117je parduotuv\u0117je u\u017e jas atsiskaityti gali kredito\/debeto kortele.<\/p><p>2. \u0160ioje elektronin\u0117je parduotuv\u0117je atsiskaityti galima naudojantis Swedbank, SEB, Luminor bank\u0173 elektronin\u0117s bankininkyst\u0117s paslaugomis. Atsiskaitymai galimi euro valiuta. Mok\u0117jimai apdorojami naudojantis<a href=\"https:\/\/makecommerce.lt\/\" class=\"rank-math-link\"> MakeCommerce.lt<\/a> mok\u0117jim\u0173 platforma.<\/p><p>3. Norint apmok\u0117ti banko pavedimu, atlikite mok\u0117jim\u0105 \u017eemiau \u012f m\u016bs\u0173 banko s\u0105skait\u0105: <\/p><p><\/p><p><em>Gav\u0117jas: MB Klaip\u0117dos \u0161unys&#8221;<\/em><\/p><p><em>S\u0105skaita: LT127300010164118505 (AB &#8220;Swedbank&#8221;)<\/em><\/p><p><em> Paskirtis: u\u017esakymas [nr.] <\/em><\/p><p>Jei i\u0161kilo koki\u0173 nesklandum\u0173 atliekant mok\u0117jim\u0105, sesija nutr\u016bko ir nepavyko u\u017ebaigti mok\u0117jimo, susisiek su mumis: el.pa\u0161tu: <strong>klaipedossunys@gmail.com<\/strong><\/p>","protected":false},"excerpt":{"rendered":"<p>U\u017e prekes galima apmok\u0117ti keliais b\u016bdais: 1. \u012esigyjant prekes internetin\u0117je parduotuv\u0117je u\u017e jas atsiskaityti gali kredito\/debeto kortele. 2. \u0160ioje elektronin\u0117je&hellip;<\/p>\n","protected":false},"author":1,"featured_media":0,"parent":0,"menu_order":0,"comment_status":"closed","ping_status":"closed","template":"","meta":{"footnotes":""},"class_list":["post-3367","page","type-page","status-publish","hentry"],"_links":{"self":[{"href":"https:\/\/dogsofklaipeda.com\/index.php\/wp-json\/wp\/v2\/pages\/3367","targetHints":{"allow":["GET"]}}],"collection":[{"href":"https:\/\/dogsofklaipeda.com\/index.php\/wp-json\/wp\/v2\/pages"}],"about":[{"href":"https:\/\/dogsofklaipeda.com\/index.php\/wp-json\/wp\/v2\/types\/page"}],"author":[{"embeddable":true,"href":"https:\/\/dogsofklaipeda.com\/index.php\/wp-json\/wp\/v2\/users\/1"}],"replies":[{"embeddable":true,"href":"https:\/\/dogsofklaipeda.com\/index.php\/wp-json\/wp\/v2\/comments?post=3367"}],"version-history":[{"count":1,"href":"https:\/\/dogsofklaipeda.com\/index.php\/wp-json\/wp\/v2\/pages\/3367\/revisions"}],"predecessor-version":[{"id":7628,"href":"https:\/\/dogsofklaipeda.com\/index.php\/wp-json\/wp\/v2\/pages\/3367\/revisions\/7628"}],"wp:attachment":[{"href":"https:\/\/dogsofklaipeda.com\/index.php\/wp-json\/wp\/v2\/media?parent=3367"}],"curies":[{"name":"wp","href":"https:\/\/api.w.org\/{rel}","templated":true}]}}