{"id":3368,"date":"2020-11-13T11:12:48","date_gmt":"2020-11-13T11:12:48","guid":{"rendered":"http:\/\/dogsofklaipeda.com\/?page_id=3368"},"modified":"2020-12-07T13:45:42","modified_gmt":"2020-12-07T13:45:42","slug":"grazinimo-salygos","status":"publish","type":"page","link":"https:\/\/dogsofklaipeda.com\/index.php\/grazinimo-salygos\/","title":{"rendered":"Gr\u0105\u017einimo s\u0105lygos"},"content":{"rendered":"<p style=\"margin-left: 36pt; text-indent: -18pt; line-height: normal; background-image: initial; background-position: initial; background-size: initial; background-repeat: initial; background-attachment: initial; background-origin: initial; background-clip: initial;\"><!-- [if !supportLists]-->1.\u00a0\u00a0\u00a0Preki\u0173 gr\u0105\u017einimas vyksta vadovaujantis LR \u016bkio ministro 2001 m. bir\u017eelio 29 d. \u012fsakymu Nr. 217 \u201eD\u0117l Daikt\u0173 gr\u0105\u017einimo ir keitimo taisykli\u0173 patvirtinimo\u201c ir 2013 m. gruod\u017eio 19 d. civilinio kodekso pakeitimo ir papildymo istatymu nr. XII-700.<\/p>\n<p style=\"margin-left: 36pt; text-indent: -18pt; line-height: normal; background-image: initial; background-position: initial; background-size: initial; background-repeat: initial; background-attachment: initial; background-origin: initial; background-clip: initial;\"><!-- [if !supportLists]-->2.\u00a0\u00a0\u00a0D\u0117l prek\u0117s (-i\u0173) gr\u0105\u017einimo, Pirk\u0117jas turi susitarti su Pardav\u0117ju el. pa\u0161tu.<\/p>\n<p style=\"margin-left: 36pt; text-indent: -18pt; line-height: normal; background-image: initial; background-position: initial; background-size: initial; background-repeat: initial; background-attachment: initial; background-origin: initial; background-clip: initial;\"><!-- [if !supportLists]-->3.\u00a0\u00a0\u00a0Nor\u0117damas gr\u0105\u017einti kokybi\u0161k\u0105 prek\u0119 (-es), Pirk\u0117jas gali tai padaryti per keturiolika dien\u0173 nuo preki\u0173 pristatymo Pirk\u0117jui dienos, informuodamas Pardav\u0117j\u0105 el. pa\u0161tu.<\/p>\n<p style=\"margin-left: 36pt; text-indent: -18pt; line-height: normal; background-image: initial; background-position: initial; background-size: initial; background-repeat: initial; background-attachment: initial; background-origin: initial; background-clip: initial;\"><!-- [if !supportLists]-->4.\u00a0\u00a0\u00a0Gr\u0105\u017einama kokybi\u0161ka prek\u0117 turi b\u016bti originalioje tvarkingoje pakuot\u0117je, nesugadinta, nenaudota, tos pa\u010dios komplektacijos, kokios Pirk\u0117jas j\u0105 gavo, nepraradusi prekin\u0117s i\u0161vaizdos (nepa\u017eeistos etiket\u0117s ir kt.). \u0160alys susitaria, kad prek\u0117s pakuot\u0117s i\u0161vaizdos pakeitimai, kurie buvo b\u016btini, norint ap\u017ei\u016br\u0117ti prek\u0119, nebus laikomi esminiais i\u0161vaizdos pakeitimais.<\/p>\n<p style=\"margin-left: 36pt; text-indent: -18pt; line-height: normal; background-image: initial; background-position: initial; background-size: initial; background-repeat: initial; background-attachment: initial; background-origin: initial; background-clip: initial;\"><!-- [if !supportLists]-->5.\u00a0\u00a0\u00a0Pardav\u0117jas turi teis\u0119 nepriimti Pirk\u0117jo gr\u0105\u017einam\u0173 preki\u0173, jei Pirk\u0117jas nesilaiko 3 punkte nustatytos preki\u0173 gr\u0105\u017einimo tvarkos.<\/p>\n<p style=\"margin-left: 36pt; text-indent: -18pt; line-height: normal; background-image: initial; background-position: initial; background-size: initial; background-repeat: initial; background-attachment: initial; background-origin: initial; background-clip: initial;\"><!-- [if !supportLists]-->6.\u00a0\u00a0\u00a0Gr\u0105\u017einant gaut\u0105 ne t\u0105 prek\u0119 ir\/ar nekokybi\u0161k\u0105 prek\u0119, Pardav\u0117jas \u012fsipareigoja priimti tokias prekes ir jas pakeisti analogi\u0161komis tinkamomis prek\u0117mis.<\/p>\n<p style=\"margin-left: 36pt; text-indent: -18pt; line-height: normal; background-image: initial; background-position: initial; background-size: initial; background-repeat: initial; background-attachment: initial; background-origin: initial; background-clip: initial;\"><!-- [if !supportLists]-->7.\u00a0\u00a0\u00a0Tuo atveju, kai Pardav\u0117jas neturi pakeitimui tinkam\u0173 preki\u0173, Pirk\u0117jui gr\u0105\u017einama sumok\u0117ta suma, \u012fskaitant ir kain\u0105 u\u017e pristatym\u0105.<\/p>\n<p style=\"margin-left: 36pt; text-indent: -18pt; line-height: normal; background-image: initial; background-position: initial; background-size: initial; background-repeat: initial; background-attachment: initial; background-origin: initial; background-clip: initial;\"><!-- [if !supportLists]-->8.\u00a0\u00a0\u00a0Jeigu Pirk\u0117jas gr\u0105\u017eina prek\u0119, pirkt\u0105 akcijos metu, gr\u0105\u017einama u\u017e prek\u0119 sumok\u0117ta suma su galiojusia nuolaida.<\/p>\n<p style=\"margin-left: 36pt; text-indent: -18pt; line-height: normal; background-image: initial; background-position: initial; background-size: initial; background-repeat: initial; background-attachment: initial; background-origin: initial; background-clip: initial;\"><!-- [if !supportLists]-->9.\u00a0\u00a0\u00a0Klientas sutinka, kad pinigai jam bus gr\u0105\u017einti \u012f nurodyt\u0105 banko s\u0105skait\u0105 per 10 darbo dien\u0173.<\/p>\n","protected":false},"excerpt":{"rendered":"<p>1.\u00a0\u00a0\u00a0Preki\u0173 gr\u0105\u017einimas vyksta vadovaujantis LR \u016bkio ministro 2001 m. bir\u017eelio 29 d. \u012fsakymu Nr. 217 \u201eD\u0117l Daikt\u0173 gr\u0105\u017einimo ir keitimo&hellip;<\/p>\n","protected":false},"author":1,"featured_media":0,"parent":0,"menu_order":0,"comment_status":"closed","ping_status":"closed","template":"","meta":{"footnotes":""},"class_list":["post-3368","page","type-page","status-publish","hentry"],"_links":{"self":[{"href":"https:\/\/dogsofklaipeda.com\/index.php\/wp-json\/wp\/v2\/pages\/3368","targetHints":{"allow":["GET"]}}],"collection":[{"href":"https:\/\/dogsofklaipeda.com\/index.php\/wp-json\/wp\/v2\/pages"}],"about":[{"href":"https:\/\/dogsofklaipeda.com\/index.php\/wp-json\/wp\/v2\/types\/page"}],"author":[{"embeddable":true,"href":"https:\/\/dogsofklaipeda.com\/index.php\/wp-json\/wp\/v2\/users\/1"}],"replies":[{"embeddable":true,"href":"https:\/\/dogsofklaipeda.com\/index.php\/wp-json\/wp\/v2\/comments?post=3368"}],"version-history":[{"count":0,"href":"https:\/\/dogsofklaipeda.com\/index.php\/wp-json\/wp\/v2\/pages\/3368\/revisions"}],"wp:attachment":[{"href":"https:\/\/dogsofklaipeda.com\/index.php\/wp-json\/wp\/v2\/media?parent=3368"}],"curies":[{"name":"wp","href":"https:\/\/api.w.org\/{rel}","templated":true}]}}