{"id":3805,"date":"2020-12-29T12:16:01","date_gmt":"2020-12-29T12:16:01","guid":{"rendered":"http:\/\/dogsofklaipeda.com\/?page_id=3805"},"modified":"2021-01-06T19:37:01","modified_gmt":"2021-01-06T19:37:01","slug":"pakavimas","status":"publish","type":"page","link":"https:\/\/dogsofklaipeda.com\/index.php\/pakavimas\/","title":{"rendered":"Pakavimas"},"content":{"rendered":"<p>Kadangi su \u0161unimis mes praleid\u017eiame itin daug laiko gamtoje, nat\u016braliai norime j\u0105 kuo labiau tausoti. Kuriant elektronin\u0119 parduotuv\u0119, nuo pat prad\u017ei\u0173 \u017einojome, kad pakuosime tvariai ir Jus m\u016bs\u0173 siuntos pasieks be plastiko. Dar vienas m\u016bs\u0173 prioritetas &#8211; tai ne tik plastiko atsisakymas, bet ir apskritai pakuo\u010di\u0173 ma\u017einimas. Tod\u0117l i\u0161 m\u016bs\u0173 negausite joki\u0173 papildom\u0173 etike\u010di\u0173, lipduk\u0173 ar pana\u0161i\u0173 reklamini\u0173 \u0161iuk\u0161li\u0173. Tikim\u0117s, kad tai \u012fvertinsite, tod\u0117l norime Jus supa\u017eindinti su m\u016bs\u0173 pakavimo priemon\u0117mis!<\/p><p><strong>D\u0117\u017e\u0117s<\/strong><\/p><p>Naudojame kartonines, nebalintas, paprastas d\u0117\u017ees.<\/p><figure class=\"wp-block-image size-large\"><img fetchpriority=\"high\" decoding=\"async\" width=\"1024\" height=\"891\" src=\"https:\/\/dogsofklaipeda.com\/wp-content\/uploads\/2020\/12\/20201229_141250-1-1024x891.jpg\" alt=\"\" class=\"wp-image-3816\" srcset=\"https:\/\/dogsofklaipeda.com\/wp-content\/uploads\/2020\/12\/20201229_141250-1-1024x891.jpg 1024w, https:\/\/dogsofklaipeda.com\/wp-content\/uploads\/2020\/12\/20201229_141250-1-300x261.jpg 300w, https:\/\/dogsofklaipeda.com\/wp-content\/uploads\/2020\/12\/20201229_141250-1-768x668.jpg 768w, https:\/\/dogsofklaipeda.com\/wp-content\/uploads\/2020\/12\/20201229_141250-1-600x522.jpg 600w, https:\/\/dogsofklaipeda.com\/wp-content\/uploads\/2020\/12\/20201229_141250-1.jpg 1080w\" sizes=\"(max-width: 1024px) 100vw, 1024px\" \/><\/figure><p><strong>Lipni juosta<\/strong><\/p><p>Naudojame ekologi\u0161k\u0105, lengvai suyran\u010di\u0105 lipni\u0105 juost\u0105 \u201eHot-Melt\u201c klij\u0173 pagrindu, pagamint\u0105 i\u0161 standaus, rudo KRAFT popieriaus. Ji lengvai perdirbama.<\/p><figure class=\"wp-block-image size-large\"><img decoding=\"async\" width=\"1024\" height=\"649\" src=\"https:\/\/dogsofklaipeda.com\/wp-content\/uploads\/2020\/12\/20201229_133615-1-1024x649.jpg\" alt=\"\" class=\"wp-image-3818\" srcset=\"https:\/\/dogsofklaipeda.com\/wp-content\/uploads\/2020\/12\/20201229_133615-1-1024x649.jpg 1024w, https:\/\/dogsofklaipeda.com\/wp-content\/uploads\/2020\/12\/20201229_133615-1-300x190.jpg 300w, https:\/\/dogsofklaipeda.com\/wp-content\/uploads\/2020\/12\/20201229_133615-1-768x486.jpg 768w, https:\/\/dogsofklaipeda.com\/wp-content\/uploads\/2020\/12\/20201229_133615-1-600x380.jpg 600w, https:\/\/dogsofklaipeda.com\/wp-content\/uploads\/2020\/12\/20201229_133615-1.jpg 1080w\" sizes=\"(max-width: 1024px) 100vw, 1024px\" \/><\/figure><p><strong>Pakuot\u0117s u\u017epildas<\/strong><\/p><p>Pakuot\u0117s u\u017epildymui ir stiklini\u0173 pakuo\u010di\u0173 apsaugojimui naudojame auk\u0161tos kokyb\u0117s med\u017eio dro\u017eles, gaminamas i\u0161 nat\u016brali\u0173 medienos liku\u010di\u0173. \u0160ios dro\u017el\u0117s tinka alergi\u0161kiems \u017emon\u0117ms, nes yra bekvap\u0117s ir nedulka. Galima naudoti daug kart\u0173, tad nei\u0161meskite ir pernaudokite savo dovan\u0173 pakavimui ar siuntoms!<\/p><figure class=\"wp-block-image size-large\"><img decoding=\"async\" width=\"1024\" height=\"762\" src=\"https:\/\/dogsofklaipeda.com\/wp-content\/uploads\/2020\/12\/20201229_133736-1-1024x762.jpg\" alt=\"\" class=\"wp-image-3819\" srcset=\"https:\/\/dogsofklaipeda.com\/wp-content\/uploads\/2020\/12\/20201229_133736-1-1024x762.jpg 1024w, https:\/\/dogsofklaipeda.com\/wp-content\/uploads\/2020\/12\/20201229_133736-1-300x223.jpg 300w, https:\/\/dogsofklaipeda.com\/wp-content\/uploads\/2020\/12\/20201229_133736-1-768x572.jpg 768w, https:\/\/dogsofklaipeda.com\/wp-content\/uploads\/2020\/12\/20201229_133736-1-600x447.jpg 600w, https:\/\/dogsofklaipeda.com\/wp-content\/uploads\/2020\/12\/20201229_133736-1.jpg 1080w\" sizes=\"(max-width: 1024px) 100vw, 1024px\" \/><\/figure>","protected":false},"excerpt":{"rendered":"<p>Kadangi su \u0161unimis mes praleid\u017eiame itin daug laiko gamtoje, nat\u016braliai norime j\u0105 kuo labiau tausoti. Kuriant elektronin\u0119 parduotuv\u0119, nuo pat&hellip;<\/p>\n","protected":false},"author":1,"featured_media":0,"parent":0,"menu_order":0,"comment_status":"closed","ping_status":"closed","template":"","meta":{"footnotes":""},"class_list":["post-3805","page","type-page","status-publish","hentry"],"_links":{"self":[{"href":"https:\/\/dogsofklaipeda.com\/index.php\/wp-json\/wp\/v2\/pages\/3805","targetHints":{"allow":["GET"]}}],"collection":[{"href":"https:\/\/dogsofklaipeda.com\/index.php\/wp-json\/wp\/v2\/pages"}],"about":[{"href":"https:\/\/dogsofklaipeda.com\/index.php\/wp-json\/wp\/v2\/types\/page"}],"author":[{"embeddable":true,"href":"https:\/\/dogsofklaipeda.com\/index.php\/wp-json\/wp\/v2\/users\/1"}],"replies":[{"embeddable":true,"href":"https:\/\/dogsofklaipeda.com\/index.php\/wp-json\/wp\/v2\/comments?post=3805"}],"version-history":[{"count":0,"href":"https:\/\/dogsofklaipeda.com\/index.php\/wp-json\/wp\/v2\/pages\/3805\/revisions"}],"wp:attachment":[{"href":"https:\/\/dogsofklaipeda.com\/index.php\/wp-json\/wp\/v2\/media?parent=3805"}],"curies":[{"name":"wp","href":"https:\/\/api.w.org\/{rel}","templated":true}]}}