{"id":4167,"date":"2022-01-02T11:25:06","date_gmt":"2022-01-02T11:25:06","guid":{"rendered":"https:\/\/dogsofklaipeda.com\/?page_id=4167"},"modified":"2026-03-07T07:00:15","modified_gmt":"2026-03-07T07:00:15","slug":"paslaugos","status":"publish","type":"page","link":"https:\/\/dogsofklaipeda.com\/index.php\/paslaugos\/","title":{"rendered":"Dres\u016bra"},"content":{"rendered":"\t\t<div data-elementor-type=\"wp-page\" data-elementor-id=\"4167\" class=\"elementor elementor-4167\">\n\t\t\t\t<section class=\"elementor-section elementor-top-section elementor-element elementor-element-48379ec3 elementor-section-boxed elementor-section-height-default elementor-section-height-default\" data-id=\"48379ec3\" data-element_type=\"section\">\n\t\t\t\t\t\t<div class=\"elementor-container elementor-column-gap-default\">\n\t\t\t\t\t<div class=\"elementor-column elementor-col-100 elementor-top-column elementor-element elementor-element-33ce5273\" data-id=\"33ce5273\" data-element_type=\"column\">\n\t\t\t<div class=\"elementor-widget-wrap elementor-element-populated\">\n\t\t\t\t\t\t<div class=\"elementor-element elementor-element-7e5b1b10 elementor-widget__width-initial elementor-widget elementor-widget-text-editor\" data-id=\"7e5b1b10\" data-element_type=\"widget\" data-widget_type=\"text-editor.default\">\n\t\t\t\t<div class=\"elementor-widget-container\">\n\t\t\t\t\t\t\t\t\t<div>\n<p><\/p>\n<div class=\"is-layout-flow wp-block-column-is-layout-flow\">\n<p><\/p>\n<p>\u0160un\u0173 dres\u016bros pamokos Klaip\u0117doje ir Klaip\u0117dos rajone<\/p>\n<p><\/p>\n<p><\/p>\n<p><strong>\u00b7&nbsp; Individualios pamokos:<\/strong><br>Bendras paklusnumas;<br>Elgsenos korekcija;<br>Dres\u016bra kliento namuose;<br>Nuotolin\u0117s konsultacijos.<\/p>\n<p><strong>\u00b7&nbsp; Individuali\u0173 pamok\u0173 kainos:<\/strong><\/p>\n<p>\ud83d\udd39 M\u016bs\u0173 patalpose \/ trener\u0117s paskirtoje vietoje &#8211; 40\u20ac (1 val.), 50\u20ac (1,5 val.).<\/p>\n<p>\ud83d\udd39 J\u016bs\u0173 namuose ar kitoje paskirtoje vietoje &#8211; 50\u20ac (1 val.), 60\u20ac (1,5 val.).<\/p>\n<p>\ud83d\udd39 Klaip\u0117dos rajone arba artimuose miestuose &#8211; 70\u20ac (1 val.), 80\u20ac (1,5 val.).<\/p>\n<p>\ud83d\udd39 Nuotolin\u0117 konsultacija per GOOGLE MEETS\/SKYPE\/MESSENGER &#8211; 35\u20ac (1 val.), 45\u20ac (1,5 val.).<\/p>\n<p>\ud83d\udc9a Prieglaudinukams taikoma 5\u20ac nuolaida.<\/p>\n<p><strong>\u00b7&nbsp; I\u0161ved\u017eiojimai:<\/strong><br>30 min &#8211; 15 eur<br>1 val. &#8211; 20 eur<\/p>\n<p><\/p>\n<p><\/p>\n<p><\/p>\n<p><\/p>\n<p><strong>\u00b7&nbsp; Grupin\u0117s pamokos:<\/strong><br>Pirmaklasiams;<br>Antraklasiams;<br>Pamokos, norintiems tobul\u0117ti visapusi\u0161kai: paklusnumas triukai fitneso elementai;<br>Miesto grup\u0117 pa\u017eengusiems;<br>Rally Obedience treniruot\u0117s (prisijunkite prie facebook grup\u0117s, kurioje skelbiame pamok\u0173 laikus:&nbsp;<a href=\"https:\/\/www.facebook.com\/groups\/473054315521776\" target=\"_blank\" rel=\"noopener\">https:\/\/www.facebook.com\/groups\/473054315521776<\/a>);<br>Hoopers treniruot\u0117s (prisijunkite prie facebook grup\u0117s, kurioje skelbiame pamok\u0173 laikus:&nbsp;<a href=\"https:\/\/www.facebook.com\/groups\/896024552492422\" target=\"_blank\" rel=\"noopener\">https:\/\/www.facebook.com\/groups\/896024552492422<\/a>)<br>\u017dygiai su \u0161unimis.<\/p>\n<p><b>\u0160iuo metu galite u\u017esiregisrtuoti:&nbsp;<\/b><br>Pirma klas\u0117 nuo 2026 m. kovo 30 dienos ir nuo baland\u017eio 1, 9 ir 13 dienos . Registracija \u0161tai \u010dia:&nbsp;<br><a href=\"https:\/\/forms.gle\/A39kuLBXhdh34UEn9\" target=\"_blank\">https:\/\/forms.gle\/A39kuLBXhdh34UEn9<\/a><\/p>\n<p><\/p>\n<p><a href=\"https:\/\/forms.gle\/2JdQbVS9gx6QVTfR8\"><span style=\"font-size: 1.125rem; color: #252525;\">D\u0117l individuali\u0173 pamok\u0173 galite susisiekite su mumis facebook asmenine \u017einute <\/span><\/a><a style=\"font-size: 1.125rem;\" href=\"https:\/\/www.facebook.com\/dogsofklaipeda\">\u010dia<\/a><span style=\"font-size: 1.125rem; color: #252525;\">.<\/span><\/p>\n<p><\/p>\n<p><\/p>\n<\/div>\n<p><\/p>\n<p><\/p>\n<div class=\"is-layout-flow wp-block-column-is-layout-flow\">\n<p><\/p>\n<\/div>\n<p><\/p>\n<\/div>\n<p><!-- \/wp:columns --><\/p>\t\t\t\t\t\t\t\t<\/div>\n\t\t\t\t<\/div>\n\t\t\t\t\t<\/div>\n\t\t<\/div>\n\t\t\t\t\t<\/div>\n\t\t<\/section>\n\t\t\t\t<section class=\"elementor-section elementor-top-section elementor-element elementor-element-1dabd1a elementor-section-boxed elementor-section-height-default elementor-section-height-default\" data-id=\"1dabd1a\" data-element_type=\"section\">\n\t\t\t\t\t\t<div class=\"elementor-container elementor-column-gap-default\">\n\t\t\t\t\t<div class=\"elementor-column elementor-col-100 elementor-top-column elementor-element elementor-element-a215c2b\" data-id=\"a215c2b\" data-element_type=\"column\">\n\t\t\t<div class=\"elementor-widget-wrap elementor-element-populated\">\n\t\t\t\t\t\t<div class=\"elementor-element elementor-element-a66addf elementor-widget elementor-widget-image\" data-id=\"a66addf\" data-element_type=\"widget\" data-widget_type=\"image.default\">\n\t\t\t\t<div class=\"elementor-widget-container\">\n\t\t\t\t\t\t\t\t\t\t\t\t\t\t\t<img fetchpriority=\"high\" decoding=\"async\" width=\"688\" height=\"459\" src=\"https:\/\/dogsofklaipeda.com\/wp-content\/uploads\/2024\/01\/full-138-1024x683.jpg\" class=\"attachment-large size-large wp-image-7242\" alt=\"\" srcset=\"https:\/\/dogsofklaipeda.com\/wp-content\/uploads\/2024\/01\/full-138-1024x683.jpg 1024w, https:\/\/dogsofklaipeda.com\/wp-content\/uploads\/2024\/01\/full-138-300x200.jpg 300w, https:\/\/dogsofklaipeda.com\/wp-content\/uploads\/2024\/01\/full-138-768x512.jpg 768w, https:\/\/dogsofklaipeda.com\/wp-content\/uploads\/2024\/01\/full-138-1536x1024.jpg 1536w, https:\/\/dogsofklaipeda.com\/wp-content\/uploads\/2024\/01\/full-138-2048x1365.jpg 2048w, https:\/\/dogsofklaipeda.com\/wp-content\/uploads\/2024\/01\/full-138-1600x1067.jpg 1600w, https:\/\/dogsofklaipeda.com\/wp-content\/uploads\/2024\/01\/full-138-600x400.jpg 600w, https:\/\/dogsofklaipeda.com\/wp-content\/uploads\/2024\/01\/full-138-90x60.jpg 90w, https:\/\/dogsofklaipeda.com\/wp-content\/uploads\/2024\/01\/full-138-135x90.jpg 135w\" sizes=\"(max-width: 688px) 100vw, 688px\" \/>\t\t\t\t\t\t\t\t\t\t\t\t\t\t\t<\/div>\n\t\t\t\t<\/div>\n\t\t\t\t\t<\/div>\n\t\t<\/div>\n\t\t\t\t\t<\/div>\n\t\t<\/section>\n\t\t\t\t<section class=\"elementor-section elementor-top-section elementor-element elementor-element-1403965 elementor-section-boxed elementor-section-height-default elementor-section-height-default\" data-id=\"1403965\" data-element_type=\"section\">\n\t\t\t\t\t\t<div class=\"elementor-container elementor-column-gap-default\">\n\t\t\t\t\t<div class=\"elementor-column elementor-col-100 elementor-top-column elementor-element elementor-element-8ad6446\" data-id=\"8ad6446\" data-element_type=\"column\">\n\t\t\t<div class=\"elementor-widget-wrap elementor-element-populated\">\n\t\t\t\t\t\t<div class=\"elementor-element elementor-element-976b8ca elementor-view-default elementor-widget elementor-widget-icon\" data-id=\"976b8ca\" data-element_type=\"widget\" data-widget_type=\"icon.default\">\n\t\t\t\t<div class=\"elementor-widget-container\">\n\t\t\t\t\t\t\t<div class=\"elementor-icon-wrapper\">\n\t\t\t<div class=\"elementor-icon\">\n\t\t\t<i aria-hidden=\"true\" class=\"fas fa-star\"><\/i>\t\t\t<\/div>\n\t\t<\/div>\n\t\t\t\t\t\t<\/div>\n\t\t\t\t<\/div>\n\t\t\t\t\t<\/div>\n\t\t<\/div>\n\t\t\t\t\t<\/div>\n\t\t<\/section>\t\t<\/div>\n\t\t","protected":false},"excerpt":{"rendered":"<p>\u0160un\u0173 dres\u016bros pamokos Klaip\u0117doje ir Klaip\u0117dos rajone \u00b7&nbsp; Individualios pamokos:Bendras paklusnumas;Elgsenos korekcija;Dres\u016bra kliento namuose;Nuotolin\u0117s konsultacijos. \u00b7&nbsp; Individuali\u0173 pamok\u0173 kainos: \ud83d\udd39&hellip;<\/p>\n","protected":false},"author":1,"featured_media":7669,"parent":0,"menu_order":0,"comment_status":"closed","ping_status":"closed","template":"","meta":{"footnotes":""},"class_list":["post-4167","page","type-page","status-publish","has-post-thumbnail","hentry"],"_links":{"self":[{"href":"https:\/\/dogsofklaipeda.com\/index.php\/wp-json\/wp\/v2\/pages\/4167","targetHints":{"allow":["GET"]}}],"collection":[{"href":"https:\/\/dogsofklaipeda.com\/index.php\/wp-json\/wp\/v2\/pages"}],"about":[{"href":"https:\/\/dogsofklaipeda.com\/index.php\/wp-json\/wp\/v2\/types\/page"}],"author":[{"embeddable":true,"href":"https:\/\/dogsofklaipeda.com\/index.php\/wp-json\/wp\/v2\/users\/1"}],"replies":[{"embeddable":true,"href":"https:\/\/dogsofklaipeda.com\/index.php\/wp-json\/wp\/v2\/comments?post=4167"}],"version-history":[{"count":69,"href":"https:\/\/dogsofklaipeda.com\/index.php\/wp-json\/wp\/v2\/pages\/4167\/revisions"}],"predecessor-version":[{"id":7683,"href":"https:\/\/dogsofklaipeda.com\/index.php\/wp-json\/wp\/v2\/pages\/4167\/revisions\/7683"}],"wp:featuredmedia":[{"embeddable":true,"href":"https:\/\/dogsofklaipeda.com\/index.php\/wp-json\/wp\/v2\/media\/7669"}],"wp:attachment":[{"href":"https:\/\/dogsofklaipeda.com\/index.php\/wp-json\/wp\/v2\/media?parent=4167"}],"curies":[{"name":"wp","href":"https:\/\/api.w.org\/{rel}","templated":true}]}}