{"id":3602,"date":"2020-12-11T09:44:43","date_gmt":"2020-12-11T09:44:43","guid":{"rendered":"http:\/\/dogsofklaipeda.com\/?post_type=product&#038;p=3602"},"modified":"2025-08-01T05:23:04","modified_gmt":"2025-08-01T05:23:04","slug":"kompostuojami-augintiniu-maiseliai-45-vnt","status":"publish","type":"product","link":"https:\/\/dogsofklaipeda.com\/index.php\/product\/kompostuojami-augintiniu-maiseliai-45-vnt\/","title":{"rendered":"Kompostuojami augintini\u0173 mai\u0161eliai (45 vnt.)"},"content":{"rendered":"<ul>\n<li>KOMPOSTUOJAMI: Nat\u016bralioje aplinkoje biologi\u0161kai skaid\u016bs (kompostuojami) mai\u0161eliai suyra \u012f biomas\u0119, vanden\u012f ir anglies dioksid\u0105, nei\u0161skirdami kenksming\u0173 med\u017eiag\u0173, tod\u0117l neturi neigiamo poveikio aplinkai.<\/li>\n<li>VISI\u0160KAI NAT\u016aRAL\u016aS: pagaminti i\u0161 kukur\u016bz\u0173 krakmolo ir suvynioti ant perdirbamo kartono ritin\u0117li\u0173. Rinkis teisingai, auginki savo \u0161unel\u012f atsakingai!<\/li>\n<li>DIDELI IR STIPR\u016aS: CrazyBonesLT ekskrement\u0173 mai\u0161eliai yra pakankamai dideli visoms \u0161un\u0173 veisl\u0117ms ir i\u0161laiko net 2 litrus vandens!<\/li>\n<li>TINKAMI MAI\u0160ELI\u0172 D\u0116KLIUKAMS: Standatinio dyd\u017eio rulon\u0117liai laisvai tilps \u012f bet kur\u012f d\u0117kliuk\u0105, kur\u012f jau tikriausiai turite &#8211; tad joki\u0173 papildom\u0173 i\u0161laid\u0173!<\/li>\n<\/ul>\n<p>Mai\u0161eli\u0173 sud\u0117tyje nerasite jokio pasl\u0117pto plastiko, chemini\u0173 med\u017eiag\u0173, kurios skatint\u0173 plastiko irim\u0105 \u012f mikro daleles ar kit\u0173 \u017ealing\u0173 sudedam\u0173j\u0173 dali\u0173. Tik nat\u016bral\u016bs produktai!<\/p>\n<p>Ant kiekvieno mai\u0161elio rasite daigo logotip\u0105 &#8211; jis liudija apie tai, jog mai\u0161eliai yra sertifikuoti ir atitinka visus kompostuojamam mai\u0161eliui keliamus reikalavimus (EN 13432 ir ATSM D6400). Taip pat ir OK Compost HOME \u017eenklinim\u0105, kuris liudija, kad nam\u0173 kompostin\u0117je \u0161iam mai\u0161eliui reik\u0117s 180 dien\u0173, kad jis pavirst\u0173 tr\u0105\u0161a. Jei namuose kompostavimo de\u017e\u0117s neturite &#8211; tiesiog meskite mai\u0161elius \u012f bendr\u0173 atliek\u0173 (likusiom po r\u016b\u0161iavimo) konteinerius. Patariama mai\u0161elio neu\u017eri\u0161ti prie\u0161 i\u0161metant \u012f atliek\u0173 d\u0117\u017e\u0119 ar kompostin\u0119 &#8211; tokiu b\u016bdu irimo procesas vyks grei\u010diau ir tolygiau.<\/p>\n<p>D\u0117\u017eut\u0117je rasi 45 mai\u0161elius, susuktus \u012f 3 ritin\u0117lius (15 mai\u0161eli\u0173 kiekviename). Mai\u0161eli\u0173 spalva yra juoda.<\/p>\n<p>Laikymo s\u0105lygos: saugoti nuo tiesiogini\u0173 saul\u0117s spinduli\u0173, laikyti normalioje kambario temeprat\u016broje.<\/p>\n<p>Sunaudoti per 12 m\u0117n. nuo \u012fsigyjimo.<\/p>\n","protected":false},"excerpt":{"rendered":"<p>KOMPOSTUOJAMI: Nat\u016bralioje aplinkoje biologi\u0161kai skaid\u016bs (kompostuojami) mai\u0161eliai suyra \u012f biomas\u0119, vanden\u012f ir anglies dioksid\u0105, nei\u0161skirdami kenksming\u0173 med\u017eiag\u0173, tod\u0117l neturi neigiamo&hellip;<\/p>\n","protected":false},"featured_media":4458,"comment_status":"open","ping_status":"closed","template":"","meta":[],"pwb-brand":[123],"product_cat":[16,140],"product_tag":[],"class_list":{"0":"post-3602","1":"product","2":"type-product","3":"status-publish","4":"has-post-thumbnail","6":"pwb-brand-crazy-bones","7":"product_cat-prieziuros-priemones","8":"product_cat-prieziuros-priemones-crazy-bones","9":"tm-no-options","11":"first","12":"instock","13":"purchasable","14":"product-type-simple"},"brands":[{"id":123,"name":"Crazy Bones","slug":"crazy-bones"}],"_links":{"self":[{"href":"https:\/\/dogsofklaipeda.com\/index.php\/wp-json\/wp\/v2\/product\/3602","targetHints":{"allow":["GET"]}}],"collection":[{"href":"https:\/\/dogsofklaipeda.com\/index.php\/wp-json\/wp\/v2\/product"}],"about":[{"href":"https:\/\/dogsofklaipeda.com\/index.php\/wp-json\/wp\/v2\/types\/product"}],"replies":[{"embeddable":true,"href":"https:\/\/dogsofklaipeda.com\/index.php\/wp-json\/wp\/v2\/comments?post=3602"}],"wp:featuredmedia":[{"embeddable":true,"href":"https:\/\/dogsofklaipeda.com\/index.php\/wp-json\/wp\/v2\/media\/4458"}],"wp:attachment":[{"href":"https:\/\/dogsofklaipeda.com\/index.php\/wp-json\/wp\/v2\/media?parent=3602"}],"wp:term":[{"taxonomy":"pwb-brand","embeddable":true,"href":"https:\/\/dogsofklaipeda.com\/index.php\/wp-json\/wp\/v2\/pwb-brand?post=3602"},{"taxonomy":"product_cat","embeddable":true,"href":"https:\/\/dogsofklaipeda.com\/index.php\/wp-json\/wp\/v2\/product_cat?post=3602"},{"taxonomy":"product_tag","embeddable":true,"href":"https:\/\/dogsofklaipeda.com\/index.php\/wp-json\/wp\/v2\/product_tag?post=3602"}],"curies":[{"name":"wp","href":"https:\/\/api.w.org\/{rel}","templated":true}]}}