{"id":3632,"date":"2020-12-11T14:54:49","date_gmt":"2020-12-11T14:54:49","guid":{"rendered":"http:\/\/dogsofklaipeda.com\/?post_type=product&#038;p=3632"},"modified":"2025-03-16T07:53:37","modified_gmt":"2025-03-16T07:53:37","slug":"ilgaplaukiu-sunu-kondicionierius-200-ml","status":"publish","type":"product","link":"https:\/\/dogsofklaipeda.com\/index.php\/product\/ilgaplaukiu-sunu-kondicionierius-200-ml\/","title":{"rendered":"Ilgaplauki\u0173 \u0161un\u0173 kondicionierius (200 ml)"},"content":{"rendered":"<p><strong>Sveikas \u017evilgesys, glotnumas ir lengvas \u0161ukavimas.\u00a0<\/strong>100%\u00a0 nat\u016bralios sud\u0117ties kondicionierius subalansuotas ilgaplaukiams \u0161unims, ta\u010diau tinkantis ir trumpo plauko savininkams!<strong><br \/>\n<\/strong><\/p>\n<p><strong>Produkto sudedamosios dalys yra 100% nat\u016bralios.\u00a0<\/strong>Kondicionieriaus formul\u0117 sudaryta i\u0161 nat\u016brali\u0173, augalin\u0117s kilm\u0117s med\u017eiag\u0173, kurios \u0161velniai puosel\u0117ja gyv\u016bno kail\u012f ir od\u0105. Sud\u0117tyje n\u0117ra SLS, paraben\u0173 ir kit\u0173 chemini\u0173 med\u017eiag\u0173 bei konservant\u0173.<\/p>\n<p><strong>Aktyv\u016bs ingredientai:\u00a0<\/strong>tikr\u0173j\u0173 alavij\u0173 sultys, ro\u017ei\u0173 hidrolatas, augalinis \u0161ilkas, nerafinuoti simondsij\u0173, argano, ricin\u0173, avokad\u0173 aliejai, kvie\u010di\u0173 proteinai, \u017een\u0161enio ekstraktas, glicerinas, ylang ylang ir balt\u0173j\u0173 greipfrut\u0173 eteriniai aliejai.<\/p>\n<p>\u0160is \u0161ilku praturtintas kondicionierius puikiai tiks ilgaplaukiams gyv\u016bnams, ta\u010diau, sud\u0117tyje taip pat esanti gausyb\u0117 \u012fvairi\u0173, nauding\u0173 bazini\u0173 aliej\u0173 bus labai naudinga ir trumpaplauki\u0173 kailio prie\u017ei\u016brai.<\/p>\n<ul>\n<li><strong>Alavij\u0173 sultys<\/strong>\u00a0nuramina ir \u0161velniai dr\u0117kina gyv\u016bno od\u0105 ir kail\u012f.<\/li>\n<li><strong>Argano aliejus<\/strong>, kuriame yra daug polineso\u010di\u0173j\u0173 riebi\u0173j\u0173 r\u016bg\u0161\u010di\u0173 bei antioksidant\u0173, apsaugo ir pamaitina kail\u012f bei od\u0105, suteikia kailiui \u017evilgesio bei j\u012f sustiprina.<\/li>\n<li><strong>Avokad\u0173 aliejus<\/strong>\u00a0skverbiasi \u012f od\u0105 giliau nei bet kuris kitas aliejus, jis j\u0105 mink\u0161tina ir dr\u0117kina, tad yra puikus pagalbininkas jei gyv\u016bno oda yra pa\u017eeista ar pleiskanojanti.<\/li>\n<li><strong>Simondsij\u0173 aliejus<\/strong>, pasi\u017eymi prie\u0161u\u017edegimin\u0117mis savyb\u0117mis bei intensyviu dr\u0117kinan\u010diu ir maitinan\u010diu poveikiu, tad labai tinka naudoti tuomet, kai augintinio oda i\u0161saus\u0117jusi, pa\u017eeista. Simondsij\u0173 aliejus maitina ir glotnina kail\u012f.<\/li>\n<li><strong>Augalinis \u0161ilkas<\/strong>\u00a0ypa\u010d intensyviai dr\u0117kina kail\u012f ir od\u0105, d\u0117l ko kailis tampa \u0161velnus, stiprus, ma\u017eiau veliasi.<\/li>\n<li><strong>Ricin\u0173 aliejus<\/strong>\u00a0giliai dr\u0117kina, mink\u0161tina bei maitina augintinio od\u0105 ir suteikia kailiui gra\u017e\u0173, sveik\u0105 blizges\u012f, o kartu su ylang ylang eteriniu aliejumi skatina kailio augim\u0105.<\/li>\n<li><strong>\u017den\u0161enis<\/strong>\u00a0yra tonizuojantis ingredientas, kuris skatina greitesn\u012f odos atsinaujinim\u0105, kartu su balt\u0173j\u0173 greipfrut\u0173 eteriniu aliejumi jis sukurs gaivumo ir \u0161varos poj\u016bt\u012f.<\/li>\n<li>Hidrolizuoti\u00a0<strong>kvie\u010di\u0173 proteinai<\/strong>\u00a0naudojami d\u0117l kondicionuojan\u010di\u0173, antistatini\u0173 savybi\u0173.<\/li>\n<\/ul>\n<p><strong>Naudojimas:<\/strong>\u00a0maudant gyv\u016bn\u0105, po \u0161amp\u016bno, naudokite \u0161\u012f kondicionieri\u0173. \u012etrinkite kondicionieri\u0173 sukamaisiais judesiais kol tolygiai pasiskirstys, palaikykite kelias minutes. Kruop\u0161\u010diai i\u0161skalaukite ir nusausinkite kail\u012f.<\/p>\n","protected":false},"excerpt":{"rendered":"<p>Sveikas \u017evilgesys, glotnumas ir lengvas \u0161ukavimas.\u00a0100%\u00a0 nat\u016bralios sud\u0117ties kondicionierius subalansuotas ilgaplaukiams \u0161unims, ta\u010diau tinkantis ir trumpo plauko savininkams! Produkto sudedamosios&hellip;<\/p>\n","protected":false},"featured_media":3633,"comment_status":"open","ping_status":"closed","template":"","meta":[],"pwb-brand":[127],"product_cat":[16,139],"product_tag":[],"class_list":{"0":"post-3632","1":"product","2":"type-product","3":"status-publish","4":"has-post-thumbnail","6":"pwb-brand-biocos-academy","7":"product_cat-prieziuros-priemones","8":"product_cat-prieziuros-priemones-biocos","9":"tm-no-options","11":"first","12":"outofstock","13":"purchasable","14":"product-type-simple"},"brands":[{"id":127,"name":"Biocos academy","slug":"biocos-academy"}],"_links":{"self":[{"href":"https:\/\/dogsofklaipeda.com\/index.php\/wp-json\/wp\/v2\/product\/3632","targetHints":{"allow":["GET"]}}],"collection":[{"href":"https:\/\/dogsofklaipeda.com\/index.php\/wp-json\/wp\/v2\/product"}],"about":[{"href":"https:\/\/dogsofklaipeda.com\/index.php\/wp-json\/wp\/v2\/types\/product"}],"replies":[{"embeddable":true,"href":"https:\/\/dogsofklaipeda.com\/index.php\/wp-json\/wp\/v2\/comments?post=3632"}],"wp:featuredmedia":[{"embeddable":true,"href":"https:\/\/dogsofklaipeda.com\/index.php\/wp-json\/wp\/v2\/media\/3633"}],"wp:attachment":[{"href":"https:\/\/dogsofklaipeda.com\/index.php\/wp-json\/wp\/v2\/media?parent=3632"}],"wp:term":[{"taxonomy":"pwb-brand","embeddable":true,"href":"https:\/\/dogsofklaipeda.com\/index.php\/wp-json\/wp\/v2\/pwb-brand?post=3632"},{"taxonomy":"product_cat","embeddable":true,"href":"https:\/\/dogsofklaipeda.com\/index.php\/wp-json\/wp\/v2\/product_cat?post=3632"},{"taxonomy":"product_tag","embeddable":true,"href":"https:\/\/dogsofklaipeda.com\/index.php\/wp-json\/wp\/v2\/product_tag?post=3632"}],"curies":[{"name":"wp","href":"https:\/\/api.w.org\/{rel}","templated":true}]}}