{"id":3646,"date":"2020-12-11T15:53:57","date_gmt":"2020-12-11T15:53:57","guid":{"rendered":"http:\/\/dogsofklaipeda.com\/?post_type=product&#038;p=3646"},"modified":"2025-08-28T04:12:10","modified_gmt":"2025-08-28T04:12:10","slug":"ausyciu-balzamas-30-ml","status":"publish","type":"product","link":"https:\/\/dogsofklaipeda.com\/index.php\/product\/ausyciu-balzamas-30-ml\/","title":{"rendered":"Ausy\u010di\u0173 balzamas (30 ml)"},"content":{"rendered":"<p><em><strong>\u0160varesn\u0117s ausyt\u0117s \u2013 ma\u017eiau infekcij\u0173, laimingesnis ir sveikesnis gyv\u016bnas!\u00a0<\/strong>I\u0161valo ir nuramina ausytes tiek \u0161unims, tiek kat\u0117ms, tiek kitiems gyv\u016bnams!<\/em><\/p>\n<p>Reguliariai valydami \u0161uns ausis, apsaugosite jas nuo ne\u0161varum\u0173 kaupimosi.\u00a0Sud\u0117tyje 100%\u00a0nat\u016bral\u016bs aliejai ir eteriniai aliejai.<\/p>\n<p>Nimbamed\u017eio\u00a0aliejuje yra gausu riebi\u0173j\u0173, amino r\u016bg\u0161\u010di\u0173, vitamino E, tod\u0117l jis naudingas norint\u00a0atstatyti odos dr\u0117gm\u0117s balans\u0105, dezinfekuoti ir regeneruoti od\u0105.<\/p>\n<p>Medetk\u0173 fitolis\u00a0ypa\u010d vertingas\u00a0<strong>ma\u017einant odos pa\u017eeidimus<\/strong>\u00a0&#8211; \u017eaizdas, randus, nudegimus, u\u017edegimus ir kitus pa\u017eeidimus, veikia tonizuojan\u010diai, raminamai.<\/p>\n<p>Rozmarin\u0173, levand\u0173, ramun\u0117li\u0173, pipirm\u0117\u010di\u0173 eterini\u0173 aliej\u0173 sinergija\u00a0<strong>veikia prie\u0161u\u017edegimi\u0161kai<\/strong>, apsaugo nuo grybeli\u0173, virus\u0173, mikrob\u0173. Ma\u017eina spazmus, atpalaiduoja, ma\u017eina paraudimus.<\/p>\n<p><strong>Naudojimas:<\/strong>\u00a0U\u017ela\u0161inkite aus\u0173 balzamo ant vatos diskelio \u00a0ir kruop\u0161\u010diai nuvalykite vidin\u0119 ausies dal\u012f. Esant stipriai u\u017eter\u0161toms ausims, \u012fla\u0161inkite kelis aus\u0173 balzamo la\u0161us \u012f aus\u012f ir pamasa\u017euokite.\u00a0 Da\u017enu atveju \u0161uo, purtydamas galv\u0105, pats pa\u0161alins aus\u0173 balzamo pertekli\u0173 i\u0161 ausies, o kartu ir sumink\u0161t\u0117jus\u012f aus\u0173 va\u0161k\u0105 ir ne\u0161varumus.\u00a0Balzam\u0105 prie\u0161 naudojim\u0105 suplakite.<\/p>\n","protected":false},"excerpt":{"rendered":"<p>\u0160varesn\u0117s ausyt\u0117s \u2013 ma\u017eiau infekcij\u0173, laimingesnis ir sveikesnis gyv\u016bnas!\u00a0I\u0161valo ir nuramina ausytes tiek \u0161unims, tiek kat\u0117ms, tiek kitiems gyv\u016bnams! Reguliariai&hellip;<\/p>\n","protected":false},"featured_media":7522,"comment_status":"open","ping_status":"closed","template":"","meta":[],"pwb-brand":[127],"product_cat":[16,139],"product_tag":[],"class_list":{"0":"post-3646","1":"product","2":"type-product","3":"status-publish","4":"has-post-thumbnail","6":"pwb-brand-biocos-academy","7":"product_cat-prieziuros-priemones","8":"product_cat-prieziuros-priemones-biocos","9":"tm-no-options","11":"first","12":"instock","13":"purchasable","14":"product-type-simple"},"brands":[{"id":127,"name":"Biocos academy","slug":"biocos-academy"}],"_links":{"self":[{"href":"https:\/\/dogsofklaipeda.com\/index.php\/wp-json\/wp\/v2\/product\/3646","targetHints":{"allow":["GET"]}}],"collection":[{"href":"https:\/\/dogsofklaipeda.com\/index.php\/wp-json\/wp\/v2\/product"}],"about":[{"href":"https:\/\/dogsofklaipeda.com\/index.php\/wp-json\/wp\/v2\/types\/product"}],"replies":[{"embeddable":true,"href":"https:\/\/dogsofklaipeda.com\/index.php\/wp-json\/wp\/v2\/comments?post=3646"}],"wp:featuredmedia":[{"embeddable":true,"href":"https:\/\/dogsofklaipeda.com\/index.php\/wp-json\/wp\/v2\/media\/7522"}],"wp:attachment":[{"href":"https:\/\/dogsofklaipeda.com\/index.php\/wp-json\/wp\/v2\/media?parent=3646"}],"wp:term":[{"taxonomy":"pwb-brand","embeddable":true,"href":"https:\/\/dogsofklaipeda.com\/index.php\/wp-json\/wp\/v2\/pwb-brand?post=3646"},{"taxonomy":"product_cat","embeddable":true,"href":"https:\/\/dogsofklaipeda.com\/index.php\/wp-json\/wp\/v2\/product_cat?post=3646"},{"taxonomy":"product_tag","embeddable":true,"href":"https:\/\/dogsofklaipeda.com\/index.php\/wp-json\/wp\/v2\/product_tag?post=3646"}],"curies":[{"name":"wp","href":"https:\/\/api.w.org\/{rel}","templated":true}]}}