{"id":3654,"date":"2020-12-11T16:07:32","date_gmt":"2020-12-11T16:07:32","guid":{"rendered":"http:\/\/dogsofklaipeda.com\/?post_type=product&#038;p=3654"},"modified":"2025-08-28T04:12:10","modified_gmt":"2025-08-28T04:12:10","slug":"akyciu-valiklis-100-ml","status":"publish","type":"product","link":"https:\/\/dogsofklaipeda.com\/index.php\/product\/akyciu-valiklis-100-ml\/","title":{"rendered":"Aky\u010di\u0173 valiklis (100 ml)"},"content":{"rendered":"<p><strong>Kad akys b\u016bt\u0173 pla\u010diai atmerktos nuotykiams!\u00a0<\/strong>Valiklio sud\u0117tis itin lakoni\u0161ka, o tai leid\u017eia suma\u017einti galim\u0173 alergini\u0173 reakcij\u0173 rizik\u0105. \u0160velnus valiklis tiks tiek \u0161unims, tiek kat\u0117ms, tiek kitiems gyv\u016bnams.<\/p>\n<p>&nbsp;<\/p>\n<p><strong>Sud\u0117tis<\/strong>: Ro\u017ei\u0173 ir rugiag\u0117li\u0173 vanduo<\/p>\n<p><strong>Nauda:\u00a0<\/strong>Subtiliai pagamintas i\u0161 rugiag\u0117li\u0173 ir ro\u017ei\u0173 vandens, kurie padeda nuraminti bei v\u0117sinti pavargusias , patinusias, nie\u017ein\u010dias akis. Nat\u016braliai pa\u0161alina a\u0161ar\u0173 d\u0117mes ir kruop\u0161iai nuvalo ne\u0161varumus. \u0160velniai valo ir giliai maitina , apsaugo plaukus nuo a\u0161ar\u0173 r\u016bg\u0161tingumo. Da\u017enas naudojimas padeda pa\u0161alinti pageltimus aplink akis. \u0160i lengva formul\u0117 tinka tiek \u0161unims, tiek kat\u0117ms.<\/p>\n<p><strong>Naudojimo b\u016bdai<\/strong>: losjonu suvilgykite vatos tampon\u0117l\u012f ir \u0161velniai masa\u017euojant tepkite aplink akis bent du kartus per savait\u0119. Labai saugus ir netoksi\u0161kas, galima vartoti taip da\u017enai, kiek reikia.<\/p>\n","protected":false},"excerpt":{"rendered":"<p>Kad akys b\u016bt\u0173 pla\u010diai atmerktos nuotykiams!\u00a0Valiklio sud\u0117tis itin lakoni\u0161ka, o tai leid\u017eia suma\u017einti galim\u0173 alergini\u0173 reakcij\u0173 rizik\u0105. \u0160velnus valiklis tiks&hellip;<\/p>\n","protected":false},"featured_media":4387,"comment_status":"open","ping_status":"closed","template":"","meta":[],"pwb-brand":[127],"product_cat":[16,139],"product_tag":[],"class_list":{"0":"post-3654","1":"product","2":"type-product","3":"status-publish","4":"has-post-thumbnail","6":"pwb-brand-biocos-academy","7":"product_cat-prieziuros-priemones","8":"product_cat-prieziuros-priemones-biocos","9":"tm-no-options","11":"first","12":"outofstock","13":"purchasable","14":"product-type-simple"},"brands":[{"id":127,"name":"Biocos academy","slug":"biocos-academy"}],"_links":{"self":[{"href":"https:\/\/dogsofklaipeda.com\/index.php\/wp-json\/wp\/v2\/product\/3654","targetHints":{"allow":["GET"]}}],"collection":[{"href":"https:\/\/dogsofklaipeda.com\/index.php\/wp-json\/wp\/v2\/product"}],"about":[{"href":"https:\/\/dogsofklaipeda.com\/index.php\/wp-json\/wp\/v2\/types\/product"}],"replies":[{"embeddable":true,"href":"https:\/\/dogsofklaipeda.com\/index.php\/wp-json\/wp\/v2\/comments?post=3654"}],"wp:featuredmedia":[{"embeddable":true,"href":"https:\/\/dogsofklaipeda.com\/index.php\/wp-json\/wp\/v2\/media\/4387"}],"wp:attachment":[{"href":"https:\/\/dogsofklaipeda.com\/index.php\/wp-json\/wp\/v2\/media?parent=3654"}],"wp:term":[{"taxonomy":"pwb-brand","embeddable":true,"href":"https:\/\/dogsofklaipeda.com\/index.php\/wp-json\/wp\/v2\/pwb-brand?post=3654"},{"taxonomy":"product_cat","embeddable":true,"href":"https:\/\/dogsofklaipeda.com\/index.php\/wp-json\/wp\/v2\/product_cat?post=3654"},{"taxonomy":"product_tag","embeddable":true,"href":"https:\/\/dogsofklaipeda.com\/index.php\/wp-json\/wp\/v2\/product_tag?post=3654"}],"curies":[{"name":"wp","href":"https:\/\/api.w.org\/{rel}","templated":true}]}}