{"id":3669,"date":"2020-12-11T18:21:55","date_gmt":"2020-12-11T18:21:55","guid":{"rendered":"http:\/\/dogsofklaipeda.com\/?post_type=product&#038;p=3669"},"modified":"2025-03-16T07:50:53","modified_gmt":"2025-03-16T07:50:53","slug":"balzamas-pazeistoms-pedutems-30-ml","status":"publish","type":"product","link":"https:\/\/dogsofklaipeda.com\/index.php\/product\/balzamas-pazeistoms-pedutems-30-ml\/","title":{"rendered":"Pa\u017eeistoms p\u0117dut\u0117ms (30 ml)"},"content":{"rendered":"<p><strong>Balzamas pa\u017eeistoms \u0161un\u0173 p\u0117dut\u0117ms 30 ml<\/strong><\/p>\n<p><strong>\u0160velnume slypi j\u0117ga!<\/strong>\u00a0Dr\u0105siai leiskit\u0117s \u012f visus nuotykius, nes po nepakartojam\u0173 i\u0161dykavim\u0173 pa\u017eeistas p\u0117dutes dabar taip paprasta palepinti. Tinka tiek \u0161unims, tiek kat\u0117ms.<\/p>\n<p>Praturtintas ekologi\u0161ku \u0161altalanki\u0173 aliejumi aliejumi.<em><br \/>\n<\/em><\/p>\n<p><strong>Sud\u0117tis<\/strong>: Nat\u016bral\u016bs nerafinuoti kokos\u0173, sezam\u0173, \u0161altalanki\u0173, migdol\u0173 aliejai, bi\u010di\u0173 va\u0161kas, vitaminas E.<\/p>\n<p><strong>Nauda<\/strong>: Itin veiksmingai\u00a0<strong>saugo<\/strong>\u00a0\u0161uniuko p\u0117dutes nuo kenksming\u0173 \u012f\u0161or\u0117s veiksni\u0173: \u0161al\u010dio, drusk\u0173, taip pat ir nuo kar\u0161\u010dio ir sauso oro. Nat\u016bral\u016bs aliejai\u00a0<strong>maitina ir sumink\u0161tina od\u0105<\/strong>\u00a0, o bi\u010di\u0173 va\u0161kas\u00a0<strong>sukuria apsaugin\u0119 pl\u0117vel\u0119<\/strong>. Sud\u0117tyje esantys \u0161altalanki\u0173 aliejus ir vitaminas E ,\u00a0<strong>padeda \u012fveikti u\u017edegiminius procesus<\/strong>,\u00a0<strong>atstato pa\u017eeist\u0105 p\u0117du\u010di\u0173 od\u0105<\/strong>, nuramina odos nelygumus, \u0161erpetojimus, \u012ftr\u016bkimus.<\/p>\n<p><strong>Naudojimas<\/strong>: Gr\u012f\u017eus po pasivaik\u0161\u010diojimo kruop\u0161\u010diai nusausinti p\u0117dutes , nuvalyti susikaupusio purvo liku\u010dius ir patepti balzamu.<\/p>\n","protected":false},"excerpt":{"rendered":"<p>Balzamas pa\u017eeistoms \u0161un\u0173 p\u0117dut\u0117ms 30 ml \u0160velnume slypi j\u0117ga!\u00a0Dr\u0105siai leiskit\u0117s \u012f visus nuotykius, nes po nepakartojam\u0173 i\u0161dykavim\u0173 pa\u017eeistas p\u0117dutes dabar&hellip;<\/p>\n","protected":false},"featured_media":3670,"comment_status":"open","ping_status":"closed","template":"","meta":[],"pwb-brand":[127],"product_cat":[16,139],"product_tag":[],"class_list":{"0":"post-3669","1":"product","2":"type-product","3":"status-publish","4":"has-post-thumbnail","6":"pwb-brand-biocos-academy","7":"product_cat-prieziuros-priemones","8":"product_cat-prieziuros-priemones-biocos","9":"tm-no-options","11":"first","12":"instock","13":"purchasable","14":"product-type-simple"},"brands":[{"id":127,"name":"Biocos academy","slug":"biocos-academy"}],"_links":{"self":[{"href":"https:\/\/dogsofklaipeda.com\/index.php\/wp-json\/wp\/v2\/product\/3669","targetHints":{"allow":["GET"]}}],"collection":[{"href":"https:\/\/dogsofklaipeda.com\/index.php\/wp-json\/wp\/v2\/product"}],"about":[{"href":"https:\/\/dogsofklaipeda.com\/index.php\/wp-json\/wp\/v2\/types\/product"}],"replies":[{"embeddable":true,"href":"https:\/\/dogsofklaipeda.com\/index.php\/wp-json\/wp\/v2\/comments?post=3669"}],"wp:featuredmedia":[{"embeddable":true,"href":"https:\/\/dogsofklaipeda.com\/index.php\/wp-json\/wp\/v2\/media\/3670"}],"wp:attachment":[{"href":"https:\/\/dogsofklaipeda.com\/index.php\/wp-json\/wp\/v2\/media?parent=3669"}],"wp:term":[{"taxonomy":"pwb-brand","embeddable":true,"href":"https:\/\/dogsofklaipeda.com\/index.php\/wp-json\/wp\/v2\/pwb-brand?post=3669"},{"taxonomy":"product_cat","embeddable":true,"href":"https:\/\/dogsofklaipeda.com\/index.php\/wp-json\/wp\/v2\/product_cat?post=3669"},{"taxonomy":"product_tag","embeddable":true,"href":"https:\/\/dogsofklaipeda.com\/index.php\/wp-json\/wp\/v2\/product_tag?post=3669"}],"curies":[{"name":"wp","href":"https:\/\/api.w.org\/{rel}","templated":true}]}}