{"id":3687,"date":"2020-12-11T19:01:12","date_gmt":"2020-12-11T19:01:12","guid":{"rendered":"http:\/\/dogsofklaipeda.com\/?post_type=product&#038;p=3687"},"modified":"2025-03-16T07:50:12","modified_gmt":"2025-03-16T07:50:12","slug":"antistress-purskalas-sunims-100-ml","status":"publish","type":"product","link":"https:\/\/dogsofklaipeda.com\/index.php\/product\/antistress-purskalas-sunims-100-ml\/","title":{"rendered":"\u201eAntistress\u201c pur\u0161kalas \u0161unims (100 ml)"},"content":{"rendered":"<p><strong>Rami oda ir harmoningos emocijos!<\/strong>\u00a0D\u0117l savo 100%\u00a0 nat\u016bralios sud\u0117ties pur\u0161kalas saugus naudoti vis\u0173 am\u017eiaus grupi\u0173 \u0161unims.<\/p>\n<p>Sud\u0117tyje esantis alavijas pasi\u017eymi intensyviai dr\u0117kinan\u010diomis, sudirgusi\u0105, pa\u017eeist\u0105, nie\u017etin\u010di\u0105 od\u0105 raminan\u010diomis savyb\u0117mis. Nat\u016bral\u016bs levand\u0173, bergamo\u010di\u0173, atlasini\u0173 kedr\u0173 bei apelsin\u0173 eteriniai aliejai padeda nusiraminti, stabilizuoti emocijas, \u012fveikti baimes ir nerim\u0105.<\/p>\n<p><b>T\u016bris:\u00a0<\/b>100 ml<\/p>\n<div><b>Aktyv\u016bs ingredientai:<\/b>\u00a0aloe vera sultys, levand\u0173, bergamo\u010di\u0173, atlasini\u0173 kedr\u0173, apelsin\u0173 eteriniai aliejai.<\/div>\n<div>Sud\u0117tyje esantis alavijas pasi\u017eymi intensyviai dr\u0117kinan\u010diomis, sudirgusi\u0105, pa\u017eeist\u0105, nie\u017etin\u010di\u0105 od\u0105 raminan\u010diomis savyb\u0117mis. Nat\u016bral\u016bs eteriniai aliejai padeda nuraminti, stabilizuoti emocijas, \u012fveikti baimes ir nerim\u0105.<\/div>\n<div><\/div>\n<div><b>Naudojimas:<\/b>\u00a0kelis kartus per dien\u0105\u00a0 purk\u0161kite ant gyv\u016bno kailio. Tai puiki pagalba \u012fsigijus augintin\u012f, kelioni\u0173, parod\u0173 metu, ve\u017eant \u0161un\u012f pas gydytojus ar \u012f kirpykl\u0105, paliekant vien\u0105 namuose.<\/div>\n<div>D\u0117l savo 100 %\u00a0 sud\u0117ties pur\u0161kalas saugus naudoti vis\u0173 am\u017eiaus grupi\u0173 \u0161unims.<\/div>\n<div><\/div>\n<div><b>Saugumo priemon\u0117:<\/b>\u00a0saugoti gyv\u016bno akis.<\/div>\n","protected":false},"excerpt":{"rendered":"<p>Rami oda ir harmoningos emocijos!\u00a0D\u0117l savo 100%\u00a0 nat\u016bralios sud\u0117ties pur\u0161kalas saugus naudoti vis\u0173 am\u017eiaus grupi\u0173 \u0161unims. Sud\u0117tyje esantis alavijas pasi\u017eymi&hellip;<\/p>\n","protected":false},"featured_media":4384,"comment_status":"open","ping_status":"closed","template":"","meta":[],"pwb-brand":[127],"product_cat":[16,139],"product_tag":[],"class_list":{"0":"post-3687","1":"product","2":"type-product","3":"status-publish","4":"has-post-thumbnail","6":"pwb-brand-biocos-academy","7":"product_cat-prieziuros-priemones","8":"product_cat-prieziuros-priemones-biocos","9":"tm-no-options","11":"first","12":"outofstock","13":"purchasable","14":"product-type-simple"},"brands":[{"id":127,"name":"Biocos academy","slug":"biocos-academy"}],"_links":{"self":[{"href":"https:\/\/dogsofklaipeda.com\/index.php\/wp-json\/wp\/v2\/product\/3687","targetHints":{"allow":["GET"]}}],"collection":[{"href":"https:\/\/dogsofklaipeda.com\/index.php\/wp-json\/wp\/v2\/product"}],"about":[{"href":"https:\/\/dogsofklaipeda.com\/index.php\/wp-json\/wp\/v2\/types\/product"}],"replies":[{"embeddable":true,"href":"https:\/\/dogsofklaipeda.com\/index.php\/wp-json\/wp\/v2\/comments?post=3687"}],"wp:featuredmedia":[{"embeddable":true,"href":"https:\/\/dogsofklaipeda.com\/index.php\/wp-json\/wp\/v2\/media\/4384"}],"wp:attachment":[{"href":"https:\/\/dogsofklaipeda.com\/index.php\/wp-json\/wp\/v2\/media?parent=3687"}],"wp:term":[{"taxonomy":"pwb-brand","embeddable":true,"href":"https:\/\/dogsofklaipeda.com\/index.php\/wp-json\/wp\/v2\/pwb-brand?post=3687"},{"taxonomy":"product_cat","embeddable":true,"href":"https:\/\/dogsofklaipeda.com\/index.php\/wp-json\/wp\/v2\/product_cat?post=3687"},{"taxonomy":"product_tag","embeddable":true,"href":"https:\/\/dogsofklaipeda.com\/index.php\/wp-json\/wp\/v2\/product_tag?post=3687"}],"curies":[{"name":"wp","href":"https:\/\/api.w.org\/{rel}","templated":true}]}}