{"id":3704,"date":"2020-12-14T14:47:03","date_gmt":"2020-12-14T14:47:03","guid":{"rendered":"http:\/\/dogsofklaipeda.com\/?post_type=product&#038;p=3704"},"modified":"2023-12-08T09:34:32","modified_gmt":"2023-12-08T09:34:32","slug":"gintarinis-antkaklis-24-29-cm","status":"publish","type":"product","link":"https:\/\/dogsofklaipeda.com\/index.php\/product\/gintarinis-antkaklis-24-29-cm\/","title":{"rendered":"Gintarinis antkaklis (24-29 cm)"},"content":{"rendered":"<p><strong>Puo\u0161mena<\/strong>: antkakliai yra gaminami i\u0161 Baltijos gintaro, surinkto Lietuvoje, o u\u017esegimui naudojama metalin\u0117 sagtel\u0117. Gintarinis antkaklis gali b\u016bti puo\u0161nus aksesuaras J\u016bs\u0173 augintiniui.<\/p>\n<p>Gamintojas: MB Amber Love<\/p>\n","protected":false},"excerpt":{"rendered":"<p>Puo\u0161mena: antkakliai yra gaminami i\u0161 Baltijos gintaro, surinkto Lietuvoje, o u\u017esegimui naudojama metalin\u0117 sagtel\u0117. Gintarinis antkaklis gali b\u016bti puo\u0161nus aksesuaras&hellip;<\/p>\n","protected":false},"featured_media":3720,"comment_status":"open","ping_status":"closed","template":"","meta":[],"pwb-brand":[122],"product_cat":[32,135,118,129],"product_tag":[],"class_list":{"0":"post-3704","1":"product","2":"type-product","3":"status-publish","4":"has-post-thumbnail","6":"pwb-brand-amber-with-love","7":"product_cat-aksesuarai","8":"product_cat-aksesuarai-amber","9":"product_cat-antkakliai","10":"product_cat-antkakliai-amber","11":"tm-no-options","13":"first","14":"instock","15":"purchasable","16":"product-type-simple"},"brands":[{"id":122,"name":"Amber with Love","slug":"amber-with-love"}],"_links":{"self":[{"href":"https:\/\/dogsofklaipeda.com\/index.php\/wp-json\/wp\/v2\/product\/3704","targetHints":{"allow":["GET"]}}],"collection":[{"href":"https:\/\/dogsofklaipeda.com\/index.php\/wp-json\/wp\/v2\/product"}],"about":[{"href":"https:\/\/dogsofklaipeda.com\/index.php\/wp-json\/wp\/v2\/types\/product"}],"replies":[{"embeddable":true,"href":"https:\/\/dogsofklaipeda.com\/index.php\/wp-json\/wp\/v2\/comments?post=3704"}],"wp:featuredmedia":[{"embeddable":true,"href":"https:\/\/dogsofklaipeda.com\/index.php\/wp-json\/wp\/v2\/media\/3720"}],"wp:attachment":[{"href":"https:\/\/dogsofklaipeda.com\/index.php\/wp-json\/wp\/v2\/media?parent=3704"}],"wp:term":[{"taxonomy":"pwb-brand","embeddable":true,"href":"https:\/\/dogsofklaipeda.com\/index.php\/wp-json\/wp\/v2\/pwb-brand?post=3704"},{"taxonomy":"product_cat","embeddable":true,"href":"https:\/\/dogsofklaipeda.com\/index.php\/wp-json\/wp\/v2\/product_cat?post=3704"},{"taxonomy":"product_tag","embeddable":true,"href":"https:\/\/dogsofklaipeda.com\/index.php\/wp-json\/wp\/v2\/product_tag?post=3704"}],"curies":[{"name":"wp","href":"https:\/\/api.w.org\/{rel}","templated":true}]}}