{"id":3895,"date":"2021-01-14T11:40:31","date_gmt":"2021-01-14T11:40:31","guid":{"rendered":"http:\/\/dogsofklaipeda.com\/?post_type=product&#038;p=3895"},"modified":"2025-03-16T07:56:29","modified_gmt":"2025-03-16T07:56:29","slug":"neutralus-sampunas-200-ml","status":"publish","type":"product","link":"https:\/\/dogsofklaipeda.com\/index.php\/product\/neutralus-sampunas-200-ml\/","title":{"rendered":"Neutralus \u0161amp\u016bnas 200 ml"},"content":{"rendered":"<p><strong>Genealumas paprastume!<\/strong>\u00a0Antialerginis \u0161amp\u016bnas yra 100 % nat\u016bralus gaminys, tinkantis \u0161unims, kat\u0117ms ir kitiems gyv\u016bnams. Tinka alergi\u0161kiems bei jauniems gyv\u016bnams!<\/p>\n<p><strong>Produkto sudedamosios dalys yra 100% nat\u016bralios.\u00a0<\/strong>\u0160amp\u016bno formul\u0117 sudaryta i\u0161 nat\u016brali\u0173, augalin\u0117s kilm\u0117s med\u017eiag\u0173, kurios \u0161velniai i\u0161plauna ir puosel\u0117ja gyv\u016bno kail\u012f ir od\u0105. Sud\u0117tyje n\u0117ra SLS, paraben\u0173 ir kit\u0173 chemini\u0173 med\u017eiag\u0173 bei konservant\u0173.<\/p>\n<p><strong>Aktyv\u016bs ingredientai:\u00a0<\/strong>levand\u0173 hidrolatas, nerafinuotas simondsij\u0173 aliejus, kvie\u010di\u0173 proteinai, glicerinas. Sud\u0117tyje n\u0117ra kvapi\u0173j\u0173 med\u017eiag\u0173 bei eterini\u0173 aliej\u0173.<\/p>\n<p>Paprasta ir nesud\u0117tinga produkto sud\u0117tis leid\u017eia suma\u017einti galim\u0173 alergini\u0173 reakcij\u0173 rizik\u0105, \u0161amp\u016bnas puikiai tiks gyv\u016bnams kuri\u0173 oda yra jautri ar sudirgusi.<\/p>\n<ul>\n<li><strong>Levand\u0173 vanduo<\/strong> turi antiseptini\u0173, raminan\u010di\u0173 savybi\u0173, jis padeda ma\u017einti \u017eaizdeles, tod\u0117l puikiai tinka jei augintinio odos pavir\u0161ius yra pa\u017eeistas. Raminantis levand\u0173 kvapas gyv\u016bn\u0173 vonios proced\u016bras malonesn\u0117mis paver\u010dia tiek augintiniui, tiek patiems Jums (tikime, kad \u0161uniuk\u0173 maudyn\u0117s yra kantryb\u0117s reikalaujanti misija ne tik mums :).<\/li>\n<li><strong>Simondsij\u0173 aliejus<\/strong>\u00a0pasi\u017eymi prie\u0161u\u017edegimin\u0117mis savyb\u0117mis bei intensyviu dr\u0117kinan\u010diu ir maitinan\u010diu poveikiu tad labai tinka naudoti tuomet, kai augintinio oda i\u0161saus\u0117jusi, pa\u017eeista. Simondsij\u0173 aliejus maitina ir glotnina kail\u012f.<\/li>\n<li><strong>Hidrolizuoti kvie\u010di\u0173 proteinai<\/strong>\u00a0naudojami d\u0117l kondicionuojan\u010di\u0173, antistatini\u0173 savybi\u0173.<\/li>\n<\/ul>\n<p>&nbsp;<\/p>\n<p><strong>Naudojimas:<\/strong>\u00a0sudr\u0117kinkite gyv\u016bno kail\u012f \u0161iltu vandeniu. \u012etrinkite \u0161amp\u016bn\u0105 sukamaisiais judesiais kol suputos bei tolygiai pasiskirstys. Kruop\u0161\u010diai i\u0161skalaukite ir nusausinkite kail\u012f.<\/p>\n","protected":false},"excerpt":{"rendered":"<p>Genealumas paprastume!\u00a0Antialerginis \u0161amp\u016bnas yra 100 % nat\u016bralus gaminys, tinkantis \u0161unims, kat\u0117ms ir kitiems gyv\u016bnams. Tinka alergi\u0161kiems bei jauniems gyv\u016bnams! Produkto&hellip;<\/p>\n","protected":false},"featured_media":3896,"comment_status":"open","ping_status":"closed","template":"","meta":[],"pwb-brand":[127],"product_cat":[16,139],"product_tag":[],"class_list":{"0":"post-3895","1":"product","2":"type-product","3":"status-publish","4":"has-post-thumbnail","6":"pwb-brand-biocos-academy","7":"product_cat-prieziuros-priemones","8":"product_cat-prieziuros-priemones-biocos","9":"tm-no-options","11":"first","12":"onbackorder","13":"purchasable","14":"product-type-simple"},"brands":[{"id":127,"name":"Biocos academy","slug":"biocos-academy"}],"_links":{"self":[{"href":"https:\/\/dogsofklaipeda.com\/index.php\/wp-json\/wp\/v2\/product\/3895","targetHints":{"allow":["GET"]}}],"collection":[{"href":"https:\/\/dogsofklaipeda.com\/index.php\/wp-json\/wp\/v2\/product"}],"about":[{"href":"https:\/\/dogsofklaipeda.com\/index.php\/wp-json\/wp\/v2\/types\/product"}],"replies":[{"embeddable":true,"href":"https:\/\/dogsofklaipeda.com\/index.php\/wp-json\/wp\/v2\/comments?post=3895"}],"wp:featuredmedia":[{"embeddable":true,"href":"https:\/\/dogsofklaipeda.com\/index.php\/wp-json\/wp\/v2\/media\/3896"}],"wp:attachment":[{"href":"https:\/\/dogsofklaipeda.com\/index.php\/wp-json\/wp\/v2\/media?parent=3895"}],"wp:term":[{"taxonomy":"pwb-brand","embeddable":true,"href":"https:\/\/dogsofklaipeda.com\/index.php\/wp-json\/wp\/v2\/pwb-brand?post=3895"},{"taxonomy":"product_cat","embeddable":true,"href":"https:\/\/dogsofklaipeda.com\/index.php\/wp-json\/wp\/v2\/product_cat?post=3895"},{"taxonomy":"product_tag","embeddable":true,"href":"https:\/\/dogsofklaipeda.com\/index.php\/wp-json\/wp\/v2\/product_tag?post=3895"}],"curies":[{"name":"wp","href":"https:\/\/api.w.org\/{rel}","templated":true}]}}