{"id":3897,"date":"2021-01-14T11:44:13","date_gmt":"2021-01-14T11:44:13","guid":{"rendered":"http:\/\/dogsofklaipeda.com\/?post_type=product&#038;p=3897"},"modified":"2025-03-25T12:29:52","modified_gmt":"2025-03-25T12:29:52","slug":"muilas-sampunas-su-nimbamedziu-60-g","status":"publish","type":"product","link":"https:\/\/dogsofklaipeda.com\/index.php\/product\/muilas-sampunas-su-nimbamedziu-60-g\/","title":{"rendered":"Muilas-\u0161amp\u016bnas su nimbamed\u017eiu 60 g"},"content":{"rendered":"<p><strong>Visa j\u0117ga aliejuose!\u00a0<\/strong>Patogus naudoti, 100 %\u00a0 nat\u016bralios sud\u0117ties kietasis muilas \u2013 \u0161amp\u016bnas tinka tiek vieti\u0161kam naudojimui, tiek viso k\u016bno plovimui. Tinka \u0161unims, kat\u0117ms ir kitiems gyv\u016bnams.<strong><br \/>\n<\/strong><\/p>\n<p><strong>Produkto sudedamosios dalys yra 100% nat\u016bralios. Tinka \u0161unims, kat\u0117ms ir kitiems gyv\u016bnams<\/strong><\/p>\n<p>Aktyv\u016bs ingredientai:\u00a0nimbamed\u017eio aliejus, ricin\u0173 aliejus, kokos\u0173 aliejus.<\/p>\n<p>Sud\u0117tyje esan\u010diame nimbamed\u017eio aliejuje yra gausu riebi\u0173j\u0173, amino r\u016bg\u0161\u010di\u0173, vitamino E, tod\u0117l jis naudingas norint atstatyti odos dr\u0117gm\u0117s balans\u0105, dezinfekuoti ir regeneruoti od\u0105. Padeda apsaugoti gyv\u016bn\u0105 nuo nepageidaujam\u0173 vabzd\u017ei\u0173 \u2013 uod\u0173, erki\u0173 &#8211; gamtoje.<\/p>\n<p>Kokos\u0173 aliejus suteikia kailiui apimties, apsaugo nuo i\u0161saus\u0117jimo, kondicionuoja, pary\u0161kina kailio spalv\u0105.<\/p>\n<p>Ricin\u0173 aliejus turi antibakterin\u012f poveik\u012f, giliai dr\u0117kina, mink\u0161tina, maitin\u0105 od\u0105 ir suteikia kailiui gra\u017e\u0173 sveik\u0105 blizges\u012f.<\/p>\n<p><strong>Naudojimas<\/strong>: sudr\u0117kinkite gyv\u016bno kail\u012f \u0161iltu vandeniu. \u012etrinkite muil\u0105 sukamaisiais jud\u0117siais kol suputos bei tolygiai pasiskirstys. Kruop\u0161\u010diai i\u0161skalaukite ir nusausinkite kail\u012f.<\/p>\n","protected":false},"excerpt":{"rendered":"<p>Visa j\u0117ga aliejuose!\u00a0Patogus naudoti, 100 %\u00a0 nat\u016bralios sud\u0117ties kietasis muilas \u2013 \u0161amp\u016bnas tinka tiek vieti\u0161kam naudojimui, tiek viso k\u016bno plovimui.&hellip;<\/p>\n","protected":false},"featured_media":7520,"comment_status":"open","ping_status":"closed","template":"","meta":[],"pwb-brand":[127],"product_cat":[16,139],"product_tag":[],"class_list":{"0":"post-3897","1":"product","2":"type-product","3":"status-publish","4":"has-post-thumbnail","6":"pwb-brand-biocos-academy","7":"product_cat-prieziuros-priemones","8":"product_cat-prieziuros-priemones-biocos","9":"tm-no-options","11":"first","12":"onbackorder","13":"purchasable","14":"product-type-simple"},"brands":[{"id":127,"name":"Biocos academy","slug":"biocos-academy"}],"_links":{"self":[{"href":"https:\/\/dogsofklaipeda.com\/index.php\/wp-json\/wp\/v2\/product\/3897","targetHints":{"allow":["GET"]}}],"collection":[{"href":"https:\/\/dogsofklaipeda.com\/index.php\/wp-json\/wp\/v2\/product"}],"about":[{"href":"https:\/\/dogsofklaipeda.com\/index.php\/wp-json\/wp\/v2\/types\/product"}],"replies":[{"embeddable":true,"href":"https:\/\/dogsofklaipeda.com\/index.php\/wp-json\/wp\/v2\/comments?post=3897"}],"wp:featuredmedia":[{"embeddable":true,"href":"https:\/\/dogsofklaipeda.com\/index.php\/wp-json\/wp\/v2\/media\/7520"}],"wp:attachment":[{"href":"https:\/\/dogsofklaipeda.com\/index.php\/wp-json\/wp\/v2\/media?parent=3897"}],"wp:term":[{"taxonomy":"pwb-brand","embeddable":true,"href":"https:\/\/dogsofklaipeda.com\/index.php\/wp-json\/wp\/v2\/pwb-brand?post=3897"},{"taxonomy":"product_cat","embeddable":true,"href":"https:\/\/dogsofklaipeda.com\/index.php\/wp-json\/wp\/v2\/product_cat?post=3897"},{"taxonomy":"product_tag","embeddable":true,"href":"https:\/\/dogsofklaipeda.com\/index.php\/wp-json\/wp\/v2\/product_tag?post=3897"}],"curies":[{"name":"wp","href":"https:\/\/api.w.org\/{rel}","templated":true}]}}