{"id":4362,"date":"2022-08-26T13:26:10","date_gmt":"2022-08-26T13:26:10","guid":{"rendered":"https:\/\/dogsofklaipeda.com\/?post_type=product&#038;p=4362"},"modified":"2025-09-28T05:37:59","modified_gmt":"2025-09-28T05:37:59","slug":"dantu-svara-purskalas-burnos-higienai-2in1-50-ml","status":"publish","type":"product","link":"https:\/\/dogsofklaipeda.com\/index.php\/product\/dantu-svara-purskalas-burnos-higienai-2in1-50-ml\/","title":{"rendered":"DANT\u0172 \u0160VARA pur\u0161kalas burnos higienai 2IN1 (50 ml)"},"content":{"rendered":"<p><b>AKTYV\u016aS INGREDINETAI:<\/b><\/p>\n<ul>\n<li><strong>tikrasis alavijas<\/strong>\u00a0dr\u0117kina gleivin\u0119, ma\u017eina gleivin\u0117s u\u017edegimus;<\/li>\n<li><strong>citrin\u0173<\/strong>\u00a0<strong>eterinis aliejus<\/strong>\u00a0kontroliuoja apna\u0161\u0173 susidarym\u0105;<\/li>\n<li><strong>pipirm\u0117\u010di\u0173 eterinis aliejus<\/strong>\u00a0neutralizuoja blog\u0105 burnos kvap\u0105, gerina vir\u0161kinim\u0105.<\/li>\n<\/ul>\n<p>Tinka vis\u0173 am\u017eiaus grupi\u0173 \u0161unims.<\/p>\n<p><strong>NAUDOJIMAS<\/strong>: praskleiskite l\u016bpas ir u\u017epurk\u0161kite ant dant\u0173 i\u0161 abiej\u0173 pusi\u0173 po vien\u0105 kart\u0105. \u0160uns lie\u017euvis paskirstys skyst\u012f ant dant\u0173. Naudokite kart\u0105 per dien\u0105.<\/p>\n","protected":false},"excerpt":{"rendered":"<p>AKTYV\u016aS INGREDINETAI: tikrasis alavijas\u00a0dr\u0117kina gleivin\u0119, ma\u017eina gleivin\u0117s u\u017edegimus; citrin\u0173\u00a0eterinis aliejus\u00a0kontroliuoja apna\u0161\u0173 susidarym\u0105; pipirm\u0117\u010di\u0173 eterinis aliejus\u00a0neutralizuoja blog\u0105 burnos kvap\u0105, gerina vir\u0161kinim\u0105.&hellip;<\/p>\n","protected":false},"featured_media":4381,"comment_status":"open","ping_status":"closed","template":"","meta":[],"pwb-brand":[127],"product_cat":[16,139],"product_tag":[],"class_list":{"0":"post-4362","1":"product","2":"type-product","3":"status-publish","4":"has-post-thumbnail","6":"pwb-brand-biocos-academy","7":"product_cat-prieziuros-priemones","8":"product_cat-prieziuros-priemones-biocos","9":"tm-no-options","11":"first","12":"instock","13":"purchasable","14":"product-type-simple"},"brands":[{"id":127,"name":"Biocos academy","slug":"biocos-academy"}],"_links":{"self":[{"href":"https:\/\/dogsofklaipeda.com\/index.php\/wp-json\/wp\/v2\/product\/4362","targetHints":{"allow":["GET"]}}],"collection":[{"href":"https:\/\/dogsofklaipeda.com\/index.php\/wp-json\/wp\/v2\/product"}],"about":[{"href":"https:\/\/dogsofklaipeda.com\/index.php\/wp-json\/wp\/v2\/types\/product"}],"replies":[{"embeddable":true,"href":"https:\/\/dogsofklaipeda.com\/index.php\/wp-json\/wp\/v2\/comments?post=4362"}],"wp:featuredmedia":[{"embeddable":true,"href":"https:\/\/dogsofklaipeda.com\/index.php\/wp-json\/wp\/v2\/media\/4381"}],"wp:attachment":[{"href":"https:\/\/dogsofklaipeda.com\/index.php\/wp-json\/wp\/v2\/media?parent=4362"}],"wp:term":[{"taxonomy":"pwb-brand","embeddable":true,"href":"https:\/\/dogsofklaipeda.com\/index.php\/wp-json\/wp\/v2\/pwb-brand?post=4362"},{"taxonomy":"product_cat","embeddable":true,"href":"https:\/\/dogsofklaipeda.com\/index.php\/wp-json\/wp\/v2\/product_cat?post=4362"},{"taxonomy":"product_tag","embeddable":true,"href":"https:\/\/dogsofklaipeda.com\/index.php\/wp-json\/wp\/v2\/product_tag?post=4362"}],"curies":[{"name":"wp","href":"https:\/\/api.w.org\/{rel}","templated":true}]}}