{"id":4373,"date":"2022-08-26T16:29:06","date_gmt":"2022-08-26T16:29:06","guid":{"rendered":"https:\/\/dogsofklaipeda.com\/?post_type=product&#038;p=4373"},"modified":"2023-09-09T08:48:36","modified_gmt":"2023-09-09T08:48:36","slug":"pavadelis-apelsinai-is-pp-virves","status":"publish","type":"product","link":"https:\/\/dogsofklaipeda.com\/index.php\/product\/pavadelis-apelsinai-is-pp-virves\/","title":{"rendered":"Pavad\u0117lis APELSINAI i\u0161 PP virv\u0117s"},"content":{"rendered":"<p>Pavad\u0117lis i\u0161 PP (polipropileno) virv\u0117s. Labai lengvas, patogus ir su \u0161vies\u0105 atspindin\u010diom detal\u0117m<\/p>\n<p>\u2713Pagamintas i\u0161 PP virv\u0117s<\/p>\n<p>\u27136 mm skersmens<\/p>\n<p>\u2713Labai greitai i\u0161d\u017ei\u016bsta<\/p>\n<p>\u2713Labai lengvas<\/p>\n<p>\u2713Metalin\u0117, juodos spalvos furnit\u016bra<\/p>\n<p>\u2713Su \u0161vies\u0105 atspindin\u010diom detal\u0117m &#8211; Must have tamsiuoju sezonu<\/p>\n<p>Pagaminta Lietuvoje.<br \/>\nGamintojas: Niekados \u0161alis<\/p>\n","protected":false},"excerpt":{"rendered":"<p>Pavad\u0117lis i\u0161 PP (polipropileno) virv\u0117s. Labai lengvas, patogus ir su \u0161vies\u0105 atspindin\u010diom detal\u0117m \u2713Pagamintas i\u0161 PP virv\u0117s \u27136 mm skersmens&hellip;<\/p>\n","protected":false},"featured_media":4473,"comment_status":"open","ping_status":"closed","template":"","meta":[],"pwb-brand":[124],"product_cat":[32,137,119,132],"product_tag":[],"class_list":{"0":"post-4373","1":"product","2":"type-product","3":"status-publish","4":"has-post-thumbnail","6":"pwb-brand-niekados-salis","7":"product_cat-aksesuarai","8":"product_cat-aksesuarai-niekados-salis","9":"product_cat-pavadeliai","10":"product_cat-pavadeliai-niekados-salis","11":"tm-no-options","13":"first","14":"instock","15":"purchasable","16":"product-type-variable"},"brands":[{"id":124,"name":"Niekados \u0161alis","slug":"niekados-salis"}],"_links":{"self":[{"href":"https:\/\/dogsofklaipeda.com\/index.php\/wp-json\/wp\/v2\/product\/4373","targetHints":{"allow":["GET"]}}],"collection":[{"href":"https:\/\/dogsofklaipeda.com\/index.php\/wp-json\/wp\/v2\/product"}],"about":[{"href":"https:\/\/dogsofklaipeda.com\/index.php\/wp-json\/wp\/v2\/types\/product"}],"replies":[{"embeddable":true,"href":"https:\/\/dogsofklaipeda.com\/index.php\/wp-json\/wp\/v2\/comments?post=4373"}],"wp:featuredmedia":[{"embeddable":true,"href":"https:\/\/dogsofklaipeda.com\/index.php\/wp-json\/wp\/v2\/media\/4473"}],"wp:attachment":[{"href":"https:\/\/dogsofklaipeda.com\/index.php\/wp-json\/wp\/v2\/media?parent=4373"}],"wp:term":[{"taxonomy":"pwb-brand","embeddable":true,"href":"https:\/\/dogsofklaipeda.com\/index.php\/wp-json\/wp\/v2\/pwb-brand?post=4373"},{"taxonomy":"product_cat","embeddable":true,"href":"https:\/\/dogsofklaipeda.com\/index.php\/wp-json\/wp\/v2\/product_cat?post=4373"},{"taxonomy":"product_tag","embeddable":true,"href":"https:\/\/dogsofklaipeda.com\/index.php\/wp-json\/wp\/v2\/product_tag?post=4373"}],"curies":[{"name":"wp","href":"https:\/\/api.w.org\/{rel}","templated":true}]}}