{"id":4411,"date":"2022-09-02T08:46:50","date_gmt":"2022-09-02T08:46:50","guid":{"rendered":"https:\/\/dogsofklaipeda.com\/?post_type=product&#038;p=4411"},"modified":"2023-01-01T15:17:47","modified_gmt":"2023-01-01T15:17:47","slug":"antkaklis-duo-16-mm-is-biotano","status":"publish","type":"product","link":"https:\/\/dogsofklaipeda.com\/index.php\/product\/antkaklis-duo-16-mm-is-biotano\/","title":{"rendered":"Antkaklis DUO (16 mm) i\u0161 Biotano"},"content":{"rendered":"<p>Stilingas dviej\u0173 spalv\u0173 antkaklis i\u0161\u00a0<strong>Biotano<\/strong>\u00a0(Biothane\u00ae). Pa\u017eadame, j\u016bs\u0173 keturkojis tikrai neliks nepasteb\u0117tas!<\/p>\n<p>\u2713Pagamintas i\u0161 patentuotos med\u017eiagos Biotano (Biothane\u00ae)<\/p>\n<p>\u271316 mm plo\u010dio<\/p>\n<p>\u2713Atsparus vandeniui, \u0161ilumos poveikiams ir UV spinduliams<\/p>\n<p>\u2713Lengvai valosi<\/p>\n<p>\u2713Metalin\u0117, juodos spalvos furnit\u016bra<\/p>\n<p><span class=\"redactor-invisible-space\">\u2713<\/span>I\u0161sirink labiausiai patikusi\u0105 spalv\u0173 kombinacij\u0105<\/p>\n<p>Pagaminta Lietuvoje.<br \/>\nGamintojas: Niekados \u0161alis<\/p>\n","protected":false},"excerpt":{"rendered":"<p>Stilingas dviej\u0173 spalv\u0173 antkaklis i\u0161\u00a0Biotano\u00a0(Biothane\u00ae). Pa\u017eadame, j\u016bs\u0173 keturkojis tikrai neliks nepasteb\u0117tas! \u2713Pagamintas i\u0161 patentuotos med\u017eiagos Biotano (Biothane\u00ae) \u271316 mm plo\u010dio&hellip;<\/p>\n","protected":false},"featured_media":4462,"comment_status":"open","ping_status":"closed","template":"","meta":[],"pwb-brand":[124],"product_cat":[118,130],"product_tag":[],"class_list":{"0":"post-4411","1":"product","2":"type-product","3":"status-publish","4":"has-post-thumbnail","6":"pwb-brand-niekados-salis","7":"product_cat-antkakliai","8":"product_cat-antkakliai-niekados-salis","9":"tm-no-options","11":"first","12":"instock","13":"purchasable","14":"product-type-variable"},"brands":[{"id":124,"name":"Niekados \u0161alis","slug":"niekados-salis"}],"_links":{"self":[{"href":"https:\/\/dogsofklaipeda.com\/index.php\/wp-json\/wp\/v2\/product\/4411","targetHints":{"allow":["GET"]}}],"collection":[{"href":"https:\/\/dogsofklaipeda.com\/index.php\/wp-json\/wp\/v2\/product"}],"about":[{"href":"https:\/\/dogsofklaipeda.com\/index.php\/wp-json\/wp\/v2\/types\/product"}],"replies":[{"embeddable":true,"href":"https:\/\/dogsofklaipeda.com\/index.php\/wp-json\/wp\/v2\/comments?post=4411"}],"wp:featuredmedia":[{"embeddable":true,"href":"https:\/\/dogsofklaipeda.com\/index.php\/wp-json\/wp\/v2\/media\/4462"}],"wp:attachment":[{"href":"https:\/\/dogsofklaipeda.com\/index.php\/wp-json\/wp\/v2\/media?parent=4411"}],"wp:term":[{"taxonomy":"pwb-brand","embeddable":true,"href":"https:\/\/dogsofklaipeda.com\/index.php\/wp-json\/wp\/v2\/pwb-brand?post=4411"},{"taxonomy":"product_cat","embeddable":true,"href":"https:\/\/dogsofklaipeda.com\/index.php\/wp-json\/wp\/v2\/product_cat?post=4411"},{"taxonomy":"product_tag","embeddable":true,"href":"https:\/\/dogsofklaipeda.com\/index.php\/wp-json\/wp\/v2\/product_tag?post=4411"}],"curies":[{"name":"wp","href":"https:\/\/api.w.org\/{rel}","templated":true}]}}