{"id":4428,"date":"2022-09-06T07:50:04","date_gmt":"2022-09-06T07:50:04","guid":{"rendered":"https:\/\/dogsofklaipeda.com\/?post_type=product&#038;p=4428"},"modified":"2022-11-28T00:02:49","modified_gmt":"2022-11-28T00:02:49","slug":"antkaklis-runa-is-biotano-25-mm","status":"publish","type":"product","link":"https:\/\/dogsofklaipeda.com\/index.php\/product\/antkaklis-runa-is-biotano-25-mm\/","title":{"rendered":"Antkaklis RUNA (25 mm) i\u0161 Biotano"},"content":{"rendered":"<p>Antkaklis i\u0161 <strong>Biotano\u00a0<\/strong>(Biothane\u00ae). Vy\u0161nin\u0117s spalvos su alyvuogi\u0173 spalvos detale.<\/p>\n<p>\u2713Pagamintas i\u0161 patentuotos med\u017eiagos Biotano (Biothane\u00ae)<\/p>\n<p>\u271325 mm plo\u010dio<\/p>\n<p>\u2713Atsparus vandeniui, \u0161ilumos poveikiams ir UV spinduliams<\/p>\n<p>\u2713Lengvai valosi<\/p>\n<p>\u2713Metalin\u0117, juodos spalvos furnit\u016bra<\/p>\n<p>Pagaminta Lietuvoje.<br \/>\nGamintojas: Niekados \u0161alis<\/p>\n","protected":false},"excerpt":{"rendered":"<p>Antkaklis i\u0161 Biotano\u00a0(Biothane\u00ae). Vy\u0161nin\u0117s spalvos su alyvuogi\u0173 spalvos detale. \u2713Pagamintas i\u0161 patentuotos med\u017eiagos Biotano (Biothane\u00ae) \u271325 mm plo\u010dio \u2713Atsparus vandeniui,&hellip;<\/p>\n","protected":false},"featured_media":4430,"comment_status":"open","ping_status":"closed","template":"","meta":[],"pwb-brand":[124],"product_cat":[32,137,118,130],"product_tag":[],"class_list":{"0":"post-4428","1":"product","2":"type-product","3":"status-publish","4":"has-post-thumbnail","6":"pwb-brand-niekados-salis","7":"product_cat-aksesuarai","8":"product_cat-aksesuarai-niekados-salis","9":"product_cat-antkakliai","10":"product_cat-antkakliai-niekados-salis","11":"tm-no-options","13":"first","14":"instock","15":"purchasable","16":"product-type-variable","17":"has-default-attributes"},"brands":[{"id":124,"name":"Niekados \u0161alis","slug":"niekados-salis"}],"_links":{"self":[{"href":"https:\/\/dogsofklaipeda.com\/index.php\/wp-json\/wp\/v2\/product\/4428","targetHints":{"allow":["GET"]}}],"collection":[{"href":"https:\/\/dogsofklaipeda.com\/index.php\/wp-json\/wp\/v2\/product"}],"about":[{"href":"https:\/\/dogsofklaipeda.com\/index.php\/wp-json\/wp\/v2\/types\/product"}],"replies":[{"embeddable":true,"href":"https:\/\/dogsofklaipeda.com\/index.php\/wp-json\/wp\/v2\/comments?post=4428"}],"wp:featuredmedia":[{"embeddable":true,"href":"https:\/\/dogsofklaipeda.com\/index.php\/wp-json\/wp\/v2\/media\/4430"}],"wp:attachment":[{"href":"https:\/\/dogsofklaipeda.com\/index.php\/wp-json\/wp\/v2\/media?parent=4428"}],"wp:term":[{"taxonomy":"pwb-brand","embeddable":true,"href":"https:\/\/dogsofklaipeda.com\/index.php\/wp-json\/wp\/v2\/pwb-brand?post=4428"},{"taxonomy":"product_cat","embeddable":true,"href":"https:\/\/dogsofklaipeda.com\/index.php\/wp-json\/wp\/v2\/product_cat?post=4428"},{"taxonomy":"product_tag","embeddable":true,"href":"https:\/\/dogsofklaipeda.com\/index.php\/wp-json\/wp\/v2\/product_tag?post=4428"}],"curies":[{"name":"wp","href":"https:\/\/api.w.org\/{rel}","templated":true}]}}