{"id":4436,"date":"2022-09-07T08:27:58","date_gmt":"2022-09-07T08:27:58","guid":{"rendered":"https:\/\/dogsofklaipeda.com\/?post_type=product&#038;p=4436"},"modified":"2023-01-01T15:15:08","modified_gmt":"2023-01-01T15:15:08","slug":"antkaklis-uno-16-mm-is-biotano","status":"publish","type":"product","link":"https:\/\/dogsofklaipeda.com\/index.php\/product\/antkaklis-uno-16-mm-is-biotano\/","title":{"rendered":"Antkaklis UNO (16 mm) i\u0161 Biotano"},"content":{"rendered":"<p>Stilingas vienspalvis antkaklis i\u0161 Biotano (Biothane\u00ae). Minimalistinis, klasikinis \u012fvaizdis J\u016bs\u0173 keturkojui.<\/p>\n<p>\u2713Pagamintas i\u0161 patentuotos med\u017eiagos Biotano (Biothane\u00ae)<\/p>\n<p>\u271316 mm arba 25 mm plo\u010dio. Ma\u017eiems \u0161uniukams rekomenduojame siauresn\u012f (16 mm plo\u010dio) antkaklio variant\u0105<\/p>\n<p>\u2713Atsparus vandeniui, \u0161ilumos poveikiams ir UV spinduliams<\/p>\n<p>\u2713Lengvai valosi<\/p>\n<p>\u2713Metalin\u0117, juodos spalvos furnit\u016bra<\/p>\n<p>\u2713I\u0161sirink labiausiai patikusi\u0105 spalv\u0105 (bordo &#8211; vy\u0161nios; \u017ealia &#8211; alyvuogi\u0173; geltona &#8211; citrinos)<\/p>\n","protected":false},"excerpt":{"rendered":"<p>Stilingas vienspalvis antkaklis i\u0161 Biotano (Biothane\u00ae). Minimalistinis, klasikinis \u012fvaizdis J\u016bs\u0173 keturkojui. \u2713Pagamintas i\u0161 patentuotos med\u017eiagos Biotano (Biothane\u00ae) \u271316 mm arba&hellip;<\/p>\n","protected":false},"featured_media":4439,"comment_status":"open","ping_status":"closed","template":"","meta":[],"pwb-brand":[124],"product_cat":[32,137,118,130],"product_tag":[],"class_list":{"0":"post-4436","1":"product","2":"type-product","3":"status-publish","4":"has-post-thumbnail","6":"pwb-brand-niekados-salis","7":"product_cat-aksesuarai","8":"product_cat-aksesuarai-niekados-salis","9":"product_cat-antkakliai","10":"product_cat-antkakliai-niekados-salis","11":"tm-no-options","13":"first","14":"instock","15":"purchasable","16":"product-type-variable"},"brands":[{"id":124,"name":"Niekados \u0161alis","slug":"niekados-salis"}],"_links":{"self":[{"href":"https:\/\/dogsofklaipeda.com\/index.php\/wp-json\/wp\/v2\/product\/4436","targetHints":{"allow":["GET"]}}],"collection":[{"href":"https:\/\/dogsofklaipeda.com\/index.php\/wp-json\/wp\/v2\/product"}],"about":[{"href":"https:\/\/dogsofklaipeda.com\/index.php\/wp-json\/wp\/v2\/types\/product"}],"replies":[{"embeddable":true,"href":"https:\/\/dogsofklaipeda.com\/index.php\/wp-json\/wp\/v2\/comments?post=4436"}],"wp:featuredmedia":[{"embeddable":true,"href":"https:\/\/dogsofklaipeda.com\/index.php\/wp-json\/wp\/v2\/media\/4439"}],"wp:attachment":[{"href":"https:\/\/dogsofklaipeda.com\/index.php\/wp-json\/wp\/v2\/media?parent=4436"}],"wp:term":[{"taxonomy":"pwb-brand","embeddable":true,"href":"https:\/\/dogsofklaipeda.com\/index.php\/wp-json\/wp\/v2\/pwb-brand?post=4436"},{"taxonomy":"product_cat","embeddable":true,"href":"https:\/\/dogsofklaipeda.com\/index.php\/wp-json\/wp\/v2\/product_cat?post=4436"},{"taxonomy":"product_tag","embeddable":true,"href":"https:\/\/dogsofklaipeda.com\/index.php\/wp-json\/wp\/v2\/product_tag?post=4436"}],"curies":[{"name":"wp","href":"https:\/\/api.w.org\/{rel}","templated":true}]}}