{"id":4670,"date":"2022-10-22T13:42:56","date_gmt":"2022-10-22T13:42:56","guid":{"rendered":"https:\/\/dogsofklaipeda.com\/?post_type=product&#038;p=4670"},"modified":"2023-01-01T15:06:37","modified_gmt":"2023-01-01T15:06:37","slug":"antkaklis-gile-is-biotano","status":"publish","type":"product","link":"https:\/\/dogsofklaipeda.com\/index.php\/product\/antkaklis-gile-is-biotano\/","title":{"rendered":"Antkaklis GIL\u0116 i\u0161 Biotano"},"content":{"rendered":"<p>Stilingas alyvuogi\u0173 spalvos su ry\u0161kia geltona detale antkaklis i\u0161<strong>\u00a0Biotano<\/strong>\u00a0(Biothane\u00ae). Pa\u017eadame, j\u016bs\u0173 keturkojis tikrai neliks nepasteb\u0117tas!<\/p>\n<p>\u2713Pagamintas i\u0161 patentuotos med\u017eiagos Biotano (Biothane\u00ae)<\/p>\n<p>\u271325 mm plo\u010dio<\/p>\n<p>\u2713Atsparus vandeniui, \u0161ilumos poveikiams ir UV spinduliams<\/p>\n<p>\u2713Lengvai valosi<\/p>\n<p>\u2713Metalin\u0117, juodos spalvos furnit\u016bra<\/p>\n<p>\u2713I\u0161sirink derant\u012f pavad\u0117l\u012f arba vis\u0105 komplekt\u0105<\/p>\n<p>Pagaminta Lietuvoje.<br \/>\nGamintojas: Niekados \u0161alis<\/p>\n","protected":false},"excerpt":{"rendered":"<p>Stilingas alyvuogi\u0173 spalvos su ry\u0161kia geltona detale antkaklis i\u0161\u00a0Biotano\u00a0(Biothane\u00ae). Pa\u017eadame, j\u016bs\u0173 keturkojis tikrai neliks nepasteb\u0117tas! \u2713Pagamintas i\u0161 patentuotos med\u017eiagos Biotano&hellip;<\/p>\n","protected":false},"featured_media":4680,"comment_status":"open","ping_status":"closed","template":"","meta":[],"pwb-brand":[124],"product_cat":[32,137,118,130],"product_tag":[],"class_list":{"0":"post-4670","1":"product","2":"type-product","3":"status-publish","4":"has-post-thumbnail","6":"pwb-brand-niekados-salis","7":"product_cat-aksesuarai","8":"product_cat-aksesuarai-niekados-salis","9":"product_cat-antkakliai","10":"product_cat-antkakliai-niekados-salis","11":"tm-no-options","13":"first","14":"instock","15":"purchasable","16":"product-type-variable"},"brands":[{"id":124,"name":"Niekados \u0161alis","slug":"niekados-salis"}],"_links":{"self":[{"href":"https:\/\/dogsofklaipeda.com\/index.php\/wp-json\/wp\/v2\/product\/4670","targetHints":{"allow":["GET"]}}],"collection":[{"href":"https:\/\/dogsofklaipeda.com\/index.php\/wp-json\/wp\/v2\/product"}],"about":[{"href":"https:\/\/dogsofklaipeda.com\/index.php\/wp-json\/wp\/v2\/types\/product"}],"replies":[{"embeddable":true,"href":"https:\/\/dogsofklaipeda.com\/index.php\/wp-json\/wp\/v2\/comments?post=4670"}],"wp:featuredmedia":[{"embeddable":true,"href":"https:\/\/dogsofklaipeda.com\/index.php\/wp-json\/wp\/v2\/media\/4680"}],"wp:attachment":[{"href":"https:\/\/dogsofklaipeda.com\/index.php\/wp-json\/wp\/v2\/media?parent=4670"}],"wp:term":[{"taxonomy":"pwb-brand","embeddable":true,"href":"https:\/\/dogsofklaipeda.com\/index.php\/wp-json\/wp\/v2\/pwb-brand?post=4670"},{"taxonomy":"product_cat","embeddable":true,"href":"https:\/\/dogsofklaipeda.com\/index.php\/wp-json\/wp\/v2\/product_cat?post=4670"},{"taxonomy":"product_tag","embeddable":true,"href":"https:\/\/dogsofklaipeda.com\/index.php\/wp-json\/wp\/v2\/product_tag?post=4670"}],"curies":[{"name":"wp","href":"https:\/\/api.w.org\/{rel}","templated":true}]}}