{"id":4734,"date":"2022-10-29T18:16:07","date_gmt":"2022-10-29T18:16:07","guid":{"rendered":"https:\/\/dogsofklaipeda.com\/?post_type=product&#038;p=4734"},"modified":"2024-12-14T05:56:54","modified_gmt":"2024-12-14T05:56:54","slug":"pavadelis-citrina-is-biotano","status":"publish","type":"product","link":"https:\/\/dogsofklaipeda.com\/index.php\/product\/pavadelis-citrina-is-biotano\/","title":{"rendered":"Pavad\u0117lis CITRINA i\u0161 Biotano (ilgis 2 m)"},"content":{"rendered":"<p>Pavad\u0117lis i\u0161 Biotano (Biothane\u00ae). Patogus, stilingas ir ilgaam\u017eis. Pavad\u0117lio ilgis 2 metrai.<\/p>\n<p>\u2713Pagamintas i\u0161 patentuotos med\u017eiagos Biotano (Biothane\u00ae)<\/p>\n<p>\u271316 mm plo\u010dio<\/p>\n<p>\u2713Atsparus vandeniui, \u0161ilumos poveikiams ir UV spinduliams<\/p>\n<p>\u2713Lengvai valosi<\/p>\n<p>\u2713Metalin\u0117, juodos spalvos furnit\u016bra<\/p>\n<p>\u2713Du karabin\u0173 pasirinkimai: \u012fprastas spiralinis, bei padidinto saugumo<\/p>\n<p>\u2713I\u0161sirink derant\u012f antkakl\u012f arba vis\u0105 komplekt\u0105<\/p>\n<p>\u2713Nesl\u012fsta rankoje ir nesusipainioja<\/p>\n<p>\u2713Atlaiko iki 180 kg tr\u016bkimo j\u0117g\u0105<\/p>\n<p>\u2713Tinka ir ma\u017eoms ir didel\u0117ms veisl\u0117ms<\/p>\n<p>Pagaminta Lietuvoje.<br \/>\nGamintojas: Niekados \u0161alis<\/p>\n","protected":false},"excerpt":{"rendered":"<p><strong>Biotanas pasi\u017eymi itin gerom savyb\u0117m, tokiom kaip: atsparumas vandeniui bei lengvas valymas<\/strong>. Jei Tavo \u0161uniukas m\u0117gsta voliotis po purvus ar maudytis up\u0117je\/e\u017eere, ar tiesiog ta\u0161kytis po balas, &#8211; nuo \u0161iol jis tai gal\u0117s daryti be s\u0105\u017ein\u0117s grau\u017eaties!<\/p>\n<p>Nes gr\u012f\u017eus namo tereik\u0117s pavad\u0117l\u012f paki\u0161ti po tekan\u010diu vandeniui arba nuvalyti dr\u0117gna servet\u0117le &#8211; ir antkaklis bus kaip naujas!<\/p>\n","protected":false},"featured_media":4745,"comment_status":"open","ping_status":"closed","template":"","meta":[],"pwb-brand":[124],"product_cat":[32,137,119,132],"product_tag":[],"class_list":{"0":"post-4734","1":"product","2":"type-product","3":"status-publish","4":"has-post-thumbnail","6":"pwb-brand-niekados-salis","7":"product_cat-aksesuarai","8":"product_cat-aksesuarai-niekados-salis","9":"product_cat-pavadeliai","10":"product_cat-pavadeliai-niekados-salis","11":"tm-no-options","13":"first","14":"instock","15":"purchasable","16":"product-type-simple"},"brands":[{"id":124,"name":"Niekados \u0161alis","slug":"niekados-salis"}],"_links":{"self":[{"href":"https:\/\/dogsofklaipeda.com\/index.php\/wp-json\/wp\/v2\/product\/4734","targetHints":{"allow":["GET"]}}],"collection":[{"href":"https:\/\/dogsofklaipeda.com\/index.php\/wp-json\/wp\/v2\/product"}],"about":[{"href":"https:\/\/dogsofklaipeda.com\/index.php\/wp-json\/wp\/v2\/types\/product"}],"replies":[{"embeddable":true,"href":"https:\/\/dogsofklaipeda.com\/index.php\/wp-json\/wp\/v2\/comments?post=4734"}],"wp:featuredmedia":[{"embeddable":true,"href":"https:\/\/dogsofklaipeda.com\/index.php\/wp-json\/wp\/v2\/media\/4745"}],"wp:attachment":[{"href":"https:\/\/dogsofklaipeda.com\/index.php\/wp-json\/wp\/v2\/media?parent=4734"}],"wp:term":[{"taxonomy":"pwb-brand","embeddable":true,"href":"https:\/\/dogsofklaipeda.com\/index.php\/wp-json\/wp\/v2\/pwb-brand?post=4734"},{"taxonomy":"product_cat","embeddable":true,"href":"https:\/\/dogsofklaipeda.com\/index.php\/wp-json\/wp\/v2\/product_cat?post=4734"},{"taxonomy":"product_tag","embeddable":true,"href":"https:\/\/dogsofklaipeda.com\/index.php\/wp-json\/wp\/v2\/product_tag?post=4734"}],"curies":[{"name":"wp","href":"https:\/\/api.w.org\/{rel}","templated":true}]}}