{"id":5447,"date":"2023-02-02T16:57:53","date_gmt":"2023-02-02T16:57:53","guid":{"rendered":"https:\/\/dogsofklaipeda.com\/?post_type=product&#038;p=5447"},"modified":"2026-02-15T06:07:49","modified_gmt":"2026-02-15T06:07:49","slug":"gaiviam-orui-valiklis-kvapu-neutralizatorius-250-ml","status":"publish","type":"product","link":"https:\/\/dogsofklaipeda.com\/index.php\/product\/gaiviam-orui-valiklis-kvapu-neutralizatorius-250-ml\/","title":{"rendered":"GAIVIAM ORUI valiklis &#8211; kvap\u0173 neutralizatorius 250 ml"},"content":{"rendered":"<p>100% nat\u016brali priemon\u0117 valo, dezinfekuoja ir \u0161alina blogus kvapus namini\u0173 gyv\u016bn\u0173 laikymo vietose (narvuose, voljeruose, guoliuose, kambariuose).<\/p>\n<p>\u0160varai, kuri\u0105 saugu ir malonu u\u017euosti! 100% nat\u016brali priemon\u0117 valo, dezinfekuoja ir \u0161alina blogus kvapus namini\u0173 gyv\u016bn\u0173 laikymo vietose (narvuose, voljeruose, guoliuose, kambariuose). Sud\u0117tyje n\u0117ra kenksming\u0173 med\u017eiag\u0173, tod\u0117l saugus naudoti jaun\u0173 ir suaugusi\u0173 gyv\u016bn\u0173 aplinkoje.<\/p>\n<p>AKTYV\u016aS INGREDIENTAI:<\/p>\n<p>malonaus kvapo citrin\u017eoli\u0173 eterinis aliejus itin tinka patalp\u0173 ir daikt\u0173 aromatizavimui, pa\u0161alina nemalonius kvapus;<br \/>\narbatmed\u017eio eterinis aliejus dezinfekuoja ir i\u0161valo patalp\u0173 or\u0105 nuo mikrob\u0173. Aktyviai veikia visas tris mikrob\u0173 grupes: bakterijas, virusus ir grybelius.<br \/>\nNAUDOJIMAS: U\u017epurk\u0161kite priemon\u0117s tiesiai ant valomo pavir\u0161iaus arba ant \u0161luost\u0117s. Jei yra b\u016btinyb\u0117 pakartokite proces\u0105, kol kvapas i\u0161nyks. Nuplaukite vandeniu ir nu\u0161luostykite \u0161variu audiniu.<\/p>\n<p>Sud\u0117tis: kastilijos muilas, citrin\u017eoli\u0173 eterinis aliejus, arbatmed\u017ei\u0173 eterinis aliejus.<\/p>\n","protected":false},"excerpt":{"rendered":"<p>100% nat\u016brali priemon\u0117 valo, dezinfekuoja ir \u0161alina blogus kvapus namini\u0173 gyv\u016bn\u0173 laikymo vietose (narvuose, voljeruose, guoliuose, kambariuose). \u0160varai, kuri\u0105 saugu&hellip;<\/p>\n","protected":false},"featured_media":3987,"comment_status":"open","ping_status":"closed","template":"","meta":[],"pwb-brand":[127],"product_cat":[16,139],"product_tag":[],"class_list":{"0":"post-5447","1":"product","2":"type-product","3":"status-publish","4":"has-post-thumbnail","6":"pwb-brand-biocos-academy","7":"product_cat-prieziuros-priemones","8":"product_cat-prieziuros-priemones-biocos","9":"tm-no-options","11":"first","12":"onbackorder","13":"purchasable","14":"product-type-simple"},"brands":[{"id":127,"name":"Biocos academy","slug":"biocos-academy"}],"_links":{"self":[{"href":"https:\/\/dogsofklaipeda.com\/index.php\/wp-json\/wp\/v2\/product\/5447","targetHints":{"allow":["GET"]}}],"collection":[{"href":"https:\/\/dogsofklaipeda.com\/index.php\/wp-json\/wp\/v2\/product"}],"about":[{"href":"https:\/\/dogsofklaipeda.com\/index.php\/wp-json\/wp\/v2\/types\/product"}],"replies":[{"embeddable":true,"href":"https:\/\/dogsofklaipeda.com\/index.php\/wp-json\/wp\/v2\/comments?post=5447"}],"wp:featuredmedia":[{"embeddable":true,"href":"https:\/\/dogsofklaipeda.com\/index.php\/wp-json\/wp\/v2\/media\/3987"}],"wp:attachment":[{"href":"https:\/\/dogsofklaipeda.com\/index.php\/wp-json\/wp\/v2\/media?parent=5447"}],"wp:term":[{"taxonomy":"pwb-brand","embeddable":true,"href":"https:\/\/dogsofklaipeda.com\/index.php\/wp-json\/wp\/v2\/pwb-brand?post=5447"},{"taxonomy":"product_cat","embeddable":true,"href":"https:\/\/dogsofklaipeda.com\/index.php\/wp-json\/wp\/v2\/product_cat?post=5447"},{"taxonomy":"product_tag","embeddable":true,"href":"https:\/\/dogsofklaipeda.com\/index.php\/wp-json\/wp\/v2\/product_tag?post=5447"}],"curies":[{"name":"wp","href":"https:\/\/api.w.org\/{rel}","templated":true}]}}