{"id":6806,"date":"2023-03-11T15:44:44","date_gmt":"2023-03-11T15:44:44","guid":{"rendered":"https:\/\/dogsofklaipeda.com\/?post_type=product&#038;p=6806"},"modified":"2026-02-15T06:17:47","modified_gmt":"2026-02-15T06:17:47","slug":"20mm-hexa-pavadelis-hepidogo","status":"publish","type":"product","link":"https:\/\/dogsofklaipeda.com\/index.php\/product\/20mm-hexa-pavadelis-hepidogo\/","title":{"rendered":"20mm Hexa pavad\u0117lis Hepidogo"},"content":{"rendered":"<p>Pasirinkite Hexa pavad\u0117lio ir rankenos spalv\u0105 patys<\/p>\n<p>Svarbu!<\/p>\n<p><u>Visi Hepidogo produktai rank\u0173 darbo. Pavad\u0117lius gamina su r\u016bpes\u010diu ir meile, tad pavad\u0117lio gamyba gali u\u017etrukti nuo 5 iki 15 d.d.<br \/>\n<\/u><\/p>\n<div style=\"width: 688px;\" class=\"wp-video\"><!--[if lt IE 9]><script>document.createElement('video');<\/script><![endif]-->\n<video class=\"wp-video-shortcode\" id=\"video-6806-1\" width=\"688\" height=\"1223\" preload=\"metadata\" controls=\"controls\"><source type=\"video\/mp4\" src=\"http:\/\/dogsofklaipeda.com\/wp-content\/uploads\/2023\/03\/Zalias-pavadelis.mp4?_=1\" \/><a href=\"http:\/\/dogsofklaipeda.com\/wp-content\/uploads\/2023\/03\/Zalias-pavadelis.mp4\">http:\/\/dogsofklaipeda.com\/wp-content\/uploads\/2023\/03\/Zalias-pavadelis.mp4<\/a><\/video><\/div>\n<p><u>\u00a0<\/u><\/p>\n","protected":false},"excerpt":{"rendered":"<p>Pasirinkite Hexa pavad\u0117lio ir rankenos spalv\u0105 patys Svarbu! Visi Hepidogo produktai rank\u0173 darbo. Pavad\u0117lius gamina su r\u016bpes\u010diu ir meile, tad&hellip;<\/p>\n","protected":false},"featured_media":6828,"comment_status":"open","ping_status":"closed","template":"","meta":[],"pwb-brand":[188],"product_cat":[119,294],"product_tag":[],"class_list":{"0":"post-6806","1":"product","2":"type-product","3":"status-publish","4":"has-post-thumbnail","6":"pwb-brand-hepidogo","7":"product_cat-pavadeliai","8":"product_cat-pavadeliai-hepidogo","9":"tm-has-options","11":"first","12":"onbackorder","13":"purchasable","14":"product-type-simple"},"brands":[{"id":188,"name":"Hepidogo","slug":"hepidogo"}],"_links":{"self":[{"href":"https:\/\/dogsofklaipeda.com\/index.php\/wp-json\/wp\/v2\/product\/6806","targetHints":{"allow":["GET"]}}],"collection":[{"href":"https:\/\/dogsofklaipeda.com\/index.php\/wp-json\/wp\/v2\/product"}],"about":[{"href":"https:\/\/dogsofklaipeda.com\/index.php\/wp-json\/wp\/v2\/types\/product"}],"replies":[{"embeddable":true,"href":"https:\/\/dogsofklaipeda.com\/index.php\/wp-json\/wp\/v2\/comments?post=6806"}],"wp:featuredmedia":[{"embeddable":true,"href":"https:\/\/dogsofklaipeda.com\/index.php\/wp-json\/wp\/v2\/media\/6828"}],"wp:attachment":[{"href":"https:\/\/dogsofklaipeda.com\/index.php\/wp-json\/wp\/v2\/media?parent=6806"}],"wp:term":[{"taxonomy":"pwb-brand","embeddable":true,"href":"https:\/\/dogsofklaipeda.com\/index.php\/wp-json\/wp\/v2\/pwb-brand?post=6806"},{"taxonomy":"product_cat","embeddable":true,"href":"https:\/\/dogsofklaipeda.com\/index.php\/wp-json\/wp\/v2\/product_cat?post=6806"},{"taxonomy":"product_tag","embeddable":true,"href":"https:\/\/dogsofklaipeda.com\/index.php\/wp-json\/wp\/v2\/product_tag?post=6806"}],"curies":[{"name":"wp","href":"https:\/\/api.w.org\/{rel}","templated":true}]}}