{"id":6851,"date":"2023-03-12T18:52:51","date_gmt":"2023-03-12T18:52:51","guid":{"rendered":"https:\/\/dogsofklaipeda.com\/?post_type=product&#038;p=6851"},"modified":"2026-02-15T08:32:23","modified_gmt":"2026-02-15T08:32:23","slug":"13mm-beta-biotano-pavadelis-hepidogo","status":"publish","type":"product","link":"https:\/\/dogsofklaipeda.com\/index.php\/product\/13mm-beta-biotano-pavadelis-hepidogo\/","title":{"rendered":"13mm BETA biotano pavad\u0117lis Hepidogo"},"content":{"rendered":"<p>Pasirinkite rankenos, pavad\u0117lio ir karabino spalvas<\/p>\n<p><strong>Svarbu<\/strong><strong>!<\/strong><\/p>\n<ul>\n<li><u><strong>Visi Hepidogo produktai rank\u0173 darbo. Pavad\u0117lius gamina su r\u016bpes\u010diu ir meile, tad pavad\u0117lio gamyba gali u\u017etrukti nuo 5 iki 15 d.d.<\/strong><\/u><\/li>\n<\/ul>\n","protected":false},"excerpt":{"rendered":"<p>Pasirinkite rankenos, pavad\u0117lio ir karabino spalvas Svarbu! Visi Hepidogo produktai rank\u0173 darbo. Pavad\u0117lius gamina su r\u016bpes\u010diu ir meile, tad pavad\u0117lio&hellip;<\/p>\n","protected":false},"featured_media":6856,"comment_status":"open","ping_status":"closed","template":"","meta":[],"pwb-brand":[188],"product_cat":[119,294],"product_tag":[],"class_list":{"0":"post-6851","1":"product","2":"type-product","3":"status-publish","4":"has-post-thumbnail","6":"pwb-brand-hepidogo","7":"product_cat-pavadeliai","8":"product_cat-pavadeliai-hepidogo","9":"tm-has-options","11":"first","12":"onbackorder","13":"purchasable","14":"product-type-simple"},"brands":[{"id":188,"name":"Hepidogo","slug":"hepidogo"}],"_links":{"self":[{"href":"https:\/\/dogsofklaipeda.com\/index.php\/wp-json\/wp\/v2\/product\/6851","targetHints":{"allow":["GET"]}}],"collection":[{"href":"https:\/\/dogsofklaipeda.com\/index.php\/wp-json\/wp\/v2\/product"}],"about":[{"href":"https:\/\/dogsofklaipeda.com\/index.php\/wp-json\/wp\/v2\/types\/product"}],"replies":[{"embeddable":true,"href":"https:\/\/dogsofklaipeda.com\/index.php\/wp-json\/wp\/v2\/comments?post=6851"}],"wp:featuredmedia":[{"embeddable":true,"href":"https:\/\/dogsofklaipeda.com\/index.php\/wp-json\/wp\/v2\/media\/6856"}],"wp:attachment":[{"href":"https:\/\/dogsofklaipeda.com\/index.php\/wp-json\/wp\/v2\/media?parent=6851"}],"wp:term":[{"taxonomy":"pwb-brand","embeddable":true,"href":"https:\/\/dogsofklaipeda.com\/index.php\/wp-json\/wp\/v2\/pwb-brand?post=6851"},{"taxonomy":"product_cat","embeddable":true,"href":"https:\/\/dogsofklaipeda.com\/index.php\/wp-json\/wp\/v2\/product_cat?post=6851"},{"taxonomy":"product_tag","embeddable":true,"href":"https:\/\/dogsofklaipeda.com\/index.php\/wp-json\/wp\/v2\/product_tag?post=6851"}],"curies":[{"name":"wp","href":"https:\/\/api.w.org\/{rel}","templated":true}]}}