{"id":6964,"date":"2023-03-25T17:52:05","date_gmt":"2023-03-25T17:52:05","guid":{"rendered":"https:\/\/dogsofklaipeda.com\/?post_type=product&#038;p=6964"},"modified":"2024-10-11T07:33:17","modified_gmt":"2024-10-11T07:33:17","slug":"standartinis-zaislas-su-naturaliu-margu-kailiu-hepidogo","status":"publish","type":"product","link":"https:\/\/dogsofklaipeda.com\/index.php\/product\/standartinis-zaislas-su-naturaliu-margu-kailiu-hepidogo\/","title":{"rendered":"Standartinis \u017eaislas su nat\u016braliu margu kailiu Hepidogo"},"content":{"rendered":"<p><span class=\"tojvnm2t a6sixzi8 abs2jz4q a8s20v7p t1p8iaqh k5wvi7nf q3lfd5jv pk4s997a bipmatt0 cebpdrjk qowsmv63 owwhemhu dp1hu0rb dhp61c6y iyyx5f41\"><strong>Kad \u017eaisliukas tarnaut\u0173 kuo ilgiau, svarbu j\u012f tinkamai pri\u017ei\u016br\u0117ti!<\/strong><br \/>\n<\/span><\/p>\n<p><span class=\"tojvnm2t a6sixzi8 abs2jz4q a8s20v7p t1p8iaqh k5wvi7nf q3lfd5jv pk4s997a bipmatt0 cebpdrjk qowsmv63 owwhemhu dp1hu0rb dhp61c6y iyyx5f41\">\u0160is nat\u016bralaus avies kailio \u017eaislas skirtas \u017eaidimui dviese su \u0161unimi. Nepalikite augintinio savaranki\u0161kai \u017eaisti su \u017eaislu, nes kailis bus nupe\u0161tas. \u017daid\u017eiant skatinkite \u0161uniuk\u0105 k\u0105sti ne \u012f ranken\u0105, o \u012f kail\u012f. \u017daislo ranken\u0105 galima plauti, bet pa\u010dio kailio \u0161lapinti nerekomenduojame. Kailiui i\u0161sitepus ar su\u0161lapus, leiskite jam nat\u016braliai i\u0161d\u017ei\u016bti, o v\u0117liau atsargiai pra\u0161ukuokite.<br \/>\n<\/span><\/p>\n<p><span class=\"tojvnm2t a6sixzi8 abs2jz4q a8s20v7p t1p8iaqh k5wvi7nf q3lfd5jv pk4s997a bipmatt0 cebpdrjk qowsmv63 owwhemhu dp1hu0rb dhp61c6y iyyx5f41\">V\u0117l metas \u017eaidimams!<\/span><\/p>\n<p><em>Svarbu!<\/em><\/p>\n<p><u><em>Visi Hepidogo produktai rank\u0173 darbo. \u017daislus gamina su r\u016bpes\u010diu ir meile, tad \u017eaislo gamyba gali u\u017etrukti nuo 5 iki 10 d.d.<br \/>\n<\/em><\/u><\/p>\n<div style=\"width: 688px;\" class=\"wp-video\"><!--[if lt IE 9]><script>document.createElement('video');<\/script><![endif]-->\n<video class=\"wp-video-shortcode\" id=\"video-6964-1\" width=\"688\" height=\"1223\" preload=\"metadata\" controls=\"controls\"><source type=\"video\/mp4\" src=\"http:\/\/dogsofklaipeda.com\/wp-content\/uploads\/2023\/03\/Zaislas5.mp4?_=1\" \/><a href=\"http:\/\/dogsofklaipeda.com\/wp-content\/uploads\/2023\/03\/Zaislas5.mp4\">http:\/\/dogsofklaipeda.com\/wp-content\/uploads\/2023\/03\/Zaislas5.mp4<\/a><\/video><\/div>\n<p><u><em>\u00a0<\/em><\/u><\/p>\n","protected":false},"excerpt":{"rendered":"<p>Kad \u017eaisliukas tarnaut\u0173 kuo ilgiau, svarbu j\u012f tinkamai pri\u017ei\u016br\u0117ti! \u0160is nat\u016bralaus avies kailio \u017eaislas skirtas \u017eaidimui dviese su \u0161unimi. Nepalikite&hellip;<\/p>\n","protected":false},"featured_media":6966,"comment_status":"open","ping_status":"closed","template":"","meta":[],"pwb-brand":[188],"product_cat":[33,295],"product_tag":[],"class_list":{"0":"post-6964","1":"product","2":"type-product","3":"status-publish","4":"has-post-thumbnail","6":"pwb-brand-hepidogo","7":"product_cat-zaislai","8":"product_cat-zaislai-hepidogo","9":"tm-has-options","11":"first","12":"onbackorder","13":"purchasable","14":"product-type-simple"},"brands":[{"id":188,"name":"Hepidogo","slug":"hepidogo"}],"_links":{"self":[{"href":"https:\/\/dogsofklaipeda.com\/index.php\/wp-json\/wp\/v2\/product\/6964","targetHints":{"allow":["GET"]}}],"collection":[{"href":"https:\/\/dogsofklaipeda.com\/index.php\/wp-json\/wp\/v2\/product"}],"about":[{"href":"https:\/\/dogsofklaipeda.com\/index.php\/wp-json\/wp\/v2\/types\/product"}],"replies":[{"embeddable":true,"href":"https:\/\/dogsofklaipeda.com\/index.php\/wp-json\/wp\/v2\/comments?post=6964"}],"wp:featuredmedia":[{"embeddable":true,"href":"https:\/\/dogsofklaipeda.com\/index.php\/wp-json\/wp\/v2\/media\/6966"}],"wp:attachment":[{"href":"https:\/\/dogsofklaipeda.com\/index.php\/wp-json\/wp\/v2\/media?parent=6964"}],"wp:term":[{"taxonomy":"pwb-brand","embeddable":true,"href":"https:\/\/dogsofklaipeda.com\/index.php\/wp-json\/wp\/v2\/pwb-brand?post=6964"},{"taxonomy":"product_cat","embeddable":true,"href":"https:\/\/dogsofklaipeda.com\/index.php\/wp-json\/wp\/v2\/product_cat?post=6964"},{"taxonomy":"product_tag","embeddable":true,"href":"https:\/\/dogsofklaipeda.com\/index.php\/wp-json\/wp\/v2\/product_tag?post=6964"}],"curies":[{"name":"wp","href":"https:\/\/api.w.org\/{rel}","templated":true}]}}