{"id":6983,"date":"2023-04-01T17:48:40","date_gmt":"2023-04-01T17:48:40","guid":{"rendered":"https:\/\/dogsofklaipeda.com\/?post_type=product&#038;p=6983"},"modified":"2024-02-12T08:13:19","modified_gmt":"2024-02-12T08:13:19","slug":"biotano-antkakliai-hepidogo","status":"publish","type":"product","link":"https:\/\/dogsofklaipeda.com\/index.php\/product\/biotano-antkakliai-hepidogo\/","title":{"rendered":"Biotano antkakliai Hepidogo"},"content":{"rendered":"<p>Biotanas \u2013 tai med\u017eiaga, pasi\u017eyminti savo tvirtumu, atsparumu ir lengva prie\u017ei\u016bra. Tokiomis pat savyb\u0117mis pasi\u017eymi ir biotano antkakliai. Jie neper\u0161lampa, lengvai nusivalo bei yra ilgalaikiai. Kiekvienam \u0161uniukui antkaklis pritaikomas individualiai, pagal pasirinkt\u0105 plot\u012f ir ilg\u012f. Kiekvienas antkaklis yra rank\u0173 darbo, pagamintas Lietuvoje. J\u012f galima priderinti prie biotano pavad\u0117lio spalv\u0173, tod\u0117l pasivaik\u0161\u010diojimas bus ne tik patogus, bet ir stilingas!<\/p>\n<ul>\n<li><u><u><strong>Visi Hepidogo produktai rank\u0173 darbo. Pavad\u0117lius ir antkaklius gamina su r\u016bpes\u010diu ir meile, tad gamyba gali u\u017etrukti nuo 5 iki 15 d.d.<br \/>\n<\/strong><\/u><\/u><div style=\"width: 688px;\" class=\"wp-video\"><!--[if lt IE 9]><script>document.createElement('video');<\/script><![endif]-->\n<video class=\"wp-video-shortcode\" id=\"video-6983-1\" width=\"688\" height=\"1223\" preload=\"metadata\" controls=\"controls\"><source type=\"video\/mp4\" src=\"http:\/\/dogsofklaipeda.com\/wp-content\/uploads\/2023\/04\/Melsvas-pavadelis-antkaklis.mp4?_=1\" \/><a href=\"http:\/\/dogsofklaipeda.com\/wp-content\/uploads\/2023\/04\/Melsvas-pavadelis-antkaklis.mp4\">http:\/\/dogsofklaipeda.com\/wp-content\/uploads\/2023\/04\/Melsvas-pavadelis-antkaklis.mp4<\/a><\/video><\/div><\/p>\n<p><u><strong>\u00a0<\/strong><\/u><\/li>\n<\/ul>\n","protected":false},"excerpt":{"rendered":"<p>Biotanas \u2013 tai med\u017eiaga, pasi\u017eyminti savo tvirtumu, atsparumu ir lengva prie\u017ei\u016bra. Tokiomis pat savyb\u0117mis pasi\u017eymi ir biotano antkakliai. Jie neper\u0161lampa,&hellip;<\/p>\n","protected":false},"featured_media":7016,"comment_status":"open","ping_status":"closed","template":"","meta":[],"pwb-brand":[188],"product_cat":[455],"product_tag":[],"class_list":{"0":"post-6983","1":"product","2":"type-product","3":"status-publish","4":"has-post-thumbnail","6":"pwb-brand-hepidogo","7":"product_cat-antkakliai-hepidogo","8":"tm-has-options","10":"first","11":"onbackorder","12":"purchasable","13":"product-type-simple"},"brands":[{"id":188,"name":"Hepidogo","slug":"hepidogo"}],"_links":{"self":[{"href":"https:\/\/dogsofklaipeda.com\/index.php\/wp-json\/wp\/v2\/product\/6983","targetHints":{"allow":["GET"]}}],"collection":[{"href":"https:\/\/dogsofklaipeda.com\/index.php\/wp-json\/wp\/v2\/product"}],"about":[{"href":"https:\/\/dogsofklaipeda.com\/index.php\/wp-json\/wp\/v2\/types\/product"}],"replies":[{"embeddable":true,"href":"https:\/\/dogsofklaipeda.com\/index.php\/wp-json\/wp\/v2\/comments?post=6983"}],"wp:featuredmedia":[{"embeddable":true,"href":"https:\/\/dogsofklaipeda.com\/index.php\/wp-json\/wp\/v2\/media\/7016"}],"wp:attachment":[{"href":"https:\/\/dogsofklaipeda.com\/index.php\/wp-json\/wp\/v2\/media?parent=6983"}],"wp:term":[{"taxonomy":"pwb-brand","embeddable":true,"href":"https:\/\/dogsofklaipeda.com\/index.php\/wp-json\/wp\/v2\/pwb-brand?post=6983"},{"taxonomy":"product_cat","embeddable":true,"href":"https:\/\/dogsofklaipeda.com\/index.php\/wp-json\/wp\/v2\/product_cat?post=6983"},{"taxonomy":"product_tag","embeddable":true,"href":"https:\/\/dogsofklaipeda.com\/index.php\/wp-json\/wp\/v2\/product_tag?post=6983"}],"curies":[{"name":"wp","href":"https:\/\/api.w.org\/{rel}","templated":true}]}}