{"id":7030,"date":"2023-04-14T14:56:35","date_gmt":"2023-04-14T14:56:35","guid":{"rendered":"https:\/\/dogsofklaipeda.com\/?post_type=product&#038;p=7030"},"modified":"2026-03-31T17:03:42","modified_gmt":"2026-03-31T17:03:42","slug":"the-mookind-bandana-pavasario-selsmas","status":"publish","type":"product","link":"https:\/\/dogsofklaipeda.com\/index.php\/product\/the-mookind-bandana-pavasario-selsmas\/","title":{"rendered":"The Mookind bandana &#8220;Pavasario \u0161\u0117lsmas&#8221;"},"content":{"rendered":"<p>Ypatingos, gra\u017eios, lietuvi\u0161ko prek\u0117s \u017eenklo The Moonkid gamybos bandanos! \u0160uo juk \u0161eimos narys, kuris irgi gali atrodyti stilingai, o bandan\u0173 variant\u0173 yra tiek daug, kad galima puo\u0161is tiek minimaliomis spalvomis, tiek ry\u0161kiais ra\u0161tais.<\/p>\n<p><strong>Med\u017eiaga:\u00a0<\/strong><br \/>\nBandana yra pagaminta i\u0161 100% medviln\u0117s<br \/>\nEtiket\u0117 yra 100% alkantara (sintetin\u0117 versta oda)<\/p>\n<p><strong>Prie\u017ei\u016bra:<\/strong><br \/>\nGalima skalbti skalbimo ma\u0161inoje, 30 laipsni\u0173 temperat\u016broje<br \/>\nD\u017eiovinti d\u017eiovykl\u0117je, ta\u010diau \u017eemoje temperat\u016broje<br \/>\nBandan\u0105 galima lyginti<br \/>\nNerekomenduojama naudoti baliklio<\/p>\n<p><strong>Dyd\u017eiai:<\/strong><br \/>\nM dydis: 36-50 cm (tinka tokioms veisl\u0117ms, kaip: borderkoliai, austral\u0173 aviganiai, lygiaplaukiai ir labradoro retriveriai, trumpaplaukiai koliai, austral\u0173 ganymo \u0161unys, vi\u017elai ir pan.)<\/p>\n","protected":false},"excerpt":{"rendered":"<p>Ypatingos, gra\u017eios, lietuvi\u0161ko prek\u0117s \u017eenklo The Moonkid gamybos bandanos! \u0160uo juk \u0161eimos narys, kuris irgi gali atrodyti stilingai, o bandan\u0173&hellip;<\/p>\n","protected":false},"featured_media":7031,"comment_status":"open","ping_status":"closed","template":"","meta":[],"pwb-brand":[128],"product_cat":[32,138,366],"product_tag":[],"class_list":{"0":"post-7030","1":"product","2":"type-product","3":"status-publish","4":"has-post-thumbnail","6":"pwb-brand-the-moonkid","7":"product_cat-aksesuarai","8":"product_cat-aksesuarai-moonkid","9":"product_cat-bandanos","10":"tm-no-options","12":"first","13":"instock","14":"purchasable","15":"product-type-simple"},"brands":[{"id":128,"name":"The Moonkid","slug":"the-moonkid"}],"_links":{"self":[{"href":"https:\/\/dogsofklaipeda.com\/index.php\/wp-json\/wp\/v2\/product\/7030","targetHints":{"allow":["GET"]}}],"collection":[{"href":"https:\/\/dogsofklaipeda.com\/index.php\/wp-json\/wp\/v2\/product"}],"about":[{"href":"https:\/\/dogsofklaipeda.com\/index.php\/wp-json\/wp\/v2\/types\/product"}],"replies":[{"embeddable":true,"href":"https:\/\/dogsofklaipeda.com\/index.php\/wp-json\/wp\/v2\/comments?post=7030"}],"wp:featuredmedia":[{"embeddable":true,"href":"https:\/\/dogsofklaipeda.com\/index.php\/wp-json\/wp\/v2\/media\/7031"}],"wp:attachment":[{"href":"https:\/\/dogsofklaipeda.com\/index.php\/wp-json\/wp\/v2\/media?parent=7030"}],"wp:term":[{"taxonomy":"pwb-brand","embeddable":true,"href":"https:\/\/dogsofklaipeda.com\/index.php\/wp-json\/wp\/v2\/pwb-brand?post=7030"},{"taxonomy":"product_cat","embeddable":true,"href":"https:\/\/dogsofklaipeda.com\/index.php\/wp-json\/wp\/v2\/product_cat?post=7030"},{"taxonomy":"product_tag","embeddable":true,"href":"https:\/\/dogsofklaipeda.com\/index.php\/wp-json\/wp\/v2\/product_tag?post=7030"}],"curies":[{"name":"wp","href":"https:\/\/api.w.org\/{rel}","templated":true}]}}