{"id":7256,"date":"2024-02-22T11:31:08","date_gmt":"2024-02-22T11:31:08","guid":{"rendered":"https:\/\/dogsofklaipeda.com\/?post_type=product&#038;p=7256"},"modified":"2026-02-15T08:50:06","modified_gmt":"2026-02-15T08:50:06","slug":"uostymo-kamuoliukas-nosequest","status":"publish","type":"product","link":"https:\/\/dogsofklaipeda.com\/index.php\/product\/uostymo-kamuoliukas-nosequest\/","title":{"rendered":"Uostymo kamuoliukas Nosequest"},"content":{"rendered":"<p><span style=\"font-weight: 400;\">Turb\u016bt da\u017enas m\u016bs\u0173 susiduria su dilema, kaip u\u017eimti namie kiurksant\u012f keturkoj\u012f, esant prastam orui ar \u012ftemptai dienotvarkei. Ilgainiui \u012fprasti b\u016bdai pabosta, tad nat\u016braliai ima kilti noras augintinio kasdienyb\u0119 praskaidrinti naujais potyriais. Vienas i\u0161 b\u016bd\u0173 t\u0105 padaryti <\/span><span style=\"font-weight: 400;\">\u2013<\/span><span style=\"font-weight: 400;\"> padovanoti \u0161uniui uostymo kamuoliuk\u0105!<\/span><\/p>\n<p><span style=\"font-weight: 400;\">Uostymas <\/span><span style=\"font-weight: 400;\">\u2013<\/span><span style=\"font-weight: 400;\"> tai visapusi\u0161kai naudinga veikla, padedanti \u0161uniui ne tik \u012fdomiai praleisti laik\u0105, ta\u010diau ir \u012fdarbinti savo nos\u012f bei smegenis. I\u0161traukti kamuoliuke slypin\u010dius skan\u0117stus <\/span><span style=\"font-weight: 400;\">\u2013<\/span><span style=\"font-weight: 400;\"> ne taip jau paprasta, mat kitaip nei uostymo kilim\u0117lis, \u0161is \u017eaislas veiksmo metu nenusp\u0117jamai juda.<\/span><\/p>\n<p><span style=\"font-weight: 400;\">B\u016btent \u0161ie uostymo kamuoliukai pagaminti i\u0161 tvirto fliso audinio ir susi\u016bti itin tankiai tam, jog maistas lengvai nei\u0161krist\u0173 ar \u0161uo jo nei\u0161purtyt\u0173. \u0160eimininkams, norintiems prailginti keturkojo maitinimo proces\u0105 ir apsaugoti savo itin greitai valgant\u012f augintin\u012f nuo vir\u0161kinimo problem\u0173, toks \u017eaislas <\/span><span style=\"font-weight: 400;\">\u2013 <\/span><span style=\"font-weight: 400;\">idealus pagalbininkas.\u00a0<\/span><\/p>\n<p><b>Atsi\u017evelgiant \u012f tai, kokio dyd\u017eio yra j\u016bs\u0173 \u0161uo, galite pasirinkti atitinkamos apimties kamuoliuk\u0105:<\/b><\/p>\n<p><span style=\"font-weight: 400;\">\u25aa\ufe0f19 cm<\/span><\/p>\n<p><span style=\"font-weight: 400;\">\u25aa\ufe0f15 cm<\/span><\/p>\n<p><span style=\"font-weight: 400;\">\u25aa\ufe0f11 cm<\/span><\/p>\n<p><span style=\"font-weight: 400;\">Tad nepraleiskite progos savo augintin\u012f nud\u017eiuginti maloniu u\u017esi\u0117mimu, nestokojan\u010diu gard\u017ei\u0173 skan\u0117st\u0173 ir j\u0173 atradimo d\u017eiaugsmo!<\/span><\/p>\n<p><strong>Prie\u017ei\u016bra: <\/strong>Skalbimo ma\u0161inoje rekomenduojame naudoti rank\u0173 plovimo program\u0105 arba skalbti ne didesn\u0117je negu 30 laipsni\u0173 temperat\u016broje bei naudoti iki 1000 apsuk\u0173. Ned\u017eiovinti d\u017eiovykl\u0117je. Geriausias rezultatas d\u017eiovinant i\u0161kedenti kelis kartus, kad med\u017eiaga nesusigult\u0173, o i\u0161likt\u0173 puri.<\/p>\n<p>Rekomenduojame kamuoliuk\u0105 duoti \u0161uniui tuomet, kai galite j\u012f pri\u017ei\u016br\u0117ti. Jei \u0161uo link\u0119s dr\u0105skyti daiktus, tuomet kamuoliukas tur\u0117t\u0173 b\u016bti duodamas tik su J\u016bs\u0173 grie\u017eta prie\u017ei\u016bra.<\/p>\n<p>U\u017esakant kamuoliuk\u0105, pasirinkite norim\u0105 spalv\u0173 kombinacij\u0105 ir dyd\u012f.<br \/>\nVisi Nosequest kamuoliukai yra rank\u0173 darbo, tod\u0117l jei kamuoliuko neturime sand\u0117lyje, jis bus pagamintas per 5 &#8211; 15 d.d.<\/p>\n","protected":false},"excerpt":{"rendered":"<p>Turb\u016bt da\u017enas m\u016bs\u0173 susiduria su dilema, kaip u\u017eimti namie kiurksant\u012f keturkoj\u012f, esant prastam orui ar \u012ftemptai dienotvarkei. Ilgainiui \u012fprasti b\u016bdai&hellip;<\/p>\n","protected":false},"featured_media":7259,"comment_status":"open","ping_status":"closed","template":"","meta":[],"pwb-brand":[502],"product_cat":[33,503],"product_tag":[],"class_list":{"0":"post-7256","1":"product","2":"type-product","3":"status-publish","4":"has-post-thumbnail","6":"pwb-brand-nosequest","7":"product_cat-zaislai","8":"product_cat-zaislai-nosequest","9":"tm-has-options","11":"first","12":"onbackorder","13":"purchasable","14":"product-type-simple"},"brands":[{"id":502,"name":"Nosequest","slug":"nosequest"}],"_links":{"self":[{"href":"https:\/\/dogsofklaipeda.com\/index.php\/wp-json\/wp\/v2\/product\/7256","targetHints":{"allow":["GET"]}}],"collection":[{"href":"https:\/\/dogsofklaipeda.com\/index.php\/wp-json\/wp\/v2\/product"}],"about":[{"href":"https:\/\/dogsofklaipeda.com\/index.php\/wp-json\/wp\/v2\/types\/product"}],"replies":[{"embeddable":true,"href":"https:\/\/dogsofklaipeda.com\/index.php\/wp-json\/wp\/v2\/comments?post=7256"}],"wp:featuredmedia":[{"embeddable":true,"href":"https:\/\/dogsofklaipeda.com\/index.php\/wp-json\/wp\/v2\/media\/7259"}],"wp:attachment":[{"href":"https:\/\/dogsofklaipeda.com\/index.php\/wp-json\/wp\/v2\/media?parent=7256"}],"wp:term":[{"taxonomy":"pwb-brand","embeddable":true,"href":"https:\/\/dogsofklaipeda.com\/index.php\/wp-json\/wp\/v2\/pwb-brand?post=7256"},{"taxonomy":"product_cat","embeddable":true,"href":"https:\/\/dogsofklaipeda.com\/index.php\/wp-json\/wp\/v2\/product_cat?post=7256"},{"taxonomy":"product_tag","embeddable":true,"href":"https:\/\/dogsofklaipeda.com\/index.php\/wp-json\/wp\/v2\/product_tag?post=7256"}],"curies":[{"name":"wp","href":"https:\/\/api.w.org\/{rel}","templated":true}]}}