{"id":7436,"date":"2024-10-05T14:57:58","date_gmt":"2024-10-05T14:57:58","guid":{"rendered":"https:\/\/dogsofklaipeda.com\/?post_type=product&#038;p=7436"},"modified":"2024-10-05T14:59:50","modified_gmt":"2024-10-05T14:59:50","slug":"hepidogo-kiseninis-zaislas-su-dirbtiniu-kailiu-ir-amortizuojancia-rankena","status":"publish","type":"product","link":"https:\/\/dogsofklaipeda.com\/index.php\/product\/hepidogo-kiseninis-zaislas-su-dirbtiniu-kailiu-ir-amortizuojancia-rankena\/","title":{"rendered":"Hepidogo ki\u0161eninis \u017eaislas su dirbtiniu kailiu ir amortizuojan\u010dia rankena"},"content":{"rendered":"<p><strong>Dirbtinio kailio \u017eaislas smagiems j\u016bs\u0173 \u017eaidimams!<br \/>\n<\/strong>\u0160is \u017eaislas skirtas \u017eaidimui dviese su \u0161unimi. Nepalikite augintinio savaranki\u0161kai \u017eaisti su \u017eaislu. \u017daid\u017eiant skatinkite \u0161uniuk\u0105 k\u0105sti ne \u012f ranken\u0105, o \u012f kail\u012f. \u017daisl\u0105 galima skalbti \u017eemoje temperat\u016broje, o i\u0161d\u017ei\u016bvus &#8211; pra\u0161ukuoti.<\/p>\n<p>V\u0117l metas \u017eaidimams!<\/p>\n<ul class=\"YInLPU\" data-hook=\"collapse-info-section\">\n<li class=\"KHWbzo undefined\" data-hook=\"collapse-info-item\">\n<p class=\"sUu73vP oA2OvM3---typography-11-runningText oA2OvM3---priority-7-primary _HOcyB x4nptw sxbtulv\" aria-hidden=\"false\" data-hook=\"info-section-title\">Svarbu!<br \/>\n<span style=\"font-family: inherit; font-size: 1.125rem;\">Visi Hepidogo produktai rank\u0173 darbo. \u017daislus gamina su r\u016bpes\u010diu ir meile, tad \u017eaislo gamyba gali u\u017etrukti nuo 5 iki 15 d.d.<\/span><\/p>\n<p>&nbsp;<\/p>\n<ul class=\"YInLPU\" data-hook=\"collapse-info-section\">\n<li class=\"KHWbzo undefined\" data-hook=\"collapse-info-item\">\n<p class=\"sUu73vP oA2OvM3---typography-11-runningText oA2OvM3---priority-7-primary _HOcyB x4nptw sxbtulv\" aria-hidden=\"false\" data-hook=\"info-section-title\">D\u0117mesio!<\/p>\n<div class=\"rah-static rah-static--height-auto\" aria-hidden=\"false\">\n<div class=\"ulKuLk QfrfFD cell\">\n<div class=\"zp8uy2\" data-hook=\"info-section-description\">\n<p dir=\"ltr\">Tam, jog gal\u0117tum\u0117te pasirinkti geriausiai j\u016bs\u0173 l\u016bkes\u010dius atitinkant\u012f variant\u0105, stengiam\u0117s suteikti kuo tikslesn\u0119 informacij\u0105 apie m\u016bs\u0173 produktus. Norime atkreipti d\u0117mes\u012f, jog kai kuriais atvejais\u00a0produkt\u0173 spalvos ir atspalviai gali \u0161iek tiek skirtis nuo t\u0173, kuriuos matote internetin\u0117je parduotuv\u0117je.<\/p>\n<p dir=\"ltr\">\u017dinome, kad ekran\u0173 nustatymai ir \u012fvair\u016bs monitori\u0173 ir \u012frengini\u0173 tipai gali paveikti spalv\u0173 atvaizdavim\u0105. Be to, kiekvienas produktas gali b\u016bti \u0161iek tiek kitokios spalvos arba atspalvio d\u0117l krintan\u010dios \u0161viesos fotografavimo metu.<\/p>\n<p><span style=\"font-family: inherit; font-size: 1.125rem;\">Stengiam\u0117s pateikti kiek \u012fmanoma daugiau vaizd\u0173, kurie atitinka reali\u0105 produkt\u0173 spalv\u0105.<\/span><\/p>\n<p><span style=\"font-family: inherit; font-size: 1.125rem;\">D\u0117kojame u\u017e j\u016bs\u0173 supratim\u0105 ir pasitik\u0117jim\u0105.<\/span><\/p>\n<\/div>\n<\/div>\n<\/div>\n<\/li>\n<\/ul>\n<p class=\"sUu73vP oA2OvM3---typography-11-runningText oA2OvM3---priority-7-primary _HOcyB x4nptw sxbtulv\" aria-hidden=\"false\" data-hook=\"info-section-title\"><span style=\"font-family: inherit; font-size: 1.125rem;\">\u00a0<\/span><\/p>\n<\/li>\n<\/ul>\n","protected":false},"excerpt":{"rendered":"<p>Dirbtinio kailio \u017eaislas smagiems j\u016bs\u0173 \u017eaidimams! \u0160is \u017eaislas skirtas \u017eaidimui dviese su \u0161unimi. Nepalikite augintinio savaranki\u0161kai \u017eaisti su \u017eaislu. \u017daid\u017eiant&hellip;<\/p>\n","protected":false},"featured_media":7438,"comment_status":"open","ping_status":"closed","template":"","meta":[],"pwb-brand":[188],"product_cat":[33,295],"product_tag":[],"class_list":{"0":"post-7436","1":"product","2":"type-product","3":"status-publish","4":"has-post-thumbnail","6":"pwb-brand-hepidogo","7":"product_cat-zaislai","8":"product_cat-zaislai-hepidogo","9":"tm-has-options","11":"first","12":"onbackorder","13":"purchasable","14":"product-type-simple"},"brands":[{"id":188,"name":"Hepidogo","slug":"hepidogo"}],"_links":{"self":[{"href":"https:\/\/dogsofklaipeda.com\/index.php\/wp-json\/wp\/v2\/product\/7436","targetHints":{"allow":["GET"]}}],"collection":[{"href":"https:\/\/dogsofklaipeda.com\/index.php\/wp-json\/wp\/v2\/product"}],"about":[{"href":"https:\/\/dogsofklaipeda.com\/index.php\/wp-json\/wp\/v2\/types\/product"}],"replies":[{"embeddable":true,"href":"https:\/\/dogsofklaipeda.com\/index.php\/wp-json\/wp\/v2\/comments?post=7436"}],"wp:featuredmedia":[{"embeddable":true,"href":"https:\/\/dogsofklaipeda.com\/index.php\/wp-json\/wp\/v2\/media\/7438"}],"wp:attachment":[{"href":"https:\/\/dogsofklaipeda.com\/index.php\/wp-json\/wp\/v2\/media?parent=7436"}],"wp:term":[{"taxonomy":"pwb-brand","embeddable":true,"href":"https:\/\/dogsofklaipeda.com\/index.php\/wp-json\/wp\/v2\/pwb-brand?post=7436"},{"taxonomy":"product_cat","embeddable":true,"href":"https:\/\/dogsofklaipeda.com\/index.php\/wp-json\/wp\/v2\/product_cat?post=7436"},{"taxonomy":"product_tag","embeddable":true,"href":"https:\/\/dogsofklaipeda.com\/index.php\/wp-json\/wp\/v2\/product_tag?post=7436"}],"curies":[{"name":"wp","href":"https:\/\/api.w.org\/{rel}","templated":true}]}}