{"id":7536,"date":"2025-04-28T11:15:11","date_gmt":"2025-04-28T11:15:11","guid":{"rendered":"https:\/\/dogsofklaipeda.com\/?post_type=product&#038;p=7536"},"modified":"2026-02-15T08:51:40","modified_gmt":"2026-02-15T08:51:40","slug":"hepidogo-zaislas-riestainis","status":"publish","type":"product","link":"https:\/\/dogsofklaipeda.com\/index.php\/product\/hepidogo-zaislas-riestainis\/","title":{"rendered":"Hepidogo \u017eaislas riestainis"},"content":{"rendered":"<p><strong>Nat\u016bralaus avies kailio \u017eaislas \u2013\u00a0riestainis<\/strong><\/p>\n<p>Nat\u016bralaus kailio riestainis \u2013 tikras \u0161uniuk\u0173 d\u017eiaugsmas!<\/p>\n<p>Kailio vieta skirta \u012fsikibti \u0161uniui, o kad \u017eaidimai b\u016bt\u0173 patogesni ir \u0161eimininkui, rankena padaryta su pamink\u0161tinimu ir amortizacija.<\/p>\n<p>\u0160is \u017eaislas skirtas \u017eaidimui dviese su \u0161unimi. Nepalikite augintinio savaranki\u0161kai \u017eaisti su \u017eaislu. \u017daid\u017eiant skatinkite \u0161uniuk\u0105 k\u0105sti ne \u012f ranken\u0105, o \u012f kail\u012f.<\/p>\n<p>Matmenys:<\/p>\n<div class=\"rah-static rah-static--height-auto\" aria-hidden=\"false\">\n<div>\n<div class=\"ulKuLk QfrfFD cell\">\n<div class=\"zp8uy2\" data-hook=\"info-section-description\">\n<p>Didesnis:<\/p>\n<ul>\n<li>Kailis 28 cm<\/li>\n<li>Pamink\u0161tinimas rankai 15 cm<\/li>\n<li>\u017daislo diametras 20 cm<\/li>\n<\/ul>\n<p>Ma\u017eesnis:<\/p>\n<ul>\n<li>Kailis 15 cm<\/li>\n<li>Pamink\u0161tinimas rankai 10 cm<\/li>\n<li>\u017daislo diametras 12 cmVisi Hepidogo produktai rank\u0173 darbo. \u017daislus gamina su r\u016bpes\u010diu ir meile, tad \u017eaislo gamyba gali u\u017etrukti nuo 5 iki 15 d.d.<\/li>\n<\/ul>\n<\/div>\n<\/div>\n<\/div>\n<\/div>\n","protected":false},"excerpt":{"rendered":"<p>Nat\u016bralaus avies kailio \u017eaislas \u2013\u00a0riestainis Nat\u016bralaus kailio riestainis \u2013 tikras \u0161uniuk\u0173 d\u017eiaugsmas! Kailio vieta skirta \u012fsikibti \u0161uniui, o kad \u017eaidimai&hellip;<\/p>\n","protected":false},"featured_media":7537,"comment_status":"open","ping_status":"closed","template":"","meta":[],"pwb-brand":[188],"product_cat":[33,295],"product_tag":[],"class_list":{"0":"post-7536","1":"product","2":"type-product","3":"status-publish","4":"has-post-thumbnail","6":"pwb-brand-hepidogo","7":"product_cat-zaislai","8":"product_cat-zaislai-hepidogo","9":"tm-has-options","11":"first","12":"onbackorder","13":"purchasable","14":"product-type-simple"},"brands":[{"id":188,"name":"Hepidogo","slug":"hepidogo"}],"_links":{"self":[{"href":"https:\/\/dogsofklaipeda.com\/index.php\/wp-json\/wp\/v2\/product\/7536","targetHints":{"allow":["GET"]}}],"collection":[{"href":"https:\/\/dogsofklaipeda.com\/index.php\/wp-json\/wp\/v2\/product"}],"about":[{"href":"https:\/\/dogsofklaipeda.com\/index.php\/wp-json\/wp\/v2\/types\/product"}],"replies":[{"embeddable":true,"href":"https:\/\/dogsofklaipeda.com\/index.php\/wp-json\/wp\/v2\/comments?post=7536"}],"wp:featuredmedia":[{"embeddable":true,"href":"https:\/\/dogsofklaipeda.com\/index.php\/wp-json\/wp\/v2\/media\/7537"}],"wp:attachment":[{"href":"https:\/\/dogsofklaipeda.com\/index.php\/wp-json\/wp\/v2\/media?parent=7536"}],"wp:term":[{"taxonomy":"pwb-brand","embeddable":true,"href":"https:\/\/dogsofklaipeda.com\/index.php\/wp-json\/wp\/v2\/pwb-brand?post=7536"},{"taxonomy":"product_cat","embeddable":true,"href":"https:\/\/dogsofklaipeda.com\/index.php\/wp-json\/wp\/v2\/product_cat?post=7536"},{"taxonomy":"product_tag","embeddable":true,"href":"https:\/\/dogsofklaipeda.com\/index.php\/wp-json\/wp\/v2\/product_tag?post=7536"}],"curies":[{"name":"wp","href":"https:\/\/api.w.org\/{rel}","templated":true}]}}