{"id":7595,"date":"2025-08-01T05:29:08","date_gmt":"2025-08-01T05:29:08","guid":{"rendered":"https:\/\/dogsofklaipeda.com\/?post_type=product&#038;p=7595"},"modified":"2025-12-11T17:40:48","modified_gmt":"2025-12-11T17:40:48","slug":"saugos-dirzas-augintiniui-rumla","status":"publish","type":"product","link":"https:\/\/dogsofklaipeda.com\/index.php\/product\/saugos-dirzas-augintiniui-rumla\/","title":{"rendered":"Saugos dir\u017eas augintiniui Rumla"},"content":{"rendered":"<p>Saugos dir\u017eas skirtas saugiam j\u016bs\u0173 augintinio trasportavimui automobilyje.<\/p>\n<ul>\n<li>Saugos dir\u017eas reguluojamas nuo 50cm iki 70cm;<\/li>\n<li>Universalios, juodos spalvos;<\/li>\n<li>Pritaikytas vis\u0173 marki\u0173 automobiliams;<\/li>\n<li>Segasi ir prie petne\u0161\u0173 ir prie antkaklio.<\/li>\n<\/ul>\n","protected":false},"excerpt":{"rendered":"<p>Saugos dir\u017eas skirtas saugiam j\u016bs\u0173 augintinio trasportavimui automobilyje. Saugos dir\u017eas reguluojamas nuo 50cm iki 70cm; Universalios, juodos spalvos; Pritaikytas vis\u0173&hellip;<\/p>\n","protected":false},"featured_media":7596,"comment_status":"open","ping_status":"closed","template":"","meta":[],"pwb-brand":[504],"product_cat":[544],"product_tag":[],"class_list":{"0":"post-7595","1":"product","2":"type-product","3":"status-publish","4":"has-post-thumbnail","6":"pwb-brand-rumla","7":"product_cat-aksesuarai-rumla","8":"tm-no-options","10":"first","11":"instock","12":"purchasable","13":"product-type-simple"},"brands":[{"id":504,"name":"Rumla","slug":"rumla"}],"_links":{"self":[{"href":"https:\/\/dogsofklaipeda.com\/index.php\/wp-json\/wp\/v2\/product\/7595","targetHints":{"allow":["GET"]}}],"collection":[{"href":"https:\/\/dogsofklaipeda.com\/index.php\/wp-json\/wp\/v2\/product"}],"about":[{"href":"https:\/\/dogsofklaipeda.com\/index.php\/wp-json\/wp\/v2\/types\/product"}],"replies":[{"embeddable":true,"href":"https:\/\/dogsofklaipeda.com\/index.php\/wp-json\/wp\/v2\/comments?post=7595"}],"wp:featuredmedia":[{"embeddable":true,"href":"https:\/\/dogsofklaipeda.com\/index.php\/wp-json\/wp\/v2\/media\/7596"}],"wp:attachment":[{"href":"https:\/\/dogsofklaipeda.com\/index.php\/wp-json\/wp\/v2\/media?parent=7595"}],"wp:term":[{"taxonomy":"pwb-brand","embeddable":true,"href":"https:\/\/dogsofklaipeda.com\/index.php\/wp-json\/wp\/v2\/pwb-brand?post=7595"},{"taxonomy":"product_cat","embeddable":true,"href":"https:\/\/dogsofklaipeda.com\/index.php\/wp-json\/wp\/v2\/product_cat?post=7595"},{"taxonomy":"product_tag","embeddable":true,"href":"https:\/\/dogsofklaipeda.com\/index.php\/wp-json\/wp\/v2\/product_tag?post=7595"}],"curies":[{"name":"wp","href":"https:\/\/api.w.org\/{rel}","templated":true}]}}